{"id":24265,"date":"2025-09-19T09:50:03","date_gmt":"2025-09-19T14:50:03","guid":{"rendered":"https:\/\/tiendaflex.ec\/?post_type=product&#038;p=24265"},"modified":"2026-02-24T12:09:23","modified_gmt":"2026-02-24T17:09:23","slug":"faldon-de-cama","status":"publish","type":"product","link":"https:\/\/tiendaflex.ec\/en\/product\/faldon-de-cama\/","title":{"rendered":"FALD\u00d3N DE CAMA"},"content":{"rendered":"","protected":false},"excerpt":{"rendered":"<p>Confeccionado en tela Bramante, nuestro fald\u00f3n de cama est\u00e1 dise\u00f1ado para brindar una ca\u00edda perfecta, cubriendo la base de tu colch\u00f3n y a\u00f1adiendo un toque de sofisticaci\u00f3n y orden a tu dormitorio.<br \/>\nIdeal para completar la decoraci\u00f3n y mantener un look impecable.<\/p>\n<p>\u2714\ufe0f Tela Bramante de alta calidad<br \/>\n\u2714\ufe0f Hecho a medida<br \/>\n\u2714\ufe0f Elegante y funcional<\/p>\n<p>\ud83d\udcf2 Cont\u00e1ctanos al +593984123231<\/p>\n<p>\u2728 Un detalle que transforma tu habitaci\u00f3n \u2728<\/p>","protected":false},"featured_media":24196,"comment_status":"open","ping_status":"closed","template":"","meta":{"_acf_changed":false},"product_brand":[],"product_cat":[677,728,642],"product_tag":[],"class_list":{"0":"post-24265","1":"product","2":"type-product","3":"status-publish","4":"has-post-thumbnail","6":"product_cat-descanso","7":"product_cat-protectores","8":"product_cat-ropa-de-cama","10":"first","11":"instock","12":"sale","13":"taxable","14":"shipping-taxable","15":"purchasable","16":"product-type-variable"},"acf":[],"_links":{"self":[{"href":"https:\/\/tiendaflex.ec\/en\/wp-json\/wp\/v2\/product\/24265","targetHints":{"allow":["GET"]}}],"collection":[{"href":"https:\/\/tiendaflex.ec\/en\/wp-json\/wp\/v2\/product"}],"about":[{"href":"https:\/\/tiendaflex.ec\/en\/wp-json\/wp\/v2\/types\/product"}],"replies":[{"embeddable":true,"href":"https:\/\/tiendaflex.ec\/en\/wp-json\/wp\/v2\/comments?post=24265"}],"version-history":[{"count":2,"href":"https:\/\/tiendaflex.ec\/en\/wp-json\/wp\/v2\/product\/24265\/revisions"}],"predecessor-version":[{"id":24272,"href":"https:\/\/tiendaflex.ec\/en\/wp-json\/wp\/v2\/product\/24265\/revisions\/24272"}],"wp:featuredmedia":[{"embeddable":true,"href":"https:\/\/tiendaflex.ec\/en\/wp-json\/wp\/v2\/media\/24196"}],"wp:attachment":[{"href":"https:\/\/tiendaflex.ec\/en\/wp-json\/wp\/v2\/media?parent=24265"}],"wp:term":[{"taxonomy":"product_brand","embeddable":true,"href":"https:\/\/tiendaflex.ec\/en\/wp-json\/wp\/v2\/product_brand?post=24265"},{"taxonomy":"product_cat","embeddable":true,"href":"https:\/\/tiendaflex.ec\/en\/wp-json\/wp\/v2\/product_cat?post=24265"},{"taxonomy":"product_tag","embeddable":true,"href":"https:\/\/tiendaflex.ec\/en\/wp-json\/wp\/v2\/product_tag?post=24265"}],"curies":[{"name":"wp","href":"https:\/\/api.w.org\/{rel}","templated":true}]}}