{"id":24241,"date":"2025-09-18T20:44:44","date_gmt":"2025-09-19T01:44:44","guid":{"rendered":"https:\/\/tiendaflex.ec\/?post_type=product&#038;p=24241"},"modified":"2025-09-18T20:46:54","modified_gmt":"2025-09-19T01:46:54","slug":"protector-de-colchon","status":"publish","type":"product","link":"https:\/\/tiendaflex.ec\/en\/product\/protector-de-colchon\/","title":{"rendered":"PROTECTOR DE COLCH\u00d3N"},"content":{"rendered":"","protected":false},"excerpt":{"rendered":"<p>Mant\u00e9n tu colch\u00f3n limpio y como nuevo con nuestros protectores de alta calidad. Elige entre la versi\u00f3n permeable, ideal para mayor frescura, o la versi\u00f3n impermeable, que brinda m\u00e1xima protecci\u00f3n contra l\u00edquidos.<br \/>\nIncluyen el\u00e1stico para un ajuste seguro y c\u00f3modo.<\/p>\n<p>\u2714\ufe0f Tipos: Permeable o Impermeable<br \/>\n\u2714\ufe0f Incluye el\u00e1stico<br \/>\n\u2714\ufe0f Variedad de tama\u00f1os<\/p>\n<p>\ud83d\udcf2 Cont\u00e1ctanos al +593984123231<\/p>\n<p>\u2728 Protege tu descanso y alarga la vida de tu colch\u00f3n \u2728<\/p>","protected":false},"featured_media":24197,"comment_status":"open","ping_status":"closed","template":"","meta":{"_acf_changed":false},"product_brand":[],"product_cat":[677,728,642],"product_tag":[],"class_list":{"0":"post-24241","1":"product","2":"type-product","3":"status-publish","4":"has-post-thumbnail","6":"product_cat-descanso","7":"product_cat-protectores","8":"product_cat-ropa-de-cama","10":"first","11":"instock","12":"sale","13":"taxable","14":"shipping-taxable","15":"purchasable","16":"product-type-variable"},"acf":[],"_links":{"self":[{"href":"https:\/\/tiendaflex.ec\/en\/wp-json\/wp\/v2\/product\/24241","targetHints":{"allow":["GET"]}}],"collection":[{"href":"https:\/\/tiendaflex.ec\/en\/wp-json\/wp\/v2\/product"}],"about":[{"href":"https:\/\/tiendaflex.ec\/en\/wp-json\/wp\/v2\/types\/product"}],"replies":[{"embeddable":true,"href":"https:\/\/tiendaflex.ec\/en\/wp-json\/wp\/v2\/comments?post=24241"}],"version-history":[{"count":2,"href":"https:\/\/tiendaflex.ec\/en\/wp-json\/wp\/v2\/product\/24241\/revisions"}],"predecessor-version":[{"id":24263,"href":"https:\/\/tiendaflex.ec\/en\/wp-json\/wp\/v2\/product\/24241\/revisions\/24263"}],"wp:featuredmedia":[{"embeddable":true,"href":"https:\/\/tiendaflex.ec\/en\/wp-json\/wp\/v2\/media\/24197"}],"wp:attachment":[{"href":"https:\/\/tiendaflex.ec\/en\/wp-json\/wp\/v2\/media?parent=24241"}],"wp:term":[{"taxonomy":"product_brand","embeddable":true,"href":"https:\/\/tiendaflex.ec\/en\/wp-json\/wp\/v2\/product_brand?post=24241"},{"taxonomy":"product_cat","embeddable":true,"href":"https:\/\/tiendaflex.ec\/en\/wp-json\/wp\/v2\/product_cat?post=24241"},{"taxonomy":"product_tag","embeddable":true,"href":"https:\/\/tiendaflex.ec\/en\/wp-json\/wp\/v2\/product_tag?post=24241"}],"curies":[{"name":"wp","href":"https:\/\/api.w.org\/{rel}","templated":true}]}}