{"id":24234,"date":"2025-09-18T20:22:51","date_gmt":"2025-09-19T01:22:51","guid":{"rendered":"https:\/\/tiendaflex.ec\/?post_type=product&#038;p=24234"},"modified":"2025-09-18T20:25:22","modified_gmt":"2025-09-19T01:25:22","slug":"protector-de-almohada","status":"publish","type":"product","link":"https:\/\/tiendaflex.ec\/en\/product\/protector-de-almohada\/","title":{"rendered":"PROTECTOR DE ALMOHADA"},"content":{"rendered":"","protected":false},"excerpt":{"rendered":"<p>Cuida tus almohadas y prolonga su vida \u00fatil con nuestros protectores de alta calidad. Disponibles en versi\u00f3n permeable para mayor frescura, o impermeable para una protecci\u00f3n total contra l\u00edquidos.<br \/>\nIncluyen cierre para un ajuste perfecto.<\/p>\n<p>\u2714\ufe0f Tipos: Permeable o Impermeable<br \/>\n\u2714\ufe0f Tama\u00f1os: 70\u00d750 cm y 90\u00d750 cm<br \/>\n\u2714\ufe0f Incluye cierre<\/p>\n<p>\ud83d\udcf2 Cont\u00e1ctanos al +593984123231<\/p>\n<p>\u2728 Protege tus almohadas y descansa con total tranquilidad \u2728<\/p>","protected":false},"featured_media":24201,"comment_status":"open","ping_status":"closed","template":"","meta":{"_acf_changed":false},"product_brand":[],"product_cat":[677,728,642],"product_tag":[],"class_list":{"0":"post-24234","1":"product","2":"type-product","3":"status-publish","4":"has-post-thumbnail","6":"product_cat-descanso","7":"product_cat-protectores","8":"product_cat-ropa-de-cama","10":"first","11":"instock","12":"sale","13":"taxable","14":"shipping-taxable","15":"purchasable","16":"product-type-variable"},"acf":[],"_links":{"self":[{"href":"https:\/\/tiendaflex.ec\/en\/wp-json\/wp\/v2\/product\/24234","targetHints":{"allow":["GET"]}}],"collection":[{"href":"https:\/\/tiendaflex.ec\/en\/wp-json\/wp\/v2\/product"}],"about":[{"href":"https:\/\/tiendaflex.ec\/en\/wp-json\/wp\/v2\/types\/product"}],"replies":[{"embeddable":true,"href":"https:\/\/tiendaflex.ec\/en\/wp-json\/wp\/v2\/comments?post=24234"}],"version-history":[{"count":2,"href":"https:\/\/tiendaflex.ec\/en\/wp-json\/wp\/v2\/product\/24234\/revisions"}],"predecessor-version":[{"id":24240,"href":"https:\/\/tiendaflex.ec\/en\/wp-json\/wp\/v2\/product\/24234\/revisions\/24240"}],"wp:featuredmedia":[{"embeddable":true,"href":"https:\/\/tiendaflex.ec\/en\/wp-json\/wp\/v2\/media\/24201"}],"wp:attachment":[{"href":"https:\/\/tiendaflex.ec\/en\/wp-json\/wp\/v2\/media?parent=24234"}],"wp:term":[{"taxonomy":"product_brand","embeddable":true,"href":"https:\/\/tiendaflex.ec\/en\/wp-json\/wp\/v2\/product_brand?post=24234"},{"taxonomy":"product_cat","embeddable":true,"href":"https:\/\/tiendaflex.ec\/en\/wp-json\/wp\/v2\/product_cat?post=24234"},{"taxonomy":"product_tag","embeddable":true,"href":"https:\/\/tiendaflex.ec\/en\/wp-json\/wp\/v2\/product_tag?post=24234"}],"curies":[{"name":"wp","href":"https:\/\/api.w.org\/{rel}","templated":true}]}}