{"id":24112,"date":"2025-09-16T23:03:49","date_gmt":"2025-09-17T04:03:49","guid":{"rendered":"https:\/\/tiendaflex.ec\/?post_type=product&#038;p=24112"},"modified":"2025-09-16T23:06:35","modified_gmt":"2025-09-17T04:06:35","slug":"almohada-estilo-americana","status":"publish","type":"product","link":"https:\/\/tiendaflex.ec\/en\/product\/almohada-estilo-americana\/","title":{"rendered":"ALMOHADA ESTILO AMERICANA"},"content":{"rendered":"","protected":false},"excerpt":{"rendered":"<p>Si buscas un descanso con mayor soporte, esta almohada es perfecta para ti. Con relleno de plum\u00f3n sint\u00e9tico y forro de 25% algod\u00f3n, brinda la combinaci\u00f3n ideal de firmeza, frescura y durabilidad.<\/p>\n<p>\u2714\ufe0f Firme y c\u00f3moda<br \/>\n\u2714\ufe0f Relleno: Plum\u00f3n sint\u00e9tico<br \/>\n\u2714\ufe0f Forro: 25% algod\u00f3n<br \/>\n\u2714\ufe0f Disponible en 2 tama\u00f1os<\/p>\n<p>\ud83d\udcf2 Cont\u00e1ctanos al +593984123231<\/p>\n<p>\u2728 Dale a tu descanso la firmeza que estabas buscando \u2728<\/p>","protected":false},"featured_media":24030,"comment_status":"open","ping_status":"closed","template":"","meta":{"_acf_changed":false},"product_brand":[],"product_cat":[664,677],"product_tag":[],"class_list":{"0":"post-24112","1":"product","2":"type-product","3":"status-publish","4":"has-post-thumbnail","6":"product_cat-almohadas","7":"product_cat-descanso","9":"first","10":"instock","11":"sale","12":"taxable","13":"shipping-taxable","14":"purchasable","15":"product-type-variable"},"acf":[],"_links":{"self":[{"href":"https:\/\/tiendaflex.ec\/en\/wp-json\/wp\/v2\/product\/24112","targetHints":{"allow":["GET"]}}],"collection":[{"href":"https:\/\/tiendaflex.ec\/en\/wp-json\/wp\/v2\/product"}],"about":[{"href":"https:\/\/tiendaflex.ec\/en\/wp-json\/wp\/v2\/types\/product"}],"replies":[{"embeddable":true,"href":"https:\/\/tiendaflex.ec\/en\/wp-json\/wp\/v2\/comments?post=24112"}],"version-history":[{"count":2,"href":"https:\/\/tiendaflex.ec\/en\/wp-json\/wp\/v2\/product\/24112\/revisions"}],"predecessor-version":[{"id":24116,"href":"https:\/\/tiendaflex.ec\/en\/wp-json\/wp\/v2\/product\/24112\/revisions\/24116"}],"wp:featuredmedia":[{"embeddable":true,"href":"https:\/\/tiendaflex.ec\/en\/wp-json\/wp\/v2\/media\/24030"}],"wp:attachment":[{"href":"https:\/\/tiendaflex.ec\/en\/wp-json\/wp\/v2\/media?parent=24112"}],"wp:term":[{"taxonomy":"product_brand","embeddable":true,"href":"https:\/\/tiendaflex.ec\/en\/wp-json\/wp\/v2\/product_brand?post=24112"},{"taxonomy":"product_cat","embeddable":true,"href":"https:\/\/tiendaflex.ec\/en\/wp-json\/wp\/v2\/product_cat?post=24112"},{"taxonomy":"product_tag","embeddable":true,"href":"https:\/\/tiendaflex.ec\/en\/wp-json\/wp\/v2\/product_tag?post=24112"}],"curies":[{"name":"wp","href":"https:\/\/api.w.org\/{rel}","templated":true}]}}