{"id":24090,"date":"2025-09-16T22:39:28","date_gmt":"2025-09-17T03:39:28","guid":{"rendered":"https:\/\/tiendaflex.ec\/?post_type=product&#038;p=24090"},"modified":"2025-09-16T22:39:28","modified_gmt":"2025-09-17T03:39:28","slug":"cobertor-bordado","status":"publish","type":"product","link":"https:\/\/tiendaflex.ec\/en\/product\/cobertor-bordado\/","title":{"rendered":"COBERTOR BORDADO"},"content":{"rendered":"","protected":false},"excerpt":{"rendered":"<p>Dale un toque sofisticado a tu habitaci\u00f3n con nuestros Cobertores Bordados, delgados y ligeros, perfectos si buscas frescura, estilo y un dise\u00f1o \u00fanico.<\/p>\n<p>\u2714\ufe0f Dise\u00f1o bordado con detalles elegantes<br \/>\n\u2714\ufe0f Delgados y ligeros, ideales para todo clima<br \/>\n\u2714\ufe0f Incluye fundas de almohada<br \/>\n\u2714\ufe0f Colores disponibles (consulta la carta)<\/p>\n<p>\ud83d\udcf2 Cont\u00e1ctanos: +593 984 123 231<\/p>\n<p>\ud83d\udc40\u2728 \u00a1Frescura, dise\u00f1o y elegancia en un solo cobertor!<\/p>","protected":false},"featured_media":24029,"comment_status":"open","ping_status":"closed","template":"","meta":{"_acf_changed":false},"product_brand":[],"product_cat":[636,677,642],"product_tag":[],"class_list":{"0":"post-24090","1":"product","2":"type-product","3":"status-publish","4":"has-post-thumbnail","6":"product_cat-cobertores","7":"product_cat-descanso","8":"product_cat-ropa-de-cama","10":"first","11":"instock","12":"sale","13":"taxable","14":"shipping-taxable","15":"purchasable","16":"product-type-variable"},"acf":[],"_links":{"self":[{"href":"https:\/\/tiendaflex.ec\/en\/wp-json\/wp\/v2\/product\/24090","targetHints":{"allow":["GET"]}}],"collection":[{"href":"https:\/\/tiendaflex.ec\/en\/wp-json\/wp\/v2\/product"}],"about":[{"href":"https:\/\/tiendaflex.ec\/en\/wp-json\/wp\/v2\/types\/product"}],"replies":[{"embeddable":true,"href":"https:\/\/tiendaflex.ec\/en\/wp-json\/wp\/v2\/comments?post=24090"}],"version-history":[{"count":2,"href":"https:\/\/tiendaflex.ec\/en\/wp-json\/wp\/v2\/product\/24090\/revisions"}],"predecessor-version":[{"id":24097,"href":"https:\/\/tiendaflex.ec\/en\/wp-json\/wp\/v2\/product\/24090\/revisions\/24097"}],"wp:featuredmedia":[{"embeddable":true,"href":"https:\/\/tiendaflex.ec\/en\/wp-json\/wp\/v2\/media\/24029"}],"wp:attachment":[{"href":"https:\/\/tiendaflex.ec\/en\/wp-json\/wp\/v2\/media?parent=24090"}],"wp:term":[{"taxonomy":"product_brand","embeddable":true,"href":"https:\/\/tiendaflex.ec\/en\/wp-json\/wp\/v2\/product_brand?post=24090"},{"taxonomy":"product_cat","embeddable":true,"href":"https:\/\/tiendaflex.ec\/en\/wp-json\/wp\/v2\/product_cat?post=24090"},{"taxonomy":"product_tag","embeddable":true,"href":"https:\/\/tiendaflex.ec\/en\/wp-json\/wp\/v2\/product_tag?post=24090"}],"curies":[{"name":"wp","href":"https:\/\/api.w.org\/{rel}","templated":true}]}}