{"id":24058,"date":"2025-09-16T22:01:57","date_gmt":"2025-09-17T03:01:57","guid":{"rendered":"https:\/\/tiendaflex.ec\/?post_type=product&#038;p=24058"},"modified":"2025-09-18T20:24:07","modified_gmt":"2025-09-19T01:24:07","slug":"plumon-acolchado-doble","status":"publish","type":"product","link":"https:\/\/tiendaflex.ec\/en\/product\/plumon-acolchado-doble\/","title":{"rendered":"PLUM\u00d3N ACOLCHADO DOBLE"},"content":{"rendered":"","protected":false},"excerpt":{"rendered":"<p>Eleva tu descanso con nuestro plum\u00f3n acolchado Doble, dise\u00f1ado para brindar mayor grosor y calidez en las noches m\u00e1s fr\u00edas.<\/p>\n<p>\u2714\ufe0f Material: 25% Algod\u00f3n<br \/>\n\u2714\ufe0f Relleno: Plum\u00f3n sint\u00e9tico<br \/>\n\u2714\ufe0f Grosor: 5 cm<br \/>\n\u2714\ufe0f Incluye ligas esquineras para sujetar al duvet<\/p>\n<p>\ud83d\udcf2 Cont\u00e1ctanos: +593 984 123 231<\/p>\n<p>\ud83d\udc40\u2728 \u00a1Abr\u00edgate con suavidad y disfruta de m\u00e1ximo confort!<\/p>","protected":false},"featured_media":24040,"comment_status":"open","ping_status":"closed","template":"","meta":{"_acf_changed":false},"product_brand":[],"product_cat":[677,643,642],"product_tag":[],"class_list":{"0":"post-24058","1":"product","2":"type-product","3":"status-publish","4":"has-post-thumbnail","6":"product_cat-descanso","7":"product_cat-edredones","8":"product_cat-ropa-de-cama","10":"first","11":"instock","12":"sale","13":"taxable","14":"shipping-taxable","15":"purchasable","16":"product-type-variable"},"acf":[],"_links":{"self":[{"href":"https:\/\/tiendaflex.ec\/en\/wp-json\/wp\/v2\/product\/24058","targetHints":{"allow":["GET"]}}],"collection":[{"href":"https:\/\/tiendaflex.ec\/en\/wp-json\/wp\/v2\/product"}],"about":[{"href":"https:\/\/tiendaflex.ec\/en\/wp-json\/wp\/v2\/types\/product"}],"replies":[{"embeddable":true,"href":"https:\/\/tiendaflex.ec\/en\/wp-json\/wp\/v2\/comments?post=24058"}],"version-history":[{"count":1,"href":"https:\/\/tiendaflex.ec\/en\/wp-json\/wp\/v2\/product\/24058\/revisions"}],"predecessor-version":[{"id":24064,"href":"https:\/\/tiendaflex.ec\/en\/wp-json\/wp\/v2\/product\/24058\/revisions\/24064"}],"wp:featuredmedia":[{"embeddable":true,"href":"https:\/\/tiendaflex.ec\/en\/wp-json\/wp\/v2\/media\/24040"}],"wp:attachment":[{"href":"https:\/\/tiendaflex.ec\/en\/wp-json\/wp\/v2\/media?parent=24058"}],"wp:term":[{"taxonomy":"product_brand","embeddable":true,"href":"https:\/\/tiendaflex.ec\/en\/wp-json\/wp\/v2\/product_brand?post=24058"},{"taxonomy":"product_cat","embeddable":true,"href":"https:\/\/tiendaflex.ec\/en\/wp-json\/wp\/v2\/product_cat?post=24058"},{"taxonomy":"product_tag","embeddable":true,"href":"https:\/\/tiendaflex.ec\/en\/wp-json\/wp\/v2\/product_tag?post=24058"}],"curies":[{"name":"wp","href":"https:\/\/api.w.org\/{rel}","templated":true}]}}