{"id":23947,"date":"2025-09-13T18:13:00","date_gmt":"2025-09-13T23:13:00","guid":{"rendered":"https:\/\/tiendaflex.ec\/?post_type=product&#038;p=23947"},"modified":"2025-09-17T12:17:07","modified_gmt":"2025-09-17T17:17:07","slug":"amazon-fire-7-kids","status":"publish","type":"product","link":"https:\/\/tiendaflex.ec\/en\/product\/amazon-fire-7-kids\/","title":{"rendered":"AMAZON FIRE 7 KIDS"},"content":{"rendered":"","protected":false},"excerpt":{"rendered":"<p>La tablet perfecta para que los ni\u00f1os aprendan y se diviertan de forma segura.<\/p>\n<p>\u2714\ufe0f Memoria RAM: 2 GB<br \/>\n\u2714\ufe0f Almacenamiento: 16 GB<br \/>\n\u2714\ufe0f Pantalla: 7\u201d<br \/>\n\u2714\ufe0f Panel Parental: Filtra contenido seg\u00fan la edad del ni\u00f1o \u2705<br \/>\n\u2714\ufe0f Duraci\u00f3n de bater\u00eda: Hasta 10 horas de lectura, videos, m\u00fasica o navegaci\u00f3n<br \/>\n\u2714\ufe0f Rendimiento mejorado: Procesador Quad Core hasta 30 % m\u00e1s r\u00e1pido<br \/>\n\u2714\ufe0f Incluye: Funda a prueba de ni\u00f1os con soporte<\/p>\n<p>\ud83d\udcf2 Cont\u00e1ctanos: +593 984 123 231<\/p>\n<p>\ud83c\udf89\u2728 \u00a1Diversi\u00f3n y aprendizaje seguros en una sola tablet!<\/p>","protected":false},"featured_media":23900,"comment_status":"open","ping_status":"closed","template":"","meta":{"_acf_changed":false},"product_brand":[],"product_cat":[666,549],"product_tag":[],"class_list":{"0":"post-23947","1":"product","2":"type-product","3":"status-publish","4":"has-post-thumbnail","6":"product_cat-asistentes-virtuales","7":"product_cat-electrodomesticos","9":"first","10":"instock","11":"sale","12":"taxable","13":"shipping-taxable","14":"purchasable","15":"product-type-simple"},"acf":[],"_links":{"self":[{"href":"https:\/\/tiendaflex.ec\/en\/wp-json\/wp\/v2\/product\/23947","targetHints":{"allow":["GET"]}}],"collection":[{"href":"https:\/\/tiendaflex.ec\/en\/wp-json\/wp\/v2\/product"}],"about":[{"href":"https:\/\/tiendaflex.ec\/en\/wp-json\/wp\/v2\/types\/product"}],"replies":[{"embeddable":true,"href":"https:\/\/tiendaflex.ec\/en\/wp-json\/wp\/v2\/comments?post=23947"}],"version-history":[{"count":1,"href":"https:\/\/tiendaflex.ec\/en\/wp-json\/wp\/v2\/product\/23947\/revisions"}],"predecessor-version":[{"id":23948,"href":"https:\/\/tiendaflex.ec\/en\/wp-json\/wp\/v2\/product\/23947\/revisions\/23948"}],"wp:featuredmedia":[{"embeddable":true,"href":"https:\/\/tiendaflex.ec\/en\/wp-json\/wp\/v2\/media\/23900"}],"wp:attachment":[{"href":"https:\/\/tiendaflex.ec\/en\/wp-json\/wp\/v2\/media?parent=23947"}],"wp:term":[{"taxonomy":"product_brand","embeddable":true,"href":"https:\/\/tiendaflex.ec\/en\/wp-json\/wp\/v2\/product_brand?post=23947"},{"taxonomy":"product_cat","embeddable":true,"href":"https:\/\/tiendaflex.ec\/en\/wp-json\/wp\/v2\/product_cat?post=23947"},{"taxonomy":"product_tag","embeddable":true,"href":"https:\/\/tiendaflex.ec\/en\/wp-json\/wp\/v2\/product_tag?post=23947"}],"curies":[{"name":"wp","href":"https:\/\/api.w.org\/{rel}","templated":true}]}}