{"id":23939,"date":"2025-09-13T18:04:30","date_gmt":"2025-09-13T23:04:30","guid":{"rendered":"https:\/\/tiendaflex.ec\/?post_type=product&#038;p=23939"},"modified":"2025-09-13T18:05:25","modified_gmt":"2025-09-13T23:05:25","slug":"mini-ventilador-xiaomi","status":"publish","type":"product","link":"https:\/\/tiendaflex.ec\/en\/product\/mini-ventilador-xiaomi\/","title":{"rendered":"MINI VENTILADOR XIAOMI"},"content":{"rendered":"","protected":false},"excerpt":{"rendered":"<p>Refresca tu espacio de manera pr\u00e1ctica y port\u00e1til, ideal para cualquier lugar.<\/p>\n<p>\u2714\ufe0f Ventilador inal\u00e1mbrico con bater\u00eda de larga duraci\u00f3n \ud83d\udd0b<br \/>\n\u2714\ufe0f 7 aspas para un flujo de aire potente<br \/>\n\u2714\ufe0f 18,5 h de autonom\u00eda con bater\u00eda de 4000 mAh \u23f3<br \/>\n\u2714\ufe0f Ventilaci\u00f3n gran angular de 90\u00b0 \u2194\ufe0f<br \/>\n\u2714\ufe0f 4 velocidades ajustables<br \/>\n\u2714\ufe0f Ventilaci\u00f3n silenciosa \ud83e\udd2b<br \/>\n\u2714\ufe0f Color: blanco \u26aa<\/p>\n<p>\ud83d\udcf2 Cont\u00e1ctanos: +593 984 123 231<\/p>\n<p>\ud83c\udf2c\ufe0f\ud83d\udca8 \u00a1Lleva la brisa a donde quieras!<\/p>","protected":false},"featured_media":23904,"comment_status":"open","ping_status":"closed","template":"","meta":{"_acf_changed":false},"product_brand":[],"product_cat":[544,590],"product_tag":[],"class_list":{"0":"post-23939","1":"product","2":"type-product","3":"status-publish","4":"has-post-thumbnail","6":"product_cat-agricultura-e-industria","7":"product_cat-ventiladores","9":"first","10":"instock","11":"sale","12":"taxable","13":"shipping-taxable","14":"purchasable","15":"product-type-simple"},"acf":[],"_links":{"self":[{"href":"https:\/\/tiendaflex.ec\/en\/wp-json\/wp\/v2\/product\/23939","targetHints":{"allow":["GET"]}}],"collection":[{"href":"https:\/\/tiendaflex.ec\/en\/wp-json\/wp\/v2\/product"}],"about":[{"href":"https:\/\/tiendaflex.ec\/en\/wp-json\/wp\/v2\/types\/product"}],"replies":[{"embeddable":true,"href":"https:\/\/tiendaflex.ec\/en\/wp-json\/wp\/v2\/comments?post=23939"}],"version-history":[{"count":1,"href":"https:\/\/tiendaflex.ec\/en\/wp-json\/wp\/v2\/product\/23939\/revisions"}],"predecessor-version":[{"id":23940,"href":"https:\/\/tiendaflex.ec\/en\/wp-json\/wp\/v2\/product\/23939\/revisions\/23940"}],"wp:featuredmedia":[{"embeddable":true,"href":"https:\/\/tiendaflex.ec\/en\/wp-json\/wp\/v2\/media\/23904"}],"wp:attachment":[{"href":"https:\/\/tiendaflex.ec\/en\/wp-json\/wp\/v2\/media?parent=23939"}],"wp:term":[{"taxonomy":"product_brand","embeddable":true,"href":"https:\/\/tiendaflex.ec\/en\/wp-json\/wp\/v2\/product_brand?post=23939"},{"taxonomy":"product_cat","embeddable":true,"href":"https:\/\/tiendaflex.ec\/en\/wp-json\/wp\/v2\/product_cat?post=23939"},{"taxonomy":"product_tag","embeddable":true,"href":"https:\/\/tiendaflex.ec\/en\/wp-json\/wp\/v2\/product_tag?post=23939"}],"curies":[{"name":"wp","href":"https:\/\/api.w.org\/{rel}","templated":true}]}}