{"id":23936,"date":"2025-09-13T18:01:21","date_gmt":"2025-09-13T23:01:21","guid":{"rendered":"https:\/\/tiendaflex.ec\/?post_type=product&#038;p=23936"},"modified":"2025-09-13T18:01:22","modified_gmt":"2025-09-13T23:01:22","slug":"compresor-de-aire-xiaomi","status":"publish","type":"product","link":"https:\/\/tiendaflex.ec\/en\/product\/compresor-de-aire-xiaomi\/","title":{"rendered":"COMPRESOR DE AIRE XIAOMI"},"content":{"rendered":"","protected":false},"excerpt":{"rendered":"<p>Compacto y potente, ideal para inflar neum\u00e1ticos de autos, bicicletas, balones y m\u00e1s.<\/p>\n<p>\u2714\ufe0f Temperatura de funcionamiento: -10\u00b0C a 45\u00b0C \u2744\ufe0f\u2600\ufe0f<br \/>\n\u2714\ufe0f Puerto de carga: Tipo-C \ud83d\udd0c<br \/>\n\u2714\ufe0f Voltaje de carga nominal: 5V &#8211; 2A<br \/>\n\u2714\ufe0f Tiempo de carga: aprox. 3 horas \u23f1\ufe0f<br \/>\n\u2714\ufe0f Contenido del paquete:<br \/>\n\u2705 Compresor de aire \u00d71<br \/>\n\u2705 Adaptador de v\u00e1lvula de conexi\u00f3n r\u00e1pida \u00d71<br \/>\n\u2705 Adaptador de v\u00e1lvula de aguja \u00d71<br \/>\n\u2705 Adaptador de v\u00e1lvula Presta \u00d71<br \/>\n\u2705 Bolsa de almacenamiento \u00d71<br \/>\n\u2705 Cable de carga \u00d71<\/p>\n<p>\ud83d\udcf2 Cont\u00e1ctanos: +593 984 123 231<\/p>\n<p>\ud83d\ude97\ud83d\udca8 \u00a1Inflar nunca fue tan f\u00e1cil y r\u00e1pido!<\/p>","protected":false},"featured_media":23899,"comment_status":"open","ping_status":"closed","template":"","meta":{"_acf_changed":false},"product_brand":[],"product_cat":[544,623],"product_tag":[],"class_list":{"0":"post-23936","1":"product","2":"type-product","3":"status-publish","4":"has-post-thumbnail","6":"product_cat-agricultura-e-industria","7":"product_cat-infladores-y-compresores","9":"first","10":"instock","11":"sale","12":"taxable","13":"shipping-taxable","14":"purchasable","15":"product-type-simple"},"acf":[],"_links":{"self":[{"href":"https:\/\/tiendaflex.ec\/en\/wp-json\/wp\/v2\/product\/23936","targetHints":{"allow":["GET"]}}],"collection":[{"href":"https:\/\/tiendaflex.ec\/en\/wp-json\/wp\/v2\/product"}],"about":[{"href":"https:\/\/tiendaflex.ec\/en\/wp-json\/wp\/v2\/types\/product"}],"replies":[{"embeddable":true,"href":"https:\/\/tiendaflex.ec\/en\/wp-json\/wp\/v2\/comments?post=23936"}],"version-history":[{"count":2,"href":"https:\/\/tiendaflex.ec\/en\/wp-json\/wp\/v2\/product\/23936\/revisions"}],"predecessor-version":[{"id":23938,"href":"https:\/\/tiendaflex.ec\/en\/wp-json\/wp\/v2\/product\/23936\/revisions\/23938"}],"wp:featuredmedia":[{"embeddable":true,"href":"https:\/\/tiendaflex.ec\/en\/wp-json\/wp\/v2\/media\/23899"}],"wp:attachment":[{"href":"https:\/\/tiendaflex.ec\/en\/wp-json\/wp\/v2\/media?parent=23936"}],"wp:term":[{"taxonomy":"product_brand","embeddable":true,"href":"https:\/\/tiendaflex.ec\/en\/wp-json\/wp\/v2\/product_brand?post=23936"},{"taxonomy":"product_cat","embeddable":true,"href":"https:\/\/tiendaflex.ec\/en\/wp-json\/wp\/v2\/product_cat?post=23936"},{"taxonomy":"product_tag","embeddable":true,"href":"https:\/\/tiendaflex.ec\/en\/wp-json\/wp\/v2\/product_tag?post=23936"}],"curies":[{"name":"wp","href":"https:\/\/api.w.org\/{rel}","templated":true}]}}