{"id":23932,"date":"2025-09-13T17:50:57","date_gmt":"2025-09-13T22:50:57","guid":{"rendered":"https:\/\/tiendaflex.ec\/?post_type=product&#038;p=23932"},"modified":"2025-09-13T17:50:57","modified_gmt":"2025-09-13T22:50:57","slug":"juego-de-destornilladores-xiaomi","status":"publish","type":"product","link":"https:\/\/tiendaflex.ec\/en\/product\/juego-de-destornilladores-xiaomi\/","title":{"rendered":"JUEGO DE DESTORNILLADORES XIAOMI"},"content":{"rendered":"","protected":false},"excerpt":{"rendered":"<p>La herramienta ideal para reparaciones r\u00e1pidas y profesionales en dispositivos electr\u00f3nicos, lentes, relojes y m\u00e1s.<\/p>\n<p>\u2714\ufe0f C\u00f3digo: 01-03-151<br \/>\n\u2714\ufe0f Destornillador el\u00e9ctrico de precisi\u00f3n \ud83d\udd0b<br \/>\n\u2714\ufe0f Caja de cambios met\u00e1lica resistente \u2699\ufe0f<br \/>\n\u2714\ufe0f Puntas de destornillador en acero S2 \ud83d\udd29<br \/>\n\u2714\ufe0f Puerto de carga USB Tipo-C \ud83d\udd0c<br \/>\n\u2714\ufe0f Tacto suave con presi\u00f3n sin esfuerzo \ud83e\udd32<\/p>\n<p>\ud83d\udcf2 Cont\u00e1ctanos: +593 984 123 231<\/p>\n<p>\ud83d\udd27 \u00a1Practicidad y tecnolog\u00eda en un solo set!<\/p>","protected":false},"featured_media":23907,"comment_status":"open","ping_status":"closed","template":"","meta":{"_acf_changed":false},"product_brand":[],"product_cat":[544,706],"product_tag":[],"class_list":{"0":"post-23932","1":"product","2":"type-product","3":"status-publish","4":"has-post-thumbnail","6":"product_cat-agricultura-e-industria","7":"product_cat-dados-y-accesorios","9":"first","10":"instock","11":"sale","12":"taxable","13":"shipping-taxable","14":"purchasable","15":"product-type-simple"},"acf":[],"_links":{"self":[{"href":"https:\/\/tiendaflex.ec\/en\/wp-json\/wp\/v2\/product\/23932","targetHints":{"allow":["GET"]}}],"collection":[{"href":"https:\/\/tiendaflex.ec\/en\/wp-json\/wp\/v2\/product"}],"about":[{"href":"https:\/\/tiendaflex.ec\/en\/wp-json\/wp\/v2\/types\/product"}],"replies":[{"embeddable":true,"href":"https:\/\/tiendaflex.ec\/en\/wp-json\/wp\/v2\/comments?post=23932"}],"version-history":[{"count":1,"href":"https:\/\/tiendaflex.ec\/en\/wp-json\/wp\/v2\/product\/23932\/revisions"}],"predecessor-version":[{"id":23933,"href":"https:\/\/tiendaflex.ec\/en\/wp-json\/wp\/v2\/product\/23932\/revisions\/23933"}],"wp:featuredmedia":[{"embeddable":true,"href":"https:\/\/tiendaflex.ec\/en\/wp-json\/wp\/v2\/media\/23907"}],"wp:attachment":[{"href":"https:\/\/tiendaflex.ec\/en\/wp-json\/wp\/v2\/media?parent=23932"}],"wp:term":[{"taxonomy":"product_brand","embeddable":true,"href":"https:\/\/tiendaflex.ec\/en\/wp-json\/wp\/v2\/product_brand?post=23932"},{"taxonomy":"product_cat","embeddable":true,"href":"https:\/\/tiendaflex.ec\/en\/wp-json\/wp\/v2\/product_cat?post=23932"},{"taxonomy":"product_tag","embeddable":true,"href":"https:\/\/tiendaflex.ec\/en\/wp-json\/wp\/v2\/product_tag?post=23932"}],"curies":[{"name":"wp","href":"https:\/\/api.w.org\/{rel}","templated":true}]}}