{"id":23873,"date":"2025-09-12T00:10:50","date_gmt":"2025-09-12T05:10:50","guid":{"rendered":"https:\/\/tiendaflex.ec\/?post_type=product&#038;p=23873"},"modified":"2025-09-12T00:11:12","modified_gmt":"2025-09-12T05:11:12","slug":"smart-watch-haylou-ls02-pro","status":"publish","type":"product","link":"https:\/\/tiendaflex.ec\/en\/product\/smart-watch-haylou-ls02-pro\/","title":{"rendered":"SMART WATCH HAYLOU LS02 PRO"},"content":{"rendered":"","protected":false},"excerpt":{"rendered":"<p>Lleva tu entrenamiento y bienestar al siguiente nivel con el Haylou LS02 Pro XIAOMI\ud83d\udcaa<\/p>\n<p>\u2714\ufe0f Caracter\u00edsticas principales:<br \/>\n\u2705 Pantalla ultragrande de 1,85\u201d<br \/>\n\u2705 M\u00e1s de 100 esferas de reloj disponibles<br \/>\n\u2705 100 modos de entrenamiento<br \/>\n\u2705 Registra pasos, distancia, calor\u00edas y m\u00e1s autom\u00e1ticamente<br \/>\n\u2705 Seguimiento din\u00e1mico de frecuencia card\u00edaca y ox\u00edgeno en sangre, incluso de noche<br \/>\n\u2705 Bater\u00eda de 250mAh<br \/>\n\u2705 Resistente al agua IP68<\/p>\n<p>\ud83d\udcf2 Cont\u00e1ctanos: +593 984 123 231<\/p>\n<p>\u2728 Tu compa\u00f1ero ideal para fitness y estilo.<\/p>","protected":false},"featured_media":23829,"comment_status":"open","ping_status":"closed","template":"","meta":{"_acf_changed":false},"product_brand":[],"product_cat":[721,633],"product_tag":[],"class_list":{"0":"post-23873","1":"product","2":"type-product","3":"status-publish","4":"has-post-thumbnail","6":"product_cat-smartwatch","7":"product_cat-tecnologia","9":"first","10":"instock","11":"sale","12":"taxable","13":"shipping-taxable","14":"purchasable","15":"product-type-simple"},"acf":[],"_links":{"self":[{"href":"https:\/\/tiendaflex.ec\/en\/wp-json\/wp\/v2\/product\/23873","targetHints":{"allow":["GET"]}}],"collection":[{"href":"https:\/\/tiendaflex.ec\/en\/wp-json\/wp\/v2\/product"}],"about":[{"href":"https:\/\/tiendaflex.ec\/en\/wp-json\/wp\/v2\/types\/product"}],"replies":[{"embeddable":true,"href":"https:\/\/tiendaflex.ec\/en\/wp-json\/wp\/v2\/comments?post=23873"}],"version-history":[{"count":1,"href":"https:\/\/tiendaflex.ec\/en\/wp-json\/wp\/v2\/product\/23873\/revisions"}],"predecessor-version":[{"id":23874,"href":"https:\/\/tiendaflex.ec\/en\/wp-json\/wp\/v2\/product\/23873\/revisions\/23874"}],"wp:featuredmedia":[{"embeddable":true,"href":"https:\/\/tiendaflex.ec\/en\/wp-json\/wp\/v2\/media\/23829"}],"wp:attachment":[{"href":"https:\/\/tiendaflex.ec\/en\/wp-json\/wp\/v2\/media?parent=23873"}],"wp:term":[{"taxonomy":"product_brand","embeddable":true,"href":"https:\/\/tiendaflex.ec\/en\/wp-json\/wp\/v2\/product_brand?post=23873"},{"taxonomy":"product_cat","embeddable":true,"href":"https:\/\/tiendaflex.ec\/en\/wp-json\/wp\/v2\/product_cat?post=23873"},{"taxonomy":"product_tag","embeddable":true,"href":"https:\/\/tiendaflex.ec\/en\/wp-json\/wp\/v2\/product_tag?post=23873"}],"curies":[{"name":"wp","href":"https:\/\/api.w.org\/{rel}","templated":true}]}}