{"id":23869,"date":"2025-09-12T00:06:14","date_gmt":"2025-09-12T05:06:14","guid":{"rendered":"https:\/\/tiendaflex.ec\/?post_type=product&#038;p=23869"},"modified":"2025-09-12T00:06:15","modified_gmt":"2025-09-12T05:06:15","slug":"xiaomi-soundbar-2-0","status":"publish","type":"product","link":"https:\/\/tiendaflex.ec\/en\/product\/xiaomi-soundbar-2-0\/","title":{"rendered":"XIAOMI SOUNDBAR 2.0"},"content":{"rendered":"","protected":false},"excerpt":{"rendered":"<p>Lleva tu experiencia de sonido al siguiente nivel con potencia y claridad envolvente \ud83c\udfb6<\/p>\n<p>\u2714\ufe0f Caracter\u00edsticas principales:<br \/>\n\u2705 Audio envolvente para tus pel\u00edculas, m\u00fasica y videojuegos<br \/>\n\u2705 F\u00e1cil configuraci\u00f3n plug-and-play<br \/>\n\u2705 Conectividad vers\u00e1til: Bluetooth, entrada auxiliar, entrada de aud\u00edfonos y entrada para cable \u00f3ptico<br \/>\n\u2705 Dise\u00f1o compacto y elegante: 78 x 5 x 6 cm<\/p>\n<p>\ud83d\udcf2 Cont\u00e1ctanos: +593 984 123 231<\/p>\n<p>\ud83c\udf1f Dale un sonido cinematogr\u00e1fico a tu hogar con la Xiaomi Soundbar 2.0.<\/p>","protected":false},"featured_media":23820,"comment_status":"open","ping_status":"closed","template":"","meta":{"_acf_changed":false},"product_brand":[],"product_cat":[608,549],"product_tag":[],"class_list":{"0":"post-23869","1":"product","2":"type-product","3":"status-publish","4":"has-post-thumbnail","6":"product_cat-audio-y-sonido","7":"product_cat-electrodomesticos","9":"first","10":"instock","11":"sale","12":"taxable","13":"shipping-taxable","14":"purchasable","15":"product-type-simple"},"acf":[],"_links":{"self":[{"href":"https:\/\/tiendaflex.ec\/en\/wp-json\/wp\/v2\/product\/23869","targetHints":{"allow":["GET"]}}],"collection":[{"href":"https:\/\/tiendaflex.ec\/en\/wp-json\/wp\/v2\/product"}],"about":[{"href":"https:\/\/tiendaflex.ec\/en\/wp-json\/wp\/v2\/types\/product"}],"replies":[{"embeddable":true,"href":"https:\/\/tiendaflex.ec\/en\/wp-json\/wp\/v2\/comments?post=23869"}],"version-history":[{"count":1,"href":"https:\/\/tiendaflex.ec\/en\/wp-json\/wp\/v2\/product\/23869\/revisions"}],"predecessor-version":[{"id":23870,"href":"https:\/\/tiendaflex.ec\/en\/wp-json\/wp\/v2\/product\/23869\/revisions\/23870"}],"wp:featuredmedia":[{"embeddable":true,"href":"https:\/\/tiendaflex.ec\/en\/wp-json\/wp\/v2\/media\/23820"}],"wp:attachment":[{"href":"https:\/\/tiendaflex.ec\/en\/wp-json\/wp\/v2\/media?parent=23869"}],"wp:term":[{"taxonomy":"product_brand","embeddable":true,"href":"https:\/\/tiendaflex.ec\/en\/wp-json\/wp\/v2\/product_brand?post=23869"},{"taxonomy":"product_cat","embeddable":true,"href":"https:\/\/tiendaflex.ec\/en\/wp-json\/wp\/v2\/product_cat?post=23869"},{"taxonomy":"product_tag","embeddable":true,"href":"https:\/\/tiendaflex.ec\/en\/wp-json\/wp\/v2\/product_tag?post=23869"}],"curies":[{"name":"wp","href":"https:\/\/api.w.org\/{rel}","templated":true}]}}