{"id":23855,"date":"2025-09-11T23:50:01","date_gmt":"2025-09-12T04:50:01","guid":{"rendered":"https:\/\/tiendaflex.ec\/?post_type=product&#038;p=23855"},"modified":"2025-09-11T23:50:03","modified_gmt":"2025-09-12T04:50:03","slug":"nest-wifi-router-us-snow","status":"publish","type":"product","link":"https:\/\/tiendaflex.ec\/en\/product\/nest-wifi-router-us-snow\/","title":{"rendered":"NEST WIFI ROUTER \u2013 US, SNOW"},"content":{"rendered":"","protected":false},"excerpt":{"rendered":"<p>Mant\u00e9n tu hogar completamente conectado con Google Nest WiFi, confiable y potente.<\/p>\n<p>\u2728 Caracter\u00edsticas principales:<br \/>\n\u2714\ufe0f Cobertura total para tu hogar con Wi-Fi confiable<br \/>\n\u2714\ufe0f Actualizaciones autom\u00e1ticas que mantienen tu red segura<br \/>\n\u2714\ufe0f Maneja hasta 200 dispositivos conectados<br \/>\n\u2714\ufe0f Transmisi\u00f3n simult\u00e1nea de m\u00faltiples videos 4K<br \/>\n\u2714\ufe0f Color: Blanco<\/p>\n<p>\ud83d\udce6 Incluye:<br \/>\n\u2714\ufe0f 1 Router WiFi Nest<br \/>\n\u2714\ufe0f 1 Cable Ethernet<br \/>\n\u2714\ufe0f 1 Adaptador de corriente<\/p>\n<p>\ud83d\udcde Contacto: +593984123231<\/p>\n<p>\ud83d\ude80 \u00a1Disfruta de Wi-Fi potente y estable en toda tu casa!<\/p>","protected":false},"featured_media":23808,"comment_status":"open","ping_status":"closed","template":"","meta":{"_acf_changed":false},"product_brand":[],"product_cat":[676,547],"product_tag":[],"class_list":{"0":"post-23855","1":"product","2":"type-product","3":"status-publish","4":"has-post-thumbnail","6":"product_cat-equipos-de-red","7":"product_cat-tecnologia-del-hogar","9":"first","10":"instock","11":"sale","12":"taxable","13":"shipping-taxable","14":"purchasable","15":"product-type-simple"},"acf":[],"_links":{"self":[{"href":"https:\/\/tiendaflex.ec\/en\/wp-json\/wp\/v2\/product\/23855","targetHints":{"allow":["GET"]}}],"collection":[{"href":"https:\/\/tiendaflex.ec\/en\/wp-json\/wp\/v2\/product"}],"about":[{"href":"https:\/\/tiendaflex.ec\/en\/wp-json\/wp\/v2\/types\/product"}],"replies":[{"embeddable":true,"href":"https:\/\/tiendaflex.ec\/en\/wp-json\/wp\/v2\/comments?post=23855"}],"version-history":[{"count":1,"href":"https:\/\/tiendaflex.ec\/en\/wp-json\/wp\/v2\/product\/23855\/revisions"}],"predecessor-version":[{"id":23856,"href":"https:\/\/tiendaflex.ec\/en\/wp-json\/wp\/v2\/product\/23855\/revisions\/23856"}],"wp:featuredmedia":[{"embeddable":true,"href":"https:\/\/tiendaflex.ec\/en\/wp-json\/wp\/v2\/media\/23808"}],"wp:attachment":[{"href":"https:\/\/tiendaflex.ec\/en\/wp-json\/wp\/v2\/media?parent=23855"}],"wp:term":[{"taxonomy":"product_brand","embeddable":true,"href":"https:\/\/tiendaflex.ec\/en\/wp-json\/wp\/v2\/product_brand?post=23855"},{"taxonomy":"product_cat","embeddable":true,"href":"https:\/\/tiendaflex.ec\/en\/wp-json\/wp\/v2\/product_cat?post=23855"},{"taxonomy":"product_tag","embeddable":true,"href":"https:\/\/tiendaflex.ec\/en\/wp-json\/wp\/v2\/product_tag?post=23855"}],"curies":[{"name":"wp","href":"https:\/\/api.w.org\/{rel}","templated":true}]}}