{"id":23847,"date":"2025-09-11T23:39:44","date_gmt":"2025-09-12T04:39:44","guid":{"rendered":"https:\/\/tiendaflex.ec\/?post_type=product&#038;p=23847"},"modified":"2025-09-11T23:39:44","modified_gmt":"2025-09-12T04:39:44","slug":"mx4300-router-wireless-linksys","status":"publish","type":"product","link":"https:\/\/tiendaflex.ec\/en\/product\/mx4300-router-wireless-linksys\/","title":{"rendered":"MX4300 &#8211; ROUTER WIRELESS LINKSYS"},"content":{"rendered":"","protected":false},"excerpt":{"rendered":"<p>Disfruta de Internet ultra r\u00e1pido y seguro con la \u00faltima tecnolog\u00eda en routers.<\/p>\n<p>\u2728 Caracter\u00edsticas principales:<br \/>\n\u2714\ufe0f Marca: Linksys<br \/>\n\u2714\ufe0f Modelo: MX4300<br \/>\n\u2714\ufe0f Wi-Fi\u00ae 6 de triple banda para velocidades de hasta 4,2 Gbps<br \/>\n\u2714\ufe0f Configuraci\u00f3n Plug-n-Play, r\u00e1pida y sencilla<br \/>\n\u2714\ufe0f Controles parentales mejorados y red para invitados<br \/>\n\u2714\ufe0f Color: Blanco<\/p>\n<p>\ud83d\udce6 Incluye en el empaque:<br \/>\n\u2714\ufe0f 1 Router Linksys MX4300<br \/>\n\u2714\ufe0f 1 Cable Ethernet<br \/>\n\u2714\ufe0f 1 Adaptador de corriente con enchufes intercambiables (12V, 3A)<br \/>\n\u2714\ufe0f Gu\u00eda de inicio r\u00e1pido<\/p>\n<p>\ud83d\udcde Contacto: +593984123231<\/p>\n<p>\ud83d\ude80 \u00a1Maximiza tu conexi\u00f3n con el Router Wireless Linksys MX4300!<\/p>","protected":false},"featured_media":23812,"comment_status":"open","ping_status":"closed","template":"","meta":{"_acf_changed":false},"product_brand":[],"product_cat":[676,547],"product_tag":[],"class_list":{"0":"post-23847","1":"product","2":"type-product","3":"status-publish","4":"has-post-thumbnail","6":"product_cat-equipos-de-red","7":"product_cat-tecnologia-del-hogar","9":"first","10":"instock","11":"sale","12":"taxable","13":"shipping-taxable","14":"purchasable","15":"product-type-simple"},"acf":[],"_links":{"self":[{"href":"https:\/\/tiendaflex.ec\/en\/wp-json\/wp\/v2\/product\/23847","targetHints":{"allow":["GET"]}}],"collection":[{"href":"https:\/\/tiendaflex.ec\/en\/wp-json\/wp\/v2\/product"}],"about":[{"href":"https:\/\/tiendaflex.ec\/en\/wp-json\/wp\/v2\/types\/product"}],"replies":[{"embeddable":true,"href":"https:\/\/tiendaflex.ec\/en\/wp-json\/wp\/v2\/comments?post=23847"}],"version-history":[{"count":1,"href":"https:\/\/tiendaflex.ec\/en\/wp-json\/wp\/v2\/product\/23847\/revisions"}],"predecessor-version":[{"id":23848,"href":"https:\/\/tiendaflex.ec\/en\/wp-json\/wp\/v2\/product\/23847\/revisions\/23848"}],"wp:featuredmedia":[{"embeddable":true,"href":"https:\/\/tiendaflex.ec\/en\/wp-json\/wp\/v2\/media\/23812"}],"wp:attachment":[{"href":"https:\/\/tiendaflex.ec\/en\/wp-json\/wp\/v2\/media?parent=23847"}],"wp:term":[{"taxonomy":"product_brand","embeddable":true,"href":"https:\/\/tiendaflex.ec\/en\/wp-json\/wp\/v2\/product_brand?post=23847"},{"taxonomy":"product_cat","embeddable":true,"href":"https:\/\/tiendaflex.ec\/en\/wp-json\/wp\/v2\/product_cat?post=23847"},{"taxonomy":"product_tag","embeddable":true,"href":"https:\/\/tiendaflex.ec\/en\/wp-json\/wp\/v2\/product_tag?post=23847"}],"curies":[{"name":"wp","href":"https:\/\/api.w.org\/{rel}","templated":true}]}}