{"id":23845,"date":"2025-09-11T23:38:11","date_gmt":"2025-09-12T04:38:11","guid":{"rendered":"https:\/\/tiendaflex.ec\/?post_type=product&#038;p=23845"},"modified":"2025-09-11T23:38:11","modified_gmt":"2025-09-12T04:38:11","slug":"power-bank-two-way-20000-mah","status":"publish","type":"product","link":"https:\/\/tiendaflex.ec\/en\/product\/power-bank-two-way-20000-mah\/","title":{"rendered":"POWER BANK TWO WAY 20000 mAh"},"content":{"rendered":"","protected":false},"excerpt":{"rendered":"<p>Energ\u00eda port\u00e1til y confiable para que nunca te quedes sin carga en tu d\u00eda a d\u00eda.<\/p>\n<p>\u2728 Caracter\u00edsticas principales:<br \/>\n\u2714\ufe0f Capacidad: 20000 mAh \u2013 carga todo el d\u00eda<br \/>\n\u2714\ufe0f Pantalla digital inteligente para monitorear la bater\u00eda<br \/>\n\u2714\ufe0f Carga r\u00e1pida 22,5W<br \/>\n\u2714\ufe0f Conectividad: 2 puertos USB + 1 puerto Tipo C<br \/>\n\u2714\ufe0f Dise\u00f1o port\u00e1til y compacto, ligero y pr\u00e1ctico<br \/>\n\u2714\ufe0f Disponible en color Blanco (C\u00d3DIGO: 04-04-054) y Negro (C\u00d3DIGO: 04-04-055)<\/p>\n<p>\ud83d\udcde Cont\u00e1ctanos: +593984123231<\/p>\n<p>\ud83d\udd0b \u00a1Mant\u00e9n todos tus dispositivos listos con el Power Bank Two Way 20000 mAh!<\/p>","protected":false},"featured_media":23813,"comment_status":"open","ping_status":"closed","template":"","meta":{"_acf_changed":false},"product_brand":[],"product_cat":[720,633],"product_tag":[],"class_list":{"0":"post-23845","1":"product","2":"type-product","3":"status-publish","4":"has-post-thumbnail","6":"product_cat-energia-portatil","7":"product_cat-tecnologia","9":"first","10":"instock","11":"sale","12":"taxable","13":"shipping-taxable","14":"purchasable","15":"product-type-simple"},"acf":[],"_links":{"self":[{"href":"https:\/\/tiendaflex.ec\/en\/wp-json\/wp\/v2\/product\/23845","targetHints":{"allow":["GET"]}}],"collection":[{"href":"https:\/\/tiendaflex.ec\/en\/wp-json\/wp\/v2\/product"}],"about":[{"href":"https:\/\/tiendaflex.ec\/en\/wp-json\/wp\/v2\/types\/product"}],"replies":[{"embeddable":true,"href":"https:\/\/tiendaflex.ec\/en\/wp-json\/wp\/v2\/comments?post=23845"}],"version-history":[{"count":1,"href":"https:\/\/tiendaflex.ec\/en\/wp-json\/wp\/v2\/product\/23845\/revisions"}],"predecessor-version":[{"id":23846,"href":"https:\/\/tiendaflex.ec\/en\/wp-json\/wp\/v2\/product\/23845\/revisions\/23846"}],"wp:featuredmedia":[{"embeddable":true,"href":"https:\/\/tiendaflex.ec\/en\/wp-json\/wp\/v2\/media\/23813"}],"wp:attachment":[{"href":"https:\/\/tiendaflex.ec\/en\/wp-json\/wp\/v2\/media?parent=23845"}],"wp:term":[{"taxonomy":"product_brand","embeddable":true,"href":"https:\/\/tiendaflex.ec\/en\/wp-json\/wp\/v2\/product_brand?post=23845"},{"taxonomy":"product_cat","embeddable":true,"href":"https:\/\/tiendaflex.ec\/en\/wp-json\/wp\/v2\/product_cat?post=23845"},{"taxonomy":"product_tag","embeddable":true,"href":"https:\/\/tiendaflex.ec\/en\/wp-json\/wp\/v2\/product_tag?post=23845"}],"curies":[{"name":"wp","href":"https:\/\/api.w.org\/{rel}","templated":true}]}}