{"id":23152,"date":"2025-09-06T21:34:08","date_gmt":"2025-09-07T02:34:08","guid":{"rendered":"https:\/\/tiendaflex.ec\/?post_type=product&#038;p=23152"},"modified":"2025-09-08T20:55:07","modified_gmt":"2025-09-09T01:55:07","slug":"juego-de-llaves-mixtas-14-pzs","status":"publish","type":"product","link":"https:\/\/tiendaflex.ec\/en\/product\/juego-de-llaves-mixtas-14-pzs\/","title":{"rendered":"JUEGO DE LLAVES MIXTAS 14 PZS"},"content":{"rendered":"","protected":false},"excerpt":{"rendered":"<p>El Juego de Llaves Mixtas Stanley est\u00e1 dise\u00f1ado para trabajos exigentes, combinando 14 medidas m\u00e9tricas en un solo set, ideal para uso profesional y dom\u00e9stico. Mant\u00e9n tus herramientas organizadas y listas para cualquier proyecto.<\/p>\n<ul>\n<li>Marca: STANLEY<\/li>\n<\/ul>\n<p>\u2714\ufe0f Incluye 14 llaves combinadas<br \/>\n\u2714\ufe0f Medidas: 10, 11, 12, 13, 14, 17, 19, 21, 22, 23, 24, 26, 30 y 32 mm<\/p>\n<p>\ud83d\udcde Cont\u00e1ctanos: +593984123231<\/p>\n<p>\u26a1 \u00a1La calidad Stanley que necesitas para cualquier proyecto est\u00e1 en este set de llaves! \u26a1<\/p>","protected":false},"featured_media":23094,"comment_status":"open","ping_status":"closed","template":"","meta":{"_acf_changed":false},"product_brand":[],"product_cat":[544,706],"product_tag":[],"class_list":{"0":"post-23152","1":"product","2":"type-product","3":"status-publish","4":"has-post-thumbnail","6":"product_cat-agricultura-e-industria","7":"product_cat-dados-y-accesorios","9":"first","10":"instock","11":"sale","12":"taxable","13":"shipping-taxable","14":"purchasable","15":"product-type-simple"},"acf":[],"_links":{"self":[{"href":"https:\/\/tiendaflex.ec\/en\/wp-json\/wp\/v2\/product\/23152","targetHints":{"allow":["GET"]}}],"collection":[{"href":"https:\/\/tiendaflex.ec\/en\/wp-json\/wp\/v2\/product"}],"about":[{"href":"https:\/\/tiendaflex.ec\/en\/wp-json\/wp\/v2\/types\/product"}],"replies":[{"embeddable":true,"href":"https:\/\/tiendaflex.ec\/en\/wp-json\/wp\/v2\/comments?post=23152"}],"version-history":[{"count":2,"href":"https:\/\/tiendaflex.ec\/en\/wp-json\/wp\/v2\/product\/23152\/revisions"}],"predecessor-version":[{"id":23355,"href":"https:\/\/tiendaflex.ec\/en\/wp-json\/wp\/v2\/product\/23152\/revisions\/23355"}],"wp:featuredmedia":[{"embeddable":true,"href":"https:\/\/tiendaflex.ec\/en\/wp-json\/wp\/v2\/media\/23094"}],"wp:attachment":[{"href":"https:\/\/tiendaflex.ec\/en\/wp-json\/wp\/v2\/media?parent=23152"}],"wp:term":[{"taxonomy":"product_brand","embeddable":true,"href":"https:\/\/tiendaflex.ec\/en\/wp-json\/wp\/v2\/product_brand?post=23152"},{"taxonomy":"product_cat","embeddable":true,"href":"https:\/\/tiendaflex.ec\/en\/wp-json\/wp\/v2\/product_cat?post=23152"},{"taxonomy":"product_tag","embeddable":true,"href":"https:\/\/tiendaflex.ec\/en\/wp-json\/wp\/v2\/product_tag?post=23152"}],"curies":[{"name":"wp","href":"https:\/\/api.w.org\/{rel}","templated":true}]}}