{"id":23150,"date":"2025-09-06T21:32:40","date_gmt":"2025-09-07T02:32:40","guid":{"rendered":"https:\/\/tiendaflex.ec\/?post_type=product&#038;p=23150"},"modified":"2025-09-08T20:55:21","modified_gmt":"2025-09-09T01:55:21","slug":"juego-de-llaves-mixtas-20-piezas-8-18mm","status":"publish","type":"product","link":"https:\/\/tiendaflex.ec\/en\/product\/juego-de-llaves-mixtas-20-piezas-8-18mm\/","title":{"rendered":"JUEGO DE LLAVES MIXTAS 20 PIEZAS 8-18MM"},"content":{"rendered":"","protected":false},"excerpt":{"rendered":"<p>El Juego de Llaves Mixtas Stanley es ideal para trabajos de precisi\u00f3n y uso diario, combinando medidas m\u00e9tricas y en pulgadas en un solo kit. Su dispensador pl\u00e1stico port\u00e1til facilita el almacenamiento y transporte, manteniendo tus herramientas siempre organizadas.<\/p>\n<ul>\n<li>Marca: STANLEY<\/li>\n<\/ul>\n<p>\u2714\ufe0f Incluye 20 llaves combinadas m\u00e9tricas y en pulgadas<br \/>\n\u2714\ufe0f Medidas m\u00e9tricas: 8, 9, 11, 12, 13, 14, 15, 17 y 18 mm<br \/>\n\u2714\ufe0f Medidas en pulgadas: 1\/4&#8243;\u00bb a 7\/8&#8243;\u00bb<br \/>\n\u2714\ufe0f Dispensador pl\u00e1stico port\u00e1til para f\u00e1cil almacenamiento y transporte<\/p>\n<p>\ud83d\udcde Cont\u00e1ctanos: +593984123231<\/p>\n<p>\u26a1 \u00a1Todo lo que necesitas en un solo juego de llaves, con la calidad Stanley! \u26a1<\/p>","protected":false},"featured_media":23093,"comment_status":"open","ping_status":"closed","template":"","meta":{"_acf_changed":false},"product_brand":[],"product_cat":[544,706],"product_tag":[],"class_list":{"0":"post-23150","1":"product","2":"type-product","3":"status-publish","4":"has-post-thumbnail","6":"product_cat-agricultura-e-industria","7":"product_cat-dados-y-accesorios","9":"first","10":"instock","11":"sale","12":"taxable","13":"shipping-taxable","14":"purchasable","15":"product-type-simple"},"acf":[],"_links":{"self":[{"href":"https:\/\/tiendaflex.ec\/en\/wp-json\/wp\/v2\/product\/23150","targetHints":{"allow":["GET"]}}],"collection":[{"href":"https:\/\/tiendaflex.ec\/en\/wp-json\/wp\/v2\/product"}],"about":[{"href":"https:\/\/tiendaflex.ec\/en\/wp-json\/wp\/v2\/types\/product"}],"replies":[{"embeddable":true,"href":"https:\/\/tiendaflex.ec\/en\/wp-json\/wp\/v2\/comments?post=23150"}],"version-history":[{"count":2,"href":"https:\/\/tiendaflex.ec\/en\/wp-json\/wp\/v2\/product\/23150\/revisions"}],"predecessor-version":[{"id":23356,"href":"https:\/\/tiendaflex.ec\/en\/wp-json\/wp\/v2\/product\/23150\/revisions\/23356"}],"wp:featuredmedia":[{"embeddable":true,"href":"https:\/\/tiendaflex.ec\/en\/wp-json\/wp\/v2\/media\/23093"}],"wp:attachment":[{"href":"https:\/\/tiendaflex.ec\/en\/wp-json\/wp\/v2\/media?parent=23150"}],"wp:term":[{"taxonomy":"product_brand","embeddable":true,"href":"https:\/\/tiendaflex.ec\/en\/wp-json\/wp\/v2\/product_brand?post=23150"},{"taxonomy":"product_cat","embeddable":true,"href":"https:\/\/tiendaflex.ec\/en\/wp-json\/wp\/v2\/product_cat?post=23150"},{"taxonomy":"product_tag","embeddable":true,"href":"https:\/\/tiendaflex.ec\/en\/wp-json\/wp\/v2\/product_tag?post=23150"}],"curies":[{"name":"wp","href":"https:\/\/api.w.org\/{rel}","templated":true}]}}