{"id":23107,"date":"2025-09-06T13:08:36","date_gmt":"2025-09-06T18:08:36","guid":{"rendered":"https:\/\/tiendaflex.ec\/?post_type=product&#038;p=23107"},"modified":"2025-09-17T12:53:41","modified_gmt":"2025-09-17T17:53:41","slug":"stst511304-cinturon-para-herramientas","status":"publish","type":"product","link":"https:\/\/tiendaflex.ec\/en\/product\/stst511304-cinturon-para-herramientas\/","title":{"rendered":"STST511304 &#8211; CINTUR\u00d3N PARA HERRAMIENTAS"},"content":{"rendered":"","protected":false},"excerpt":{"rendered":"<p>Pr\u00e1ctico cintur\u00f3n para mantener tus herramientas siempre a mano, ideal para trabajos de construcci\u00f3n y bricolaje.<\/p>\n<ul>\n<li>Marca STANLEY<\/li>\n<\/ul>\n<p>\u2714\ufe0f Dise\u00f1o doble para mayor capacidad<br \/>\n\u2714\ufe0f Ajustable y c\u00f3modo para todo tipo de usuarios<br \/>\n\u2714\ufe0f Material resistente y duradero<\/p>\n<p>\ud83d\udcde Cont\u00e1ctanos: +593984123231<\/p>\n<p>\u2728 \u00a1Mant\u00e9n tus herramientas organizadas y al alcance de tu mano! \u2728<\/p>","protected":false},"featured_media":23086,"comment_status":"open","ping_status":"closed","template":"","meta":{"_acf_changed":false},"product_brand":[],"product_cat":[544,705],"product_tag":[],"class_list":{"0":"post-23107","1":"product","2":"type-product","3":"status-publish","4":"has-post-thumbnail","6":"product_cat-agricultura-e-industria","7":"product_cat-cajas-y-mochilas","9":"first","10":"instock","11":"sale","12":"taxable","13":"shipping-taxable","14":"purchasable","15":"product-type-simple"},"acf":[],"_links":{"self":[{"href":"https:\/\/tiendaflex.ec\/en\/wp-json\/wp\/v2\/product\/23107","targetHints":{"allow":["GET"]}}],"collection":[{"href":"https:\/\/tiendaflex.ec\/en\/wp-json\/wp\/v2\/product"}],"about":[{"href":"https:\/\/tiendaflex.ec\/en\/wp-json\/wp\/v2\/types\/product"}],"replies":[{"embeddable":true,"href":"https:\/\/tiendaflex.ec\/en\/wp-json\/wp\/v2\/comments?post=23107"}],"version-history":[{"count":2,"href":"https:\/\/tiendaflex.ec\/en\/wp-json\/wp\/v2\/product\/23107\/revisions"}],"predecessor-version":[{"id":23298,"href":"https:\/\/tiendaflex.ec\/en\/wp-json\/wp\/v2\/product\/23107\/revisions\/23298"}],"wp:featuredmedia":[{"embeddable":true,"href":"https:\/\/tiendaflex.ec\/en\/wp-json\/wp\/v2\/media\/23086"}],"wp:attachment":[{"href":"https:\/\/tiendaflex.ec\/en\/wp-json\/wp\/v2\/media?parent=23107"}],"wp:term":[{"taxonomy":"product_brand","embeddable":true,"href":"https:\/\/tiendaflex.ec\/en\/wp-json\/wp\/v2\/product_brand?post=23107"},{"taxonomy":"product_cat","embeddable":true,"href":"https:\/\/tiendaflex.ec\/en\/wp-json\/wp\/v2\/product_cat?post=23107"},{"taxonomy":"product_tag","embeddable":true,"href":"https:\/\/tiendaflex.ec\/en\/wp-json\/wp\/v2\/product_tag?post=23107"}],"curies":[{"name":"wp","href":"https:\/\/api.w.org\/{rel}","templated":true}]}}