{"id":23056,"date":"2025-09-04T20:18:41","date_gmt":"2025-09-05T01:18:41","guid":{"rendered":"https:\/\/tiendaflex.ec\/?post_type=product&#038;p=23056"},"modified":"2025-09-09T21:07:19","modified_gmt":"2025-09-10T02:07:19","slug":"stht77364-multimetro-digital","status":"publish","type":"product","link":"https:\/\/tiendaflex.ec\/en\/product\/stht77364-multimetro-digital\/","title":{"rendered":"STHT77364 &#8211; MULT\u00cdMETRO DIGITAL"},"content":{"rendered":"","protected":false},"excerpt":{"rendered":"<p>Resistencia, ergonom\u00eda y precisi\u00f3n en un solo equipo \u2705<\/p>\n<ul>\n<li>Marca: STANLEY<\/li>\n<\/ul>\n<p>\u2714\ufe0f Carcasa resistente especialmente moldeada para mayor ergonom\u00eda y protecci\u00f3n contra golpes<br \/>\n\u2714\ufe0f 7 funciones y 20 rangos \u2192 versatilidad en todo tipo de mediciones<br \/>\n\u2714\ufe0f Voltaje DC: 200m\/2000m\/20\/200\/300V<br \/>\n\u2714\ufe0f Voltaje AC: 200\/300V<br \/>\n\u2714\ufe0f Corriente DC: 200\u03bc\/2000\u03bc\/20m\/200m\/10A<br \/>\n\u2714\ufe0f Resistencia: 200\/2000\/20k\/200k\/2000k<br \/>\n\u2714\ufe0f Validaci\u00f3n de diodo: 2.8V\/1mA<br \/>\n\u2714\ufe0f Continuidad: &lt;30<br \/>\n\u2714\ufe0f Temperatura: 0 ~ 1000\u00b0C (con termistor adecuado)<br \/>\n\u2714\ufe0f Prueba de bater\u00edas: AAA, AA, C, D, 1.5V y 9V<br \/>\n\u2714\ufe0f Categor\u00eda de seguridad: CAT III<\/p>\n<p>\ud83d\udce6 Incluye:<br \/>\n\u2705 (1) Mult\u00edmetro Digital STANLEY STHT77364<\/p>\n<p>\ud83d\udcde Cont\u00e1ctanos: +593984123231<\/p>\n<p>\u2728 \u00a1La herramienta precisa y confiable para profesionales y t\u00e9cnicos! \u2728<\/p>","protected":false},"featured_media":22930,"comment_status":"open","ping_status":"closed","template":"","meta":{"_acf_changed":false},"product_brand":[],"product_cat":[544,704],"product_tag":[],"class_list":{"0":"post-23056","1":"product","2":"type-product","3":"status-publish","4":"has-post-thumbnail","6":"product_cat-agricultura-e-industria","7":"product_cat-herramientas-de-medicion","9":"first","10":"instock","11":"sale","12":"taxable","13":"shipping-taxable","14":"purchasable","15":"product-type-simple"},"acf":[],"_links":{"self":[{"href":"https:\/\/tiendaflex.ec\/en\/wp-json\/wp\/v2\/product\/23056","targetHints":{"allow":["GET"]}}],"collection":[{"href":"https:\/\/tiendaflex.ec\/en\/wp-json\/wp\/v2\/product"}],"about":[{"href":"https:\/\/tiendaflex.ec\/en\/wp-json\/wp\/v2\/types\/product"}],"replies":[{"embeddable":true,"href":"https:\/\/tiendaflex.ec\/en\/wp-json\/wp\/v2\/comments?post=23056"}],"version-history":[{"count":3,"href":"https:\/\/tiendaflex.ec\/en\/wp-json\/wp\/v2\/product\/23056\/revisions"}],"predecessor-version":[{"id":23622,"href":"https:\/\/tiendaflex.ec\/en\/wp-json\/wp\/v2\/product\/23056\/revisions\/23622"}],"wp:featuredmedia":[{"embeddable":true,"href":"https:\/\/tiendaflex.ec\/en\/wp-json\/wp\/v2\/media\/22930"}],"wp:attachment":[{"href":"https:\/\/tiendaflex.ec\/en\/wp-json\/wp\/v2\/media?parent=23056"}],"wp:term":[{"taxonomy":"product_brand","embeddable":true,"href":"https:\/\/tiendaflex.ec\/en\/wp-json\/wp\/v2\/product_brand?post=23056"},{"taxonomy":"product_cat","embeddable":true,"href":"https:\/\/tiendaflex.ec\/en\/wp-json\/wp\/v2\/product_cat?post=23056"},{"taxonomy":"product_tag","embeddable":true,"href":"https:\/\/tiendaflex.ec\/en\/wp-json\/wp\/v2\/product_tag?post=23056"}],"curies":[{"name":"wp","href":"https:\/\/api.w.org\/{rel}","templated":true}]}}