{"id":23049,"date":"2025-09-04T20:12:27","date_gmt":"2025-09-05T01:12:27","guid":{"rendered":"https:\/\/tiendaflex.ec\/?post_type=product&#038;p=23049"},"modified":"2025-09-08T13:13:59","modified_gmt":"2025-09-08T18:13:59","slug":"amoladora-angular-20v","status":"publish","type":"product","link":"https:\/\/tiendaflex.ec\/en\/product\/amoladora-angular-20v\/","title":{"rendered":"AMOLADORA ANGULAR 20V"},"content":{"rendered":"","protected":false},"excerpt":{"rendered":"<p>Modelo SBG700M2K-B3 STANLEY \u2013 Potencia, seguridad y comodidad en una sola herramienta \ud83d\udd27\ud83d\udd0b<\/p>\n<ul>\n<li>Marca: STANLEY<\/li>\n<\/ul>\n<p>\u2714\ufe0f Motor Brushless (sin carbones) \u2192 mayor rendimiento y durabilidad<br \/>\n\u2714\ufe0f Incluye 2 bater\u00edas 4.0Ah + cargador 2A + maleta<br \/>\n\u2714\ufe0f Compatible con sistema V20 \u2192 mayor autonom\u00eda y eficiencia<br \/>\n\u2714\ufe0f Bloqueo de eje para intercambio r\u00e1pido de accesorios<br \/>\n\u2714\ufe0f Interruptor con bloqueo de seguridad \u2192 evita arranques involuntarios<br \/>\n\u2714\ufe0f Caja de engranajes de aluminio \u2192 larga vida \u00fatil<br \/>\n\u2714\ufe0f Mango lateral de 3 posiciones con porta llave \u2192 mayor comodidad<br \/>\n\u2714\ufe0f Guarda sin llave \u2192 ajuste r\u00e1pido seg\u00fan aplicaci\u00f3n<br \/>\n\u2714\ufe0f Detenci\u00f3n r\u00e1pida del disco en 3 segundos \u2192 seguridad garantizada<br \/>\n\u274c Disco no incluido<\/p>\n<p>\ud83d\udccc Medidas del producto: 13,5 x 15,9 x 36,2 cm<br \/>\n\ud83d\udccc Compatible con discos de 4.1\/2&#8243;\u00bb (115 mm) y 5&#8243;\u00bb (125 mm)<\/p>\n<p>\ud83d\udcde Cont\u00e1ctanos: +593984123231<\/p>\n<p>\ud83d\udd25 \u00a1Potencia y seguridad para tus proyectos m\u00e1s exigentes! \ud83d\udd25<\/p>","protected":false},"featured_media":22927,"comment_status":"open","ping_status":"closed","template":"","meta":{"_acf_changed":false},"product_brand":[],"product_cat":[544,616],"product_tag":[],"class_list":{"0":"post-23049","1":"product","2":"type-product","3":"status-publish","4":"has-post-thumbnail","6":"product_cat-agricultura-e-industria","7":"product_cat-amoladoras","9":"first","10":"instock","11":"sale","12":"taxable","13":"shipping-taxable","14":"purchasable","15":"product-type-simple"},"acf":[],"_links":{"self":[{"href":"https:\/\/tiendaflex.ec\/en\/wp-json\/wp\/v2\/product\/23049","targetHints":{"allow":["GET"]}}],"collection":[{"href":"https:\/\/tiendaflex.ec\/en\/wp-json\/wp\/v2\/product"}],"about":[{"href":"https:\/\/tiendaflex.ec\/en\/wp-json\/wp\/v2\/types\/product"}],"replies":[{"embeddable":true,"href":"https:\/\/tiendaflex.ec\/en\/wp-json\/wp\/v2\/comments?post=23049"}],"version-history":[{"count":5,"href":"https:\/\/tiendaflex.ec\/en\/wp-json\/wp\/v2\/product\/23049\/revisions"}],"predecessor-version":[{"id":23972,"href":"https:\/\/tiendaflex.ec\/en\/wp-json\/wp\/v2\/product\/23049\/revisions\/23972"}],"wp:featuredmedia":[{"embeddable":true,"href":"https:\/\/tiendaflex.ec\/en\/wp-json\/wp\/v2\/media\/22927"}],"wp:attachment":[{"href":"https:\/\/tiendaflex.ec\/en\/wp-json\/wp\/v2\/media?parent=23049"}],"wp:term":[{"taxonomy":"product_brand","embeddable":true,"href":"https:\/\/tiendaflex.ec\/en\/wp-json\/wp\/v2\/product_brand?post=23049"},{"taxonomy":"product_cat","embeddable":true,"href":"https:\/\/tiendaflex.ec\/en\/wp-json\/wp\/v2\/product_cat?post=23049"},{"taxonomy":"product_tag","embeddable":true,"href":"https:\/\/tiendaflex.ec\/en\/wp-json\/wp\/v2\/product_tag?post=23049"}],"curies":[{"name":"wp","href":"https:\/\/api.w.org\/{rel}","templated":true}]}}