{"id":23023,"date":"2025-09-04T19:44:06","date_gmt":"2025-09-05T00:44:06","guid":{"rendered":"https:\/\/tiendaflex.ec\/?post_type=product&#038;p=23023"},"modified":"2025-09-09T23:01:28","modified_gmt":"2025-09-10T04:01:28","slug":"dch133h2-b3-kit-rotomartillo-20v-max","status":"publish","type":"product","link":"https:\/\/tiendaflex.ec\/en\/product\/dch133h2-b3-kit-rotomartillo-20v-max\/","title":{"rendered":"DCH133H2-B3 &#8211; KIT ROTOMARTILLO 20V MAX"},"content":{"rendered":"","protected":false},"excerpt":{"rendered":"<p>Rotomartillo de alto rendimiento con 2.6J de energ\u00eda de impacto, ideal para perforaci\u00f3n y demolici\u00f3n en concreto y mamposter\u00eda.<\/p>\n<ul>\n<li>Marca: DEWALT<\/li>\n<\/ul>\n<p>\u2714\ufe0f Especificaciones principales:<br \/>\n\u2705 Energ\u00eda de impacto: 2.6J (EPTA 05\/2009)<br \/>\n\u2705 Modos: Taladrado \/ Percusi\u00f3n \/ Cincelado<br \/>\n\u2705 Golpes por minuto: 0-5500<br \/>\n\u2705 Velocidad sin carga: 0-1500 RPM<br \/>\n\u2705 Motor sin carbones (Brushless) para mayor durabilidad<br \/>\n\u2705 Perforaci\u00f3n \u00f3ptima en concreto: 3\/16&#8243;\u00bb \u2013 5\/8&#8243;\u00bb (5mm \u2013 16mm)<br \/>\n\u2705 Mango lateral de 360\u00b0 y empu\u00f1adura antideslizante<br \/>\n\u2705 Peso: 4.6 Lbs (2.1 Kg)<\/p>\n<p>\ud83d\udce6 Incluye:<br \/>\n\u2705 Rotomartillo SDS PLUS de 1&#8243;\u00bb (26mm)<br \/>\n\u2705 2 Bater\u00edas POWERSTACK\u2122 5.0Ah 20V MAX*<br \/>\n\u2705 Cargador<br \/>\n\u2705 Bolso de transporte<\/p>\n<p>\ud83d\udcde Contacto: +593984123231<\/p>\n<p>\u26a1 \u00a1POTENCIA, PRECISI\u00d3N Y DURABILIDAD PARA LOS TRABAJOS M\u00c1S EXIGENTES! \u26a1<\/p>","protected":false},"featured_media":22936,"comment_status":"open","ping_status":"closed","template":"","meta":{"_acf_changed":false},"product_brand":[],"product_cat":[544,558],"product_tag":[],"class_list":{"0":"post-23023","1":"product","2":"type-product","3":"status-publish","4":"has-post-thumbnail","6":"product_cat-agricultura-e-industria","7":"product_cat-taladro","9":"first","10":"instock","11":"sale","12":"taxable","13":"shipping-taxable","14":"purchasable","15":"product-type-simple"},"acf":[],"_links":{"self":[{"href":"https:\/\/tiendaflex.ec\/en\/wp-json\/wp\/v2\/product\/23023","targetHints":{"allow":["GET"]}}],"collection":[{"href":"https:\/\/tiendaflex.ec\/en\/wp-json\/wp\/v2\/product"}],"about":[{"href":"https:\/\/tiendaflex.ec\/en\/wp-json\/wp\/v2\/types\/product"}],"replies":[{"embeddable":true,"href":"https:\/\/tiendaflex.ec\/en\/wp-json\/wp\/v2\/comments?post=23023"}],"version-history":[{"count":2,"href":"https:\/\/tiendaflex.ec\/en\/wp-json\/wp\/v2\/product\/23023\/revisions"}],"predecessor-version":[{"id":23724,"href":"https:\/\/tiendaflex.ec\/en\/wp-json\/wp\/v2\/product\/23023\/revisions\/23724"}],"wp:featuredmedia":[{"embeddable":true,"href":"https:\/\/tiendaflex.ec\/en\/wp-json\/wp\/v2\/media\/22936"}],"wp:attachment":[{"href":"https:\/\/tiendaflex.ec\/en\/wp-json\/wp\/v2\/media?parent=23023"}],"wp:term":[{"taxonomy":"product_brand","embeddable":true,"href":"https:\/\/tiendaflex.ec\/en\/wp-json\/wp\/v2\/product_brand?post=23023"},{"taxonomy":"product_cat","embeddable":true,"href":"https:\/\/tiendaflex.ec\/en\/wp-json\/wp\/v2\/product_cat?post=23023"},{"taxonomy":"product_tag","embeddable":true,"href":"https:\/\/tiendaflex.ec\/en\/wp-json\/wp\/v2\/product_tag?post=23023"}],"curies":[{"name":"wp","href":"https:\/\/api.w.org\/{rel}","templated":true}]}}