{"id":23021,"date":"2025-09-04T19:41:49","date_gmt":"2025-09-05T00:41:49","guid":{"rendered":"https:\/\/tiendaflex.ec\/?post_type=product&#038;p=23021"},"modified":"2025-09-09T23:01:50","modified_gmt":"2025-09-10T04:01:50","slug":"d25481k-b3-kit-de-martillo-sds-max-1-9-16","status":"publish","type":"product","link":"https:\/\/tiendaflex.ec\/en\/product\/d25481k-b3-kit-de-martillo-sds-max-1-9-16\/","title":{"rendered":"D25481K-B3 &#8211; KIT DE MARTILLO SDS MAX 1-9\/16&#8243;"},"content":{"rendered":"","protected":false},"excerpt":{"rendered":"<p>Potente martillo combinado para trabajos de demolici\u00f3n y perforaci\u00f3n en concreto y mamposter\u00eda pesada.<\/p>\n<ul>\n<li>Marca: DEWALT<\/li>\n<\/ul>\n<p>\u2714\ufe0f Especificaciones principales:<br \/>\n\u2705 Tipo: Martillo combinado SDS MAX<br \/>\n\u2705 Tama\u00f1o de broca: 1-9\/16&#8243;\u00bb (40 mm)<br \/>\n\u2705 Ideal para aplicaciones profesionales de construcci\u00f3n y demolici\u00f3n<br \/>\n\u2705 Motor y sistema dise\u00f1ados para m\u00e1xima eficiencia y durabilidad<\/p>\n<p>\ud83d\udce6 Incluye:<br \/>\n\u2705 Martillo combinado SDS MAX 1-9\/16&#8243;\u00bb<\/p>\n<p>\ud83d\udcde Contacto: +593984123231<\/p>\n<p>\u26a1 \u00a1FUERZA Y PRECISI\u00d3N PARA LOS PROYECTOS M\u00c1S EXIGENTES! \u26a1<\/p>","protected":false},"featured_media":22935,"comment_status":"open","ping_status":"closed","template":"","meta":{"_acf_changed":false},"product_brand":[],"product_cat":[544,558],"product_tag":[],"class_list":{"0":"post-23021","1":"product","2":"type-product","3":"status-publish","4":"has-post-thumbnail","6":"product_cat-agricultura-e-industria","7":"product_cat-taladro","9":"first","10":"instock","11":"sale","12":"taxable","13":"shipping-taxable","14":"purchasable","15":"product-type-simple"},"acf":[],"_links":{"self":[{"href":"https:\/\/tiendaflex.ec\/en\/wp-json\/wp\/v2\/product\/23021","targetHints":{"allow":["GET"]}}],"collection":[{"href":"https:\/\/tiendaflex.ec\/en\/wp-json\/wp\/v2\/product"}],"about":[{"href":"https:\/\/tiendaflex.ec\/en\/wp-json\/wp\/v2\/types\/product"}],"replies":[{"embeddable":true,"href":"https:\/\/tiendaflex.ec\/en\/wp-json\/wp\/v2\/comments?post=23021"}],"version-history":[{"count":2,"href":"https:\/\/tiendaflex.ec\/en\/wp-json\/wp\/v2\/product\/23021\/revisions"}],"predecessor-version":[{"id":23725,"href":"https:\/\/tiendaflex.ec\/en\/wp-json\/wp\/v2\/product\/23021\/revisions\/23725"}],"wp:featuredmedia":[{"embeddable":true,"href":"https:\/\/tiendaflex.ec\/en\/wp-json\/wp\/v2\/media\/22935"}],"wp:attachment":[{"href":"https:\/\/tiendaflex.ec\/en\/wp-json\/wp\/v2\/media?parent=23021"}],"wp:term":[{"taxonomy":"product_brand","embeddable":true,"href":"https:\/\/tiendaflex.ec\/en\/wp-json\/wp\/v2\/product_brand?post=23021"},{"taxonomy":"product_cat","embeddable":true,"href":"https:\/\/tiendaflex.ec\/en\/wp-json\/wp\/v2\/product_cat?post=23021"},{"taxonomy":"product_tag","embeddable":true,"href":"https:\/\/tiendaflex.ec\/en\/wp-json\/wp\/v2\/product_tag?post=23021"}],"curies":[{"name":"wp","href":"https:\/\/api.w.org\/{rel}","templated":true}]}}