{"id":23012,"date":"2025-09-04T19:30:39","date_gmt":"2025-09-05T00:30:39","guid":{"rendered":"https:\/\/tiendaflex.ec\/?post_type=product&#038;p=23012"},"modified":"2025-09-16T14:23:36","modified_gmt":"2025-09-16T19:23:36","slug":"d28499x-amoladora-de-7%e2%80%b3-y-9%e2%80%b3-3950w","status":"publish","type":"product","link":"https:\/\/tiendaflex.ec\/en\/product\/d28499x-amoladora-de-7%e2%80%b3-y-9%e2%80%b3-3950w\/","title":{"rendered":"D28499X &#8211; AMOLADORA DE 7\u2033 Y 9\u2033 3950W"},"content":{"rendered":"","protected":false},"excerpt":{"rendered":"<p>Potencia y control para los trabajos m\u00e1s exigentes, ideal para corte, desbaste y pulido profesional.<\/p>\n<p>\u2714\ufe0fMarca: DEWALT<\/p>\n<p>\u2714\ufe0f Especificaciones:<br \/>\n\u2705 Potencia: 3.950W \/ 5.3HP<br \/>\n\u2705 Velocidad: 6.000 rpm<br \/>\n\u2705 Eje: 5\/8\u2033<br \/>\n\u2705 Capacidad de disco: 7\u201d &amp; 9\u2033 (180 mm &amp; 230 mm)<br \/>\n\u2705 Carbones de auto-desconexi\u00f3n: S\u00ed<br \/>\n\u2705 Protecci\u00f3n de abrasi\u00f3n: Sistema de extracci\u00f3n de polvo<br \/>\n\u2705 Gatillo Lock Off: S\u00ed<br \/>\n\u2705 Embrague electr\u00f3nico: S\u00ed<br \/>\n\u2705 Embrague mec\u00e1nico: No<br \/>\n\u2705 Mango principal: Giratorio<br \/>\n\u2705 Peso: 6.6 kg \/ 14.5 lb<\/p>\n<p>\ud83d\udcde Contacto: +593984123231<\/p>\n<p>\u26a1 \u00a1POTENCIA, PRECISI\u00d3N Y SEGURIDAD EN CADA CORTE! \u26a1<\/p>","protected":false},"featured_media":22931,"comment_status":"open","ping_status":"closed","template":"","meta":{"_acf_changed":false},"product_brand":[],"product_cat":[544,616],"product_tag":[],"class_list":{"0":"post-23012","1":"product","2":"type-product","3":"status-publish","4":"has-post-thumbnail","6":"product_cat-agricultura-e-industria","7":"product_cat-amoladoras","9":"first","10":"instock","11":"sale","12":"taxable","13":"shipping-taxable","14":"purchasable","15":"product-type-simple"},"acf":[],"_links":{"self":[{"href":"https:\/\/tiendaflex.ec\/en\/wp-json\/wp\/v2\/product\/23012","targetHints":{"allow":["GET"]}}],"collection":[{"href":"https:\/\/tiendaflex.ec\/en\/wp-json\/wp\/v2\/product"}],"about":[{"href":"https:\/\/tiendaflex.ec\/en\/wp-json\/wp\/v2\/types\/product"}],"replies":[{"embeddable":true,"href":"https:\/\/tiendaflex.ec\/en\/wp-json\/wp\/v2\/comments?post=23012"}],"version-history":[{"count":3,"href":"https:\/\/tiendaflex.ec\/en\/wp-json\/wp\/v2\/product\/23012\/revisions"}],"predecessor-version":[{"id":23975,"href":"https:\/\/tiendaflex.ec\/en\/wp-json\/wp\/v2\/product\/23012\/revisions\/23975"}],"wp:featuredmedia":[{"embeddable":true,"href":"https:\/\/tiendaflex.ec\/en\/wp-json\/wp\/v2\/media\/22931"}],"wp:attachment":[{"href":"https:\/\/tiendaflex.ec\/en\/wp-json\/wp\/v2\/media?parent=23012"}],"wp:term":[{"taxonomy":"product_brand","embeddable":true,"href":"https:\/\/tiendaflex.ec\/en\/wp-json\/wp\/v2\/product_brand?post=23012"},{"taxonomy":"product_cat","embeddable":true,"href":"https:\/\/tiendaflex.ec\/en\/wp-json\/wp\/v2\/product_cat?post=23012"},{"taxonomy":"product_tag","embeddable":true,"href":"https:\/\/tiendaflex.ec\/en\/wp-json\/wp\/v2\/product_tag?post=23012"}],"curies":[{"name":"wp","href":"https:\/\/api.w.org\/{rel}","templated":true}]}}