{"id":23010,"date":"2025-09-04T19:28:49","date_gmt":"2025-09-05T00:28:49","guid":{"rendered":"https:\/\/tiendaflex.ec\/?post_type=product&#038;p=23010"},"modified":"2025-09-09T23:02:06","modified_gmt":"2025-09-10T04:02:06","slug":"dch133m2-b3-kit-de-rotomartillo-1-20v-max","status":"publish","type":"product","link":"https:\/\/tiendaflex.ec\/en\/product\/dch133m2-b3-kit-de-rotomartillo-1-20v-max\/","title":{"rendered":"DCH133M2-B3 &#8211; KIT DE ROTOMARTILLO 1&#8243; 20V MAX"},"content":{"rendered":"","protected":false},"excerpt":{"rendered":"<p>Potente y vers\u00e1til, ideal para perforaci\u00f3n, demolici\u00f3n y trabajos de mamposter\u00eda con total control y comodidad.<\/p>\n<ul>\n<li>Marca: DEWALT<\/li>\n<\/ul>\n<p>\u2714\ufe0f Especificaciones:<br \/>\n\u2705 Energ\u00eda de impacto: 2.6J (EPTA 05\/2009)<br \/>\n\u2705 3 Modos: Taladrado, Percusi\u00f3n y Cincelado<br \/>\n\u2705 Golpes por minuto: 0-5500<br \/>\n\u2705 Velocidad sin carga: 0-1500 RPM<br \/>\n\u2705 Motor sin carbones: Menor mantenimiento y mayor vida \u00fatil<br \/>\n\u2705 Perforaci\u00f3n en concreto: 3\/16&#8243;\u00bb \u2013 5\/8&#8243;\u00bb (5 mm \u2013 16 mm)<br \/>\n\u2705 Mango lateral de 360\u00b0 y empu\u00f1adura antideslizante<br \/>\n\u2705 Peso: 4,6 Lbs (2,1 Kg)<\/p>\n<p>\ud83d\udcde Contacto: +593984123231<\/p>\n<p>\u26a1 \u00a1PERFORA, DEMUELE Y TRABAJA CON M\u00c1XIMA COMODIDAD Y CONTROL! \u26a1<\/p>","protected":false},"featured_media":22919,"comment_status":"open","ping_status":"closed","template":"","meta":{"_acf_changed":false},"product_brand":[],"product_cat":[544,558],"product_tag":[],"class_list":{"0":"post-23010","1":"product","2":"type-product","3":"status-publish","4":"has-post-thumbnail","6":"product_cat-agricultura-e-industria","7":"product_cat-taladro","9":"first","10":"instock","11":"sale","12":"taxable","13":"shipping-taxable","14":"purchasable","15":"product-type-simple"},"acf":[],"_links":{"self":[{"href":"https:\/\/tiendaflex.ec\/en\/wp-json\/wp\/v2\/product\/23010","targetHints":{"allow":["GET"]}}],"collection":[{"href":"https:\/\/tiendaflex.ec\/en\/wp-json\/wp\/v2\/product"}],"about":[{"href":"https:\/\/tiendaflex.ec\/en\/wp-json\/wp\/v2\/types\/product"}],"replies":[{"embeddable":true,"href":"https:\/\/tiendaflex.ec\/en\/wp-json\/wp\/v2\/comments?post=23010"}],"version-history":[{"count":2,"href":"https:\/\/tiendaflex.ec\/en\/wp-json\/wp\/v2\/product\/23010\/revisions"}],"predecessor-version":[{"id":23726,"href":"https:\/\/tiendaflex.ec\/en\/wp-json\/wp\/v2\/product\/23010\/revisions\/23726"}],"wp:featuredmedia":[{"embeddable":true,"href":"https:\/\/tiendaflex.ec\/en\/wp-json\/wp\/v2\/media\/22919"}],"wp:attachment":[{"href":"https:\/\/tiendaflex.ec\/en\/wp-json\/wp\/v2\/media?parent=23010"}],"wp:term":[{"taxonomy":"product_brand","embeddable":true,"href":"https:\/\/tiendaflex.ec\/en\/wp-json\/wp\/v2\/product_brand?post=23010"},{"taxonomy":"product_cat","embeddable":true,"href":"https:\/\/tiendaflex.ec\/en\/wp-json\/wp\/v2\/product_cat?post=23010"},{"taxonomy":"product_tag","embeddable":true,"href":"https:\/\/tiendaflex.ec\/en\/wp-json\/wp\/v2\/product_tag?post=23010"}],"curies":[{"name":"wp","href":"https:\/\/api.w.org\/{rel}","templated":true}]}}