{"id":22999,"date":"2025-09-04T19:18:26","date_gmt":"2025-09-05T00:18:26","guid":{"rendered":"https:\/\/tiendaflex.ec\/?post_type=product&#038;p=22999"},"modified":"2025-09-08T16:24:49","modified_gmt":"2025-09-08T21:24:49","slug":"dcb609-bateria-9-0ah-20v-60v-max","status":"publish","type":"product","link":"https:\/\/tiendaflex.ec\/en\/product\/dcb609-bateria-9-0ah-20v-60v-max\/","title":{"rendered":"DCB609 &#8211; BATER\u00cdA 9.0Ah 20V\/60V MAX"},"content":{"rendered":"","protected":false},"excerpt":{"rendered":"<p>Innovadora bater\u00eda FLEXVOLT que se adapta al voltaje seg\u00fan la herramienta, ofreciendo potencia y autonom\u00eda para todo tu kit de herramientas DEWALT.<\/p>\n<ul>\n<li>Marca DEWALT<\/li>\n<\/ul>\n<p>\u2714\ufe0f Capacidad: 9 Ah<br \/>\n\u2714\ufe0f Voltaje: 20V \/ 60V MAX* FLEXVOLT<br \/>\n\u2714\ufe0f Compatible con herramientas 20V MAX, 60V MAX y 120V MAX***<br \/>\n\u2714\ufe0f Cambio autom\u00e1tico de voltaje seg\u00fan la herramienta usada<br \/>\n\u2714\ufe0f Mayor tiempo de uso en herramientas 20V MAX*<br \/>\n\u2714\ufe0f Potencia de cable en herramientas 60V y 120V MAX*<\/p>\n<p>\ud83d\udcde Contacto: +593984123231<\/p>\n<p>\u26a1 \u00a1POTENCIA FLEXIBLE PARA TODAS TUS HERRAMIENTAS! \u26a1<\/p>","protected":false},"featured_media":22920,"comment_status":"open","ping_status":"closed","template":"","meta":{"_acf_changed":false},"product_brand":[],"product_cat":[544,622],"product_tag":[],"class_list":{"0":"post-22999","1":"product","2":"type-product","3":"status-publish","4":"has-post-thumbnail","6":"product_cat-agricultura-e-industria","7":"product_cat-baterias","9":"first","10":"instock","11":"sale","12":"taxable","13":"shipping-taxable","14":"purchasable","15":"product-type-simple"},"acf":[],"_links":{"self":[{"href":"https:\/\/tiendaflex.ec\/en\/wp-json\/wp\/v2\/product\/22999","targetHints":{"allow":["GET"]}}],"collection":[{"href":"https:\/\/tiendaflex.ec\/en\/wp-json\/wp\/v2\/product"}],"about":[{"href":"https:\/\/tiendaflex.ec\/en\/wp-json\/wp\/v2\/types\/product"}],"replies":[{"embeddable":true,"href":"https:\/\/tiendaflex.ec\/en\/wp-json\/wp\/v2\/comments?post=22999"}],"version-history":[{"count":2,"href":"https:\/\/tiendaflex.ec\/en\/wp-json\/wp\/v2\/product\/22999\/revisions"}],"predecessor-version":[{"id":23262,"href":"https:\/\/tiendaflex.ec\/en\/wp-json\/wp\/v2\/product\/22999\/revisions\/23262"}],"wp:featuredmedia":[{"embeddable":true,"href":"https:\/\/tiendaflex.ec\/en\/wp-json\/wp\/v2\/media\/22920"}],"wp:attachment":[{"href":"https:\/\/tiendaflex.ec\/en\/wp-json\/wp\/v2\/media?parent=22999"}],"wp:term":[{"taxonomy":"product_brand","embeddable":true,"href":"https:\/\/tiendaflex.ec\/en\/wp-json\/wp\/v2\/product_brand?post=22999"},{"taxonomy":"product_cat","embeddable":true,"href":"https:\/\/tiendaflex.ec\/en\/wp-json\/wp\/v2\/product_cat?post=22999"},{"taxonomy":"product_tag","embeddable":true,"href":"https:\/\/tiendaflex.ec\/en\/wp-json\/wp\/v2\/product_tag?post=22999"}],"curies":[{"name":"wp","href":"https:\/\/api.w.org\/{rel}","templated":true}]}}