{"id":22990,"date":"2025-09-04T19:06:55","date_gmt":"2025-09-05T00:06:55","guid":{"rendered":"https:\/\/tiendaflex.ec\/?post_type=product&#038;p=22990"},"modified":"2025-09-17T14:55:20","modified_gmt":"2025-09-17T19:55:20","slug":"dck248p1-b3-combo-taladro-esmeriladora","status":"publish","type":"product","link":"https:\/\/tiendaflex.ec\/en\/product\/dck248p1-b3-combo-taladro-esmeriladora\/","title":{"rendered":"DCK248P1-B3 &#8211; COMBO TALADRO + ESMERILADORA"},"content":{"rendered":"","protected":false},"excerpt":{"rendered":"<p>Potencia y eficiencia profesional BRUSHLESS para aplicaciones exigentes.<\/p>\n<ul>\n<li>Marca: DEWALT<\/li>\n<\/ul>\n<p>\u2714\ufe0f Taladro Percutor\/Atornillador 1\/2&#8243;\u00bb (13mm) DCD7781: 55% m\u00e1s torque, 13% m\u00e1s potencia que DCD776, motor sin carbones, 2 velocidades mec\u00e1nicas, 15 posiciones de torque, luz LED para visibilidad<br \/>\n\u2714\ufe0f Esmeriladora Angular 4-1\/2&#8243;\u00bb (115mm) DCG413: Filtro extra\u00edble, freno de seguridad Kick Back Break, cambio de disco sin llave<br \/>\n\u2714\ufe0f Bater\u00eda 20V MAX DCB205 (5.0 Ah) y cargador DCB115*<br \/>\n\u2714\ufe0f Bolsa de transporte incluida<br \/>\n\u2714\ufe0f Motor Brushless para mayor eficiencia y tiempo de uso<br \/>\n\u2714\ufe0f Indicador de carga, control de velocidad variable y freno de seguridad<\/p>\n<p>\ud83d\udcde Contacto: +593984123231<\/p>\n<p>\u26a1 \u00a1RINDE M\u00c1S, DURAN M\u00c1S Y TRABAJA CON PRECISI\u00d3N! \u26a1<\/p>","protected":false},"featured_media":22900,"comment_status":"open","ping_status":"closed","template":"","meta":{"_acf_changed":false},"product_brand":[],"product_cat":[544,586,702,558],"product_tag":[],"class_list":{"0":"post-22990","1":"product","2":"type-product","3":"status-publish","4":"has-post-thumbnail","6":"product_cat-agricultura-e-industria","7":"product_cat-combos","8":"product_cat-esmeriladoras","9":"product_cat-taladro","11":"first","12":"instock","13":"sale","14":"taxable","15":"shipping-taxable","16":"purchasable","17":"product-type-simple"},"acf":[],"_links":{"self":[{"href":"https:\/\/tiendaflex.ec\/en\/wp-json\/wp\/v2\/product\/22990","targetHints":{"allow":["GET"]}}],"collection":[{"href":"https:\/\/tiendaflex.ec\/en\/wp-json\/wp\/v2\/product"}],"about":[{"href":"https:\/\/tiendaflex.ec\/en\/wp-json\/wp\/v2\/types\/product"}],"replies":[{"embeddable":true,"href":"https:\/\/tiendaflex.ec\/en\/wp-json\/wp\/v2\/comments?post=22990"}],"version-history":[{"count":3,"href":"https:\/\/tiendaflex.ec\/en\/wp-json\/wp\/v2\/product\/22990\/revisions"}],"predecessor-version":[{"id":23214,"href":"https:\/\/tiendaflex.ec\/en\/wp-json\/wp\/v2\/product\/22990\/revisions\/23214"}],"wp:featuredmedia":[{"embeddable":true,"href":"https:\/\/tiendaflex.ec\/en\/wp-json\/wp\/v2\/media\/22900"}],"wp:attachment":[{"href":"https:\/\/tiendaflex.ec\/en\/wp-json\/wp\/v2\/media?parent=22990"}],"wp:term":[{"taxonomy":"product_brand","embeddable":true,"href":"https:\/\/tiendaflex.ec\/en\/wp-json\/wp\/v2\/product_brand?post=22990"},{"taxonomy":"product_cat","embeddable":true,"href":"https:\/\/tiendaflex.ec\/en\/wp-json\/wp\/v2\/product_cat?post=22990"},{"taxonomy":"product_tag","embeddable":true,"href":"https:\/\/tiendaflex.ec\/en\/wp-json\/wp\/v2\/product_tag?post=22990"}],"curies":[{"name":"wp","href":"https:\/\/api.w.org\/{rel}","templated":true}]}}