{"id":22983,"date":"2025-09-04T18:57:08","date_gmt":"2025-09-04T23:57:08","guid":{"rendered":"https:\/\/tiendaflex.ec\/?post_type=product&#038;p=22983"},"modified":"2025-09-16T20:47:49","modified_gmt":"2025-09-17T01:47:49","slug":"dcf630d2-atornillador-20v-max","status":"publish","type":"product","link":"https:\/\/tiendaflex.ec\/en\/product\/dcf630d2-atornillador-20v-max\/","title":{"rendered":"DCF630D2 &#8211; ATORNILLADOR 20V MAX"},"content":{"rendered":"","protected":false},"excerpt":{"rendered":"<p>Potencia y precisi\u00f3n para tus trabajos en drywall. Dise\u00f1o BRUSHLESS que brinda mayor eficiencia y duraci\u00f3n.<\/p>\n<ul>\n<li>Marca: DEWALT<\/li>\n<\/ul>\n<p>\u2714\ufe0f Motor Brushless para m\u00e1xima duraci\u00f3n y menor mantenimiento<br \/>\n\u2714\ufe0f Velocidad variable para un control perfecto del torque<br \/>\n\u2714\ufe0f Incluye LEDs integrados para trabajar en espacios con poca luz<br \/>\n\u2714\ufe0f Dise\u00f1o compacto y ligero, f\u00e1cil de manejar<br \/>\n\u2714\ufe0f Incluye cargador y bolsa de transporte<\/p>\n<p>\ud83d\udcca Especificaciones:<br \/>\n\u2714\ufe0f Voltaje: 20V MAX<br \/>\n\u2714\ufe0f Velocidad sin carga: 0-4.400 rpm<br \/>\n\u2714\ufe0f Encastre: 1\/4\u201d Hex<br \/>\n\u2714\ufe0f Dimensiones: 6-1\/4\u201d<br \/>\n\u2714\ufe0f Peso: 1.5 kg \/ 3.3 lb<br \/>\n\u2714\ufe0f Tipo de bater\u00eda: (2) 20V Max 2Ah XR Lithium Ion Batteries<br \/>\n\u2714\ufe0f LEDs: S\u00ed<\/p>\n<p>\ud83d\udcde Contacto: +593984123231<\/p>\n<p>\u26a1 \u00a1EL ATORNILLADOR IDEAL PARA DRYWALL, R\u00c1PIDO Y PRECISO! \u26a1<\/p>","protected":false},"featured_media":22897,"comment_status":"open","ping_status":"closed","template":"","meta":{"_acf_changed":false},"product_brand":[],"product_cat":[544,595],"product_tag":[],"class_list":{"0":"post-22983","1":"product","2":"type-product","3":"status-publish","4":"has-post-thumbnail","6":"product_cat-agricultura-e-industria","7":"product_cat-atornilladores-y-destornilladores","9":"first","10":"instock","11":"sale","12":"taxable","13":"shipping-taxable","14":"purchasable","15":"product-type-simple"},"acf":[],"_links":{"self":[{"href":"https:\/\/tiendaflex.ec\/en\/wp-json\/wp\/v2\/product\/22983","targetHints":{"allow":["GET"]}}],"collection":[{"href":"https:\/\/tiendaflex.ec\/en\/wp-json\/wp\/v2\/product"}],"about":[{"href":"https:\/\/tiendaflex.ec\/en\/wp-json\/wp\/v2\/types\/product"}],"replies":[{"embeddable":true,"href":"https:\/\/tiendaflex.ec\/en\/wp-json\/wp\/v2\/comments?post=22983"}],"version-history":[{"count":2,"href":"https:\/\/tiendaflex.ec\/en\/wp-json\/wp\/v2\/product\/22983\/revisions"}],"predecessor-version":[{"id":23206,"href":"https:\/\/tiendaflex.ec\/en\/wp-json\/wp\/v2\/product\/22983\/revisions\/23206"}],"wp:featuredmedia":[{"embeddable":true,"href":"https:\/\/tiendaflex.ec\/en\/wp-json\/wp\/v2\/media\/22897"}],"wp:attachment":[{"href":"https:\/\/tiendaflex.ec\/en\/wp-json\/wp\/v2\/media?parent=22983"}],"wp:term":[{"taxonomy":"product_brand","embeddable":true,"href":"https:\/\/tiendaflex.ec\/en\/wp-json\/wp\/v2\/product_brand?post=22983"},{"taxonomy":"product_cat","embeddable":true,"href":"https:\/\/tiendaflex.ec\/en\/wp-json\/wp\/v2\/product_cat?post=22983"},{"taxonomy":"product_tag","embeddable":true,"href":"https:\/\/tiendaflex.ec\/en\/wp-json\/wp\/v2\/product_tag?post=22983"}],"curies":[{"name":"wp","href":"https:\/\/api.w.org\/{rel}","templated":true}]}}