{"id":22978,"date":"2025-09-04T18:51:57","date_gmt":"2025-09-04T23:51:57","guid":{"rendered":"https:\/\/tiendaflex.ec\/?post_type=product&#038;p=22978"},"modified":"2025-09-09T21:08:36","modified_gmt":"2025-09-10T02:08:36","slug":"dw0881t-tripode-para-nivel-laser","status":"publish","type":"product","link":"https:\/\/tiendaflex.ec\/en\/product\/dw0881t-tripode-para-nivel-laser\/","title":{"rendered":"DW0881T &#8211; TR\u00cdPODE PARA NIVEL L\u00c1SER"},"content":{"rendered":"","protected":false},"excerpt":{"rendered":"<p>\u2728 Estabilidad y precisi\u00f3n para tus niveles l\u00e1ser, dise\u00f1ado para trabajos profesionales en construcci\u00f3n y acabados.<\/p>\n<ul>\n<li>Marca: DEWALT<\/li>\n<\/ul>\n<p>\u2714\ufe0f Compatible con niveles l\u00e1ser DEWALT<br \/>\n\u2714\ufe0f Altura ajustable seg\u00fan necesidad<br \/>\n\u2714\ufe0f Construcci\u00f3n robusta y ligera para f\u00e1cil transporte<br \/>\n\u2714\ufe0f Ideal para trabajos en interiores y exteriores<\/p>\n<p>\ud83d\udcde Contacto: +593984123231<\/p>\n<p>\u26a1 \u00a1MEJORA TU PRODUCTIVIDAD CON ESTABILIDAD Y PRECISI\u00d3N EN CADA MEDICI\u00d3N! \u26a1<\/p>","protected":false},"featured_media":22915,"comment_status":"open","ping_status":"closed","template":"","meta":{"_acf_changed":false},"product_brand":[],"product_cat":[544,704],"product_tag":[],"class_list":{"0":"post-22978","1":"product","2":"type-product","3":"status-publish","4":"has-post-thumbnail","6":"product_cat-agricultura-e-industria","7":"product_cat-herramientas-de-medicion","9":"first","10":"instock","11":"sale","12":"taxable","13":"shipping-taxable","14":"purchasable","15":"product-type-simple"},"acf":[],"_links":{"self":[{"href":"https:\/\/tiendaflex.ec\/en\/wp-json\/wp\/v2\/product\/22978","targetHints":{"allow":["GET"]}}],"collection":[{"href":"https:\/\/tiendaflex.ec\/en\/wp-json\/wp\/v2\/product"}],"about":[{"href":"https:\/\/tiendaflex.ec\/en\/wp-json\/wp\/v2\/types\/product"}],"replies":[{"embeddable":true,"href":"https:\/\/tiendaflex.ec\/en\/wp-json\/wp\/v2\/comments?post=22978"}],"version-history":[{"count":2,"href":"https:\/\/tiendaflex.ec\/en\/wp-json\/wp\/v2\/product\/22978\/revisions"}],"predecessor-version":[{"id":23623,"href":"https:\/\/tiendaflex.ec\/en\/wp-json\/wp\/v2\/product\/22978\/revisions\/23623"}],"wp:featuredmedia":[{"embeddable":true,"href":"https:\/\/tiendaflex.ec\/en\/wp-json\/wp\/v2\/media\/22915"}],"wp:attachment":[{"href":"https:\/\/tiendaflex.ec\/en\/wp-json\/wp\/v2\/media?parent=22978"}],"wp:term":[{"taxonomy":"product_brand","embeddable":true,"href":"https:\/\/tiendaflex.ec\/en\/wp-json\/wp\/v2\/product_brand?post=22978"},{"taxonomy":"product_cat","embeddable":true,"href":"https:\/\/tiendaflex.ec\/en\/wp-json\/wp\/v2\/product_cat?post=22978"},{"taxonomy":"product_tag","embeddable":true,"href":"https:\/\/tiendaflex.ec\/en\/wp-json\/wp\/v2\/product_tag?post=22978"}],"curies":[{"name":"wp","href":"https:\/\/api.w.org\/{rel}","templated":true}]}}