{"id":22976,"date":"2025-09-04T18:49:46","date_gmt":"2025-09-04T23:49:46","guid":{"rendered":"https:\/\/tiendaflex.ec\/?post_type=product&#038;p=22976"},"modified":"2025-09-09T21:08:50","modified_gmt":"2025-09-10T02:08:50","slug":"dw088cg-nivel-laser-cruz-verde","status":"publish","type":"product","link":"https:\/\/tiendaflex.ec\/en\/product\/dw088cg-nivel-laser-cruz-verde\/","title":{"rendered":"DW088CG &#8211; NIVEL L\u00c1SER CRUZ VERDE"},"content":{"rendered":"","protected":false},"excerpt":{"rendered":"<p>\u2728 Precisi\u00f3n y visibilidad mejorada con rayo verde, ideal para trabajos profesionales en interiores y exteriores.<\/p>\n<ul>\n<li>Marca: DEWALT<\/li>\n<\/ul>\n<p>\u2714\ufe0f Funci\u00f3n: Tipo cruz<br \/>\n\u2714\ufe0f Color de l\u00e1ser: Verde<br \/>\n\u2714\ufe0f Precisi\u00f3n: +\/- 3mm a 9m<br \/>\n\u2714\ufe0f Alcance: 19m<br \/>\n\u2714\ufe0f Resistencia al agua: IP54<br \/>\n\u2714\ufe0f Soporte magn\u00e9tico: Integrado<br \/>\n\u2714\ufe0f Rosca de sujeci\u00f3n: 1\/4\u201d \u2013 20<br \/>\n\u2714\ufe0f Alimentaci\u00f3n: 3x AA<\/p>\n<p>\ud83d\udce6 Incluye:<br \/>\n\u2714\ufe0f 1 l\u00e1ser DW088CG<br \/>\n\u2714\ufe0f 1 montaje en pared\/techo<br \/>\n\u2714\ufe0f 3 pilas AA<br \/>\n\u2714\ufe0f 1 estuche de transporte<\/p>\n<p>\ud83d\udcde Contacto: +593984123231<\/p>\n<p>\u26a1 \u00a1M\u00c1S VISIBILIDAD, M\u00c1S PRECISI\u00d3N Y MAYOR RENDIMIENTO EN CADA PROYECTO! \u26a1<\/p>","protected":false},"featured_media":22914,"comment_status":"open","ping_status":"closed","template":"","meta":{"_acf_changed":false},"product_brand":[],"product_cat":[544,704],"product_tag":[],"class_list":{"0":"post-22976","1":"product","2":"type-product","3":"status-publish","4":"has-post-thumbnail","6":"product_cat-agricultura-e-industria","7":"product_cat-herramientas-de-medicion","9":"first","10":"instock","11":"sale","12":"taxable","13":"shipping-taxable","14":"purchasable","15":"product-type-simple"},"acf":[],"_links":{"self":[{"href":"https:\/\/tiendaflex.ec\/en\/wp-json\/wp\/v2\/product\/22976","targetHints":{"allow":["GET"]}}],"collection":[{"href":"https:\/\/tiendaflex.ec\/en\/wp-json\/wp\/v2\/product"}],"about":[{"href":"https:\/\/tiendaflex.ec\/en\/wp-json\/wp\/v2\/types\/product"}],"replies":[{"embeddable":true,"href":"https:\/\/tiendaflex.ec\/en\/wp-json\/wp\/v2\/comments?post=22976"}],"version-history":[{"count":2,"href":"https:\/\/tiendaflex.ec\/en\/wp-json\/wp\/v2\/product\/22976\/revisions"}],"predecessor-version":[{"id":23624,"href":"https:\/\/tiendaflex.ec\/en\/wp-json\/wp\/v2\/product\/22976\/revisions\/23624"}],"wp:featuredmedia":[{"embeddable":true,"href":"https:\/\/tiendaflex.ec\/en\/wp-json\/wp\/v2\/media\/22914"}],"wp:attachment":[{"href":"https:\/\/tiendaflex.ec\/en\/wp-json\/wp\/v2\/media?parent=22976"}],"wp:term":[{"taxonomy":"product_brand","embeddable":true,"href":"https:\/\/tiendaflex.ec\/en\/wp-json\/wp\/v2\/product_brand?post=22976"},{"taxonomy":"product_cat","embeddable":true,"href":"https:\/\/tiendaflex.ec\/en\/wp-json\/wp\/v2\/product_cat?post=22976"},{"taxonomy":"product_tag","embeddable":true,"href":"https:\/\/tiendaflex.ec\/en\/wp-json\/wp\/v2\/product_tag?post=22976"}],"curies":[{"name":"wp","href":"https:\/\/api.w.org\/{rel}","templated":true}]}}