{"id":22973,"date":"2025-09-04T18:47:31","date_gmt":"2025-09-04T23:47:31","guid":{"rendered":"https:\/\/tiendaflex.ec\/?post_type=product&#038;p=22973"},"modified":"2025-09-09T21:09:04","modified_gmt":"2025-09-10T02:09:04","slug":"dw088lg-nivel-laser-cruz","status":"publish","type":"product","link":"https:\/\/tiendaflex.ec\/en\/product\/dw088lg-nivel-laser-cruz\/","title":{"rendered":"DW088LG &#8211; NIVEL L\u00c1SER CRUZ"},"content":{"rendered":"","protected":false},"excerpt":{"rendered":"<p>\u2728 Precisi\u00f3n, alcance y la potencia de la l\u00ednea verde para trabajos profesionales de construcci\u00f3n y acabados.<\/p>\n<ul>\n<li>Marca: DEWALT<\/li>\n<\/ul>\n<p>\u2714\ufe0f Tipo de bater\u00eda: Iones de Litio 12V<br \/>\n\u2714\ufe0f Color de rayo: L\u00e1ser verde<br \/>\n\u2714\ufe0f Alcance: Hasta 50m (con detector)<br \/>\n\u2714\ufe0f Precisi\u00f3n: +\/- 3mm a 9m<br \/>\n\u2714\ufe0f Tipo de l\u00e1ser: 2<br \/>\n\u2714\ufe0f Autonom\u00eda de bater\u00eda: 7 horas<br \/>\n\u2714\ufe0f N\u00famero de l\u00edneas: 2<br \/>\n\u2714\ufe0f P\u00e9ndulo de bloqueo: S\u00ed<br \/>\n\u2714\ufe0f Peso: 8.7 lb<\/p>\n<p>\ud83d\udce6 Incluye:<br \/>\n\u2714\ufe0f 1 bater\u00eda de 12V Max (2,0 Ah)<br \/>\n\u2714\ufe0f 1 cargador<\/p>\n<p>\ud83d\udcde Contacto: +593984123231<\/p>\n<p>\u26a1 \u00a1LA POTENCIA DEL L\u00c1SER VERDE PARA UNA MAYOR VISIBILIDAD Y RENDIMIENTO! \u26a1<\/p>","protected":false},"featured_media":22913,"comment_status":"open","ping_status":"closed","template":"","meta":{"_acf_changed":false},"product_brand":[],"product_cat":[544,704],"product_tag":[],"class_list":{"0":"post-22973","1":"product","2":"type-product","3":"status-publish","4":"has-post-thumbnail","6":"product_cat-agricultura-e-industria","7":"product_cat-herramientas-de-medicion","9":"first","10":"instock","11":"sale","12":"taxable","13":"shipping-taxable","14":"purchasable","15":"product-type-simple"},"acf":[],"_links":{"self":[{"href":"https:\/\/tiendaflex.ec\/en\/wp-json\/wp\/v2\/product\/22973","targetHints":{"allow":["GET"]}}],"collection":[{"href":"https:\/\/tiendaflex.ec\/en\/wp-json\/wp\/v2\/product"}],"about":[{"href":"https:\/\/tiendaflex.ec\/en\/wp-json\/wp\/v2\/types\/product"}],"replies":[{"embeddable":true,"href":"https:\/\/tiendaflex.ec\/en\/wp-json\/wp\/v2\/comments?post=22973"}],"version-history":[{"count":2,"href":"https:\/\/tiendaflex.ec\/en\/wp-json\/wp\/v2\/product\/22973\/revisions"}],"predecessor-version":[{"id":23625,"href":"https:\/\/tiendaflex.ec\/en\/wp-json\/wp\/v2\/product\/22973\/revisions\/23625"}],"wp:featuredmedia":[{"embeddable":true,"href":"https:\/\/tiendaflex.ec\/en\/wp-json\/wp\/v2\/media\/22913"}],"wp:attachment":[{"href":"https:\/\/tiendaflex.ec\/en\/wp-json\/wp\/v2\/media?parent=22973"}],"wp:term":[{"taxonomy":"product_brand","embeddable":true,"href":"https:\/\/tiendaflex.ec\/en\/wp-json\/wp\/v2\/product_brand?post=22973"},{"taxonomy":"product_cat","embeddable":true,"href":"https:\/\/tiendaflex.ec\/en\/wp-json\/wp\/v2\/product_cat?post=22973"},{"taxonomy":"product_tag","embeddable":true,"href":"https:\/\/tiendaflex.ec\/en\/wp-json\/wp\/v2\/product_tag?post=22973"}],"curies":[{"name":"wp","href":"https:\/\/api.w.org\/{rel}","templated":true}]}}