{"id":22970,"date":"2025-09-04T18:44:06","date_gmt":"2025-09-04T23:44:06","guid":{"rendered":"https:\/\/tiendaflex.ec\/?post_type=product&#038;p=22970"},"modified":"2025-09-09T21:09:15","modified_gmt":"2025-09-10T02:09:15","slug":"dw0892g-detector-laser","status":"publish","type":"product","link":"https:\/\/tiendaflex.ec\/en\/product\/dw0892g-detector-laser\/","title":{"rendered":"DW0892G &#8211; DETECTOR L\u00c1SER"},"content":{"rendered":"","protected":false},"excerpt":{"rendered":"<p>\u2728 Precisi\u00f3n y confiabilidad en tus proyectos con la calidad DeWalt. Ideal para trabajos profesionales de medici\u00f3n y nivelaci\u00f3n.<\/p>\n<ul>\n<li>Marca: DEWALT<\/li>\n<\/ul>\n<p>\u2714\ufe0f Precisa a 1,5 mm a 30 m<br \/>\n\u2714\ufe0f Alcance de trabajo: 165 ft (Radio)<br \/>\n\u2714\ufe0f Pantallas delantera y trasera<br \/>\n\u2714\ufe0f LCD retroiluminada<br \/>\n\u2714\ufe0f Se\u00f1al audible y apagado autom\u00e1tico<br \/>\n\u2714\ufe0f Con imanes para fijaci\u00f3n al techo de pista o acero<\/p>\n<p>\ud83d\udcde Contacto: +593984123231<\/p>\n<p>\u26a1 \u00a1OPTIMIZA TU TRABAJO CON PRECISI\u00d3N PROFESIONAL! \u26a1<\/p>","protected":false},"featured_media":22912,"comment_status":"open","ping_status":"closed","template":"","meta":{"_acf_changed":false},"product_brand":[],"product_cat":[544,704],"product_tag":[],"class_list":{"0":"post-22970","1":"product","2":"type-product","3":"status-publish","4":"has-post-thumbnail","6":"product_cat-agricultura-e-industria","7":"product_cat-herramientas-de-medicion","9":"first","10":"instock","11":"sale","12":"taxable","13":"shipping-taxable","14":"purchasable","15":"product-type-simple"},"acf":[],"_links":{"self":[{"href":"https:\/\/tiendaflex.ec\/en\/wp-json\/wp\/v2\/product\/22970","targetHints":{"allow":["GET"]}}],"collection":[{"href":"https:\/\/tiendaflex.ec\/en\/wp-json\/wp\/v2\/product"}],"about":[{"href":"https:\/\/tiendaflex.ec\/en\/wp-json\/wp\/v2\/types\/product"}],"replies":[{"embeddable":true,"href":"https:\/\/tiendaflex.ec\/en\/wp-json\/wp\/v2\/comments?post=22970"}],"version-history":[{"count":2,"href":"https:\/\/tiendaflex.ec\/en\/wp-json\/wp\/v2\/product\/22970\/revisions"}],"predecessor-version":[{"id":23626,"href":"https:\/\/tiendaflex.ec\/en\/wp-json\/wp\/v2\/product\/22970\/revisions\/23626"}],"wp:featuredmedia":[{"embeddable":true,"href":"https:\/\/tiendaflex.ec\/en\/wp-json\/wp\/v2\/media\/22912"}],"wp:attachment":[{"href":"https:\/\/tiendaflex.ec\/en\/wp-json\/wp\/v2\/media?parent=22970"}],"wp:term":[{"taxonomy":"product_brand","embeddable":true,"href":"https:\/\/tiendaflex.ec\/en\/wp-json\/wp\/v2\/product_brand?post=22970"},{"taxonomy":"product_cat","embeddable":true,"href":"https:\/\/tiendaflex.ec\/en\/wp-json\/wp\/v2\/product_cat?post=22970"},{"taxonomy":"product_tag","embeddable":true,"href":"https:\/\/tiendaflex.ec\/en\/wp-json\/wp\/v2\/product_tag?post=22970"}],"curies":[{"name":"wp","href":"https:\/\/api.w.org\/{rel}","templated":true}]}}