{"id":22952,"date":"2025-09-04T18:28:20","date_gmt":"2025-09-04T23:28:20","guid":{"rendered":"https:\/\/tiendaflex.ec\/?post_type=product&#038;p=22952"},"modified":"2025-09-09T21:11:44","modified_gmt":"2025-09-10T02:11:44","slug":"dw083k-nivel-laser-de-3-puntos-luz-roja","status":"publish","type":"product","link":"https:\/\/tiendaflex.ec\/en\/product\/dw083k-nivel-laser-de-3-puntos-luz-roja\/","title":{"rendered":"DW083K &#8211; NIVEL L\u00c1SER DE 3 PUNTOS LUZ ROJA"},"content":{"rendered":"","protected":false},"excerpt":{"rendered":"<p>Alinea y marca tus espacios con precisi\u00f3n profesional con este nivel l\u00e1ser de 3 puntos, ideal para construcci\u00f3n y acabados.<\/p>\n<ul>\n<li>Marca: DEWALT<\/li>\n<\/ul>\n<p>\u2714\ufe0f Caracter\u00edsticas destacadas:<br \/>\n\u2705 Tipo de l\u00e1ser: 3 puntos<br \/>\n\u2705 Color de luz: Roja<br \/>\n\u2705 Precisi\u00f3n profesional para trabajos de alineaci\u00f3n<br \/>\n\u2705 Dise\u00f1o compacto y resistente<\/p>\n<p>\ud83d\udce6 Incluye:<\/p>\n<ul>\n<li>1 Nivel L\u00e1ser de 3 Puntos Luz Roja<\/li>\n<li>1 Estuche de transporte<\/li>\n<li>4 Pilas AA<\/li>\n<\/ul>\n<p>\ud83d\udcde Cont\u00e1ctanos: +593984123231<\/p>","protected":false},"featured_media":22905,"comment_status":"open","ping_status":"closed","template":"","meta":{"_acf_changed":false},"product_brand":[],"product_cat":[544,704],"product_tag":[],"class_list":{"0":"post-22952","1":"product","2":"type-product","3":"status-publish","4":"has-post-thumbnail","6":"product_cat-agricultura-e-industria","7":"product_cat-herramientas-de-medicion","9":"first","10":"instock","11":"sale","12":"taxable","13":"shipping-taxable","14":"purchasable","15":"product-type-simple"},"acf":[],"_links":{"self":[{"href":"https:\/\/tiendaflex.ec\/en\/wp-json\/wp\/v2\/product\/22952","targetHints":{"allow":["GET"]}}],"collection":[{"href":"https:\/\/tiendaflex.ec\/en\/wp-json\/wp\/v2\/product"}],"about":[{"href":"https:\/\/tiendaflex.ec\/en\/wp-json\/wp\/v2\/types\/product"}],"replies":[{"embeddable":true,"href":"https:\/\/tiendaflex.ec\/en\/wp-json\/wp\/v2\/comments?post=22952"}],"version-history":[{"count":2,"href":"https:\/\/tiendaflex.ec\/en\/wp-json\/wp\/v2\/product\/22952\/revisions"}],"predecessor-version":[{"id":23631,"href":"https:\/\/tiendaflex.ec\/en\/wp-json\/wp\/v2\/product\/22952\/revisions\/23631"}],"wp:featuredmedia":[{"embeddable":true,"href":"https:\/\/tiendaflex.ec\/en\/wp-json\/wp\/v2\/media\/22905"}],"wp:attachment":[{"href":"https:\/\/tiendaflex.ec\/en\/wp-json\/wp\/v2\/media?parent=22952"}],"wp:term":[{"taxonomy":"product_brand","embeddable":true,"href":"https:\/\/tiendaflex.ec\/en\/wp-json\/wp\/v2\/product_brand?post=22952"},{"taxonomy":"product_cat","embeddable":true,"href":"https:\/\/tiendaflex.ec\/en\/wp-json\/wp\/v2\/product_cat?post=22952"},{"taxonomy":"product_tag","embeddable":true,"href":"https:\/\/tiendaflex.ec\/en\/wp-json\/wp\/v2\/product_tag?post=22952"}],"curies":[{"name":"wp","href":"https:\/\/api.w.org\/{rel}","templated":true}]}}