{"id":22950,"date":"2025-09-04T18:26:29","date_gmt":"2025-09-04T23:26:29","guid":{"rendered":"https:\/\/tiendaflex.ec\/?post_type=product&#038;p=22950"},"modified":"2025-09-09T21:11:57","modified_gmt":"2025-09-10T02:11:57","slug":"nivel-laser-cruz-rojo-dewalt-dw088","status":"publish","type":"product","link":"https:\/\/tiendaflex.ec\/en\/product\/nivel-laser-cruz-rojo-dewalt-dw088\/","title":{"rendered":"\u00a0NIVEL L\u00c1SER CRUZ ROJO \u2013 DEWALT DW088"},"content":{"rendered":"","protected":false},"excerpt":{"rendered":"<p>Haz tus trabajos de alineaci\u00f3n m\u00e1s r\u00e1pidos, precisos y profesionales con este nivel l\u00e1ser tipo cruz. Ideal para construcci\u00f3n, acabados y montajes.<\/p>\n<ul>\n<li>Marca: DEWALT<\/li>\n<\/ul>\n<p>\u2714\ufe0f Caracter\u00edsticas destacadas:<br \/>\n\u2705 Tipo de l\u00e1ser: Cruz<br \/>\n\u2705 Color: Rojo<br \/>\n\u2705 Precisi\u00f3n: +\/- 3 mm a 9 m<br \/>\n\u2705 Alcance: 15 m<br \/>\n\u2705 Resistencia al agua: IP54<br \/>\n\u2705 Soporte magn\u00e9tico integrado<br \/>\n\u2705 Rosca de sujeci\u00f3n: 1\/4\u201d \u2013 20<br \/>\n\u2705 Alimentaci\u00f3n: 3 pilas AA<\/p>\n<p>\ud83d\udce6 Incluye:<\/p>\n<ul>\n<li>1 L\u00e1ser DW088K<\/li>\n<li>1 Montaje en pared\/techo<\/li>\n<li>3 Pilas AA<\/li>\n<li>1 Estuche de transporte<\/li>\n<\/ul>\n<p>\ud83d\udcde Cont\u00e1ctanos: +593984123231<\/p>","protected":false},"featured_media":22904,"comment_status":"open","ping_status":"closed","template":"","meta":{"_acf_changed":false},"product_brand":[],"product_cat":[544,704],"product_tag":[],"class_list":{"0":"post-22950","1":"product","2":"type-product","3":"status-publish","4":"has-post-thumbnail","6":"product_cat-agricultura-e-industria","7":"product_cat-herramientas-de-medicion","9":"first","10":"instock","11":"sale","12":"taxable","13":"shipping-taxable","14":"purchasable","15":"product-type-simple"},"acf":[],"_links":{"self":[{"href":"https:\/\/tiendaflex.ec\/en\/wp-json\/wp\/v2\/product\/22950","targetHints":{"allow":["GET"]}}],"collection":[{"href":"https:\/\/tiendaflex.ec\/en\/wp-json\/wp\/v2\/product"}],"about":[{"href":"https:\/\/tiendaflex.ec\/en\/wp-json\/wp\/v2\/types\/product"}],"replies":[{"embeddable":true,"href":"https:\/\/tiendaflex.ec\/en\/wp-json\/wp\/v2\/comments?post=22950"}],"version-history":[{"count":2,"href":"https:\/\/tiendaflex.ec\/en\/wp-json\/wp\/v2\/product\/22950\/revisions"}],"predecessor-version":[{"id":23632,"href":"https:\/\/tiendaflex.ec\/en\/wp-json\/wp\/v2\/product\/22950\/revisions\/23632"}],"wp:featuredmedia":[{"embeddable":true,"href":"https:\/\/tiendaflex.ec\/en\/wp-json\/wp\/v2\/media\/22904"}],"wp:attachment":[{"href":"https:\/\/tiendaflex.ec\/en\/wp-json\/wp\/v2\/media?parent=22950"}],"wp:term":[{"taxonomy":"product_brand","embeddable":true,"href":"https:\/\/tiendaflex.ec\/en\/wp-json\/wp\/v2\/product_brand?post=22950"},{"taxonomy":"product_cat","embeddable":true,"href":"https:\/\/tiendaflex.ec\/en\/wp-json\/wp\/v2\/product_cat?post=22950"},{"taxonomy":"product_tag","embeddable":true,"href":"https:\/\/tiendaflex.ec\/en\/wp-json\/wp\/v2\/product_tag?post=22950"}],"curies":[{"name":"wp","href":"https:\/\/api.w.org\/{rel}","templated":true}]}}