{"id":22875,"date":"2025-09-02T19:27:02","date_gmt":"2025-09-03T00:27:02","guid":{"rendered":"https:\/\/tiendaflex.ec\/?post_type=product&#038;p=22875"},"modified":"2025-09-08T21:06:16","modified_gmt":"2025-09-09T02:06:16","slug":"dwa55set-kit-de-puntas-destornilladoras-55-piezas","status":"publish","type":"product","link":"https:\/\/tiendaflex.ec\/en\/product\/dwa55set-kit-de-puntas-destornilladoras-55-piezas\/","title":{"rendered":"DWA55SET &#8211; KIT DE PUNTAS DESTORNILLADORAS 55 PIEZAS"},"content":{"rendered":"","protected":false},"excerpt":{"rendered":"<p>Kit completo de 55 puntas para destornillador, dise\u00f1ado para ofrecer versatilidad y durabilidad en m\u00faltiples aplicaciones de atornillado y ensamblaje. Ideal para uso profesional y dom\u00e9stico.<\/p>\n<ul>\n<li>Marca: DEWALT<\/li>\n<\/ul>\n<p>\u2714\ufe0f Caracter\u00edsticas:<br \/>\n\u2705 55 piezas de diferentes tipos y tama\u00f1os<br \/>\n\u2705 Compatible con herramientas el\u00e9ctricas<br \/>\n\u2705 Material resistente para larga duraci\u00f3n<br \/>\n\u2705 F\u00e1cil almacenamiento y transporte<\/p>\n<p>\ud83d\udcde Cont\u00e1ctanos: +593984123231<\/p>","protected":false},"featured_media":22835,"comment_status":"open","ping_status":"closed","template":"","meta":{"_acf_changed":false},"product_brand":[],"product_cat":[544,706],"product_tag":[],"class_list":{"0":"post-22875","1":"product","2":"type-product","3":"status-publish","4":"has-post-thumbnail","6":"product_cat-agricultura-e-industria","7":"product_cat-dados-y-accesorios","9":"first","10":"instock","11":"sale","12":"taxable","13":"shipping-taxable","14":"purchasable","15":"product-type-simple"},"acf":[],"_links":{"self":[{"href":"https:\/\/tiendaflex.ec\/en\/wp-json\/wp\/v2\/product\/22875","targetHints":{"allow":["GET"]}}],"collection":[{"href":"https:\/\/tiendaflex.ec\/en\/wp-json\/wp\/v2\/product"}],"about":[{"href":"https:\/\/tiendaflex.ec\/en\/wp-json\/wp\/v2\/types\/product"}],"replies":[{"embeddable":true,"href":"https:\/\/tiendaflex.ec\/en\/wp-json\/wp\/v2\/comments?post=22875"}],"version-history":[{"count":2,"href":"https:\/\/tiendaflex.ec\/en\/wp-json\/wp\/v2\/product\/22875\/revisions"}],"predecessor-version":[{"id":23375,"href":"https:\/\/tiendaflex.ec\/en\/wp-json\/wp\/v2\/product\/22875\/revisions\/23375"}],"wp:featuredmedia":[{"embeddable":true,"href":"https:\/\/tiendaflex.ec\/en\/wp-json\/wp\/v2\/media\/22835"}],"wp:attachment":[{"href":"https:\/\/tiendaflex.ec\/en\/wp-json\/wp\/v2\/media?parent=22875"}],"wp:term":[{"taxonomy":"product_brand","embeddable":true,"href":"https:\/\/tiendaflex.ec\/en\/wp-json\/wp\/v2\/product_brand?post=22875"},{"taxonomy":"product_cat","embeddable":true,"href":"https:\/\/tiendaflex.ec\/en\/wp-json\/wp\/v2\/product_cat?post=22875"},{"taxonomy":"product_tag","embeddable":true,"href":"https:\/\/tiendaflex.ec\/en\/wp-json\/wp\/v2\/product_tag?post=22875"}],"curies":[{"name":"wp","href":"https:\/\/api.w.org\/{rel}","templated":true}]}}