{"id":22872,"date":"2025-09-02T19:24:25","date_gmt":"2025-09-03T00:24:25","guid":{"rendered":"https:\/\/tiendaflex.ec\/?post_type=product&#038;p=22872"},"modified":"2025-09-08T21:07:06","modified_gmt":"2025-09-09T02:07:06","slug":"dw2504tg-set-de-puntas-27-piezas","status":"publish","type":"product","link":"https:\/\/tiendaflex.ec\/en\/product\/dw2504tg-set-de-puntas-27-piezas\/","title":{"rendered":"DW2504TG &#8211; SET DE PUNTAS | 27 PIEZAS"},"content":{"rendered":"","protected":false},"excerpt":{"rendered":"<p>Set de 27 puntas para destornillador con dise\u00f1o patentado que facilita la extracci\u00f3n y permite visualizar el contenido gracias a su tapa transparente. Fabricadas en acero tratado t\u00e9rmicamente S2, maximizan el torque y la durabilidad para m\u00faltiples aplicaciones.<\/p>\n<p>\u2714\ufe0f Caracter\u00edsticas:<\/p>\n<ul>\n<li>Marca: DEWALT<\/li>\n<\/ul>\n<p>\u2705 Material de acero tratado t\u00e9rmicamente S2 para mayor durabilidad<br \/>\n\u2705 Compatible con herramientas el\u00e9ctricas<br \/>\n\u2705 Incluye 27 piezas<br \/>\n\u2705 Tapa transparente para f\u00e1cil visualizaci\u00f3n<br \/>\n\u2705 Resistente a torque intenso<\/p>\n<p>\ud83d\udcde Cont\u00e1ctanos: +593984123231<\/p>","protected":false},"featured_media":22834,"comment_status":"open","ping_status":"closed","template":"","meta":{"_acf_changed":false},"product_brand":[],"product_cat":[544,706],"product_tag":[],"class_list":{"0":"post-22872","1":"product","2":"type-product","3":"status-publish","4":"has-post-thumbnail","6":"product_cat-agricultura-e-industria","7":"product_cat-dados-y-accesorios","9":"first","10":"instock","11":"sale","12":"taxable","13":"shipping-taxable","14":"purchasable","15":"product-type-simple"},"acf":[],"_links":{"self":[{"href":"https:\/\/tiendaflex.ec\/en\/wp-json\/wp\/v2\/product\/22872","targetHints":{"allow":["GET"]}}],"collection":[{"href":"https:\/\/tiendaflex.ec\/en\/wp-json\/wp\/v2\/product"}],"about":[{"href":"https:\/\/tiendaflex.ec\/en\/wp-json\/wp\/v2\/types\/product"}],"replies":[{"embeddable":true,"href":"https:\/\/tiendaflex.ec\/en\/wp-json\/wp\/v2\/comments?post=22872"}],"version-history":[{"count":2,"href":"https:\/\/tiendaflex.ec\/en\/wp-json\/wp\/v2\/product\/22872\/revisions"}],"predecessor-version":[{"id":23376,"href":"https:\/\/tiendaflex.ec\/en\/wp-json\/wp\/v2\/product\/22872\/revisions\/23376"}],"wp:featuredmedia":[{"embeddable":true,"href":"https:\/\/tiendaflex.ec\/en\/wp-json\/wp\/v2\/media\/22834"}],"wp:attachment":[{"href":"https:\/\/tiendaflex.ec\/en\/wp-json\/wp\/v2\/media?parent=22872"}],"wp:term":[{"taxonomy":"product_brand","embeddable":true,"href":"https:\/\/tiendaflex.ec\/en\/wp-json\/wp\/v2\/product_brand?post=22872"},{"taxonomy":"product_cat","embeddable":true,"href":"https:\/\/tiendaflex.ec\/en\/wp-json\/wp\/v2\/product_cat?post=22872"},{"taxonomy":"product_tag","embeddable":true,"href":"https:\/\/tiendaflex.ec\/en\/wp-json\/wp\/v2\/product_tag?post=22872"}],"curies":[{"name":"wp","href":"https:\/\/api.w.org\/{rel}","templated":true}]}}