{"id":22868,"date":"2025-09-02T19:18:57","date_gmt":"2025-09-03T00:18:57","guid":{"rendered":"https:\/\/tiendaflex.ec\/?post_type=product&#038;p=22868"},"modified":"2025-09-16T20:56:46","modified_gmt":"2025-09-17T01:56:46","slug":"dcf922d2-b3-kit-de-llave-de-impacto-1-2","status":"publish","type":"product","link":"https:\/\/tiendaflex.ec\/en\/product\/dcf922d2-b3-kit-de-llave-de-impacto-1-2\/","title":{"rendered":"DCF922D2-B3 &#8211; KIT DE LLAVE DE IMPACTO 1\/2&#8243;"},"content":{"rendered":"","protected":false},"excerpt":{"rendered":"<p>Kit compacto y ligero dise\u00f1ado para trabajos exigentes con tecnolog\u00eda ATOMIC y motor sin carbones para mayor durabilidad y menor mantenimiento.<\/p>\n<ul>\n<li>Marca: DEWALT<\/li>\n<\/ul>\n<p>\u2714\ufe0f Torque m\u00e1ximo: 300 ft-lb (406 Nm) apriete \/ 450 ft-lb (610 Nm) afloje<br \/>\n\u2714\ufe0f Dise\u00f1o compacto: 28% m\u00e1s peque\u00f1o para mejor acceso en espacios reducidos<br \/>\n\u2714\ufe0f Material: Carcasa de nylon relleno de vidrio, resistente a qu\u00edmicos y disolventes<br \/>\n\u2714\ufe0f Tecnolog\u00eda Precision Wrench\u2122 con 4 velocidades y modo Timber Screw para control en madera<br \/>\n\u2714\ufe0f Anillo de luz LED con 3 niveles de brillo para \u00e1reas poco iluminadas<\/p>\n<p>\ud83d\udce6 Incluye:<\/p>\n<ul>\n<li>(1) Llave de impacto DCF922 con gancho para cintur\u00f3n<\/li>\n<li>(2) Bater\u00edas 2.0 Ah 20V MAX* DCB203<\/li>\n<li>(1) Cargador<\/li>\n<li>(1) Maleta de lona<\/li>\n<\/ul>\n<p>\ud83d\udcde Cont\u00e1ctanos: +593984123231<\/p>","protected":false},"featured_media":22832,"comment_status":"open","ping_status":"closed","template":"","meta":{"_acf_changed":false},"product_brand":[],"product_cat":[544,595],"product_tag":[],"class_list":{"0":"post-22868","1":"product","2":"type-product","3":"status-publish","4":"has-post-thumbnail","6":"product_cat-agricultura-e-industria","7":"product_cat-atornilladores-y-destornilladores","9":"first","10":"instock","11":"sale","12":"taxable","13":"shipping-taxable","14":"purchasable","15":"product-type-simple"},"acf":[],"_links":{"self":[{"href":"https:\/\/tiendaflex.ec\/en\/wp-json\/wp\/v2\/product\/22868","targetHints":{"allow":["GET"]}}],"collection":[{"href":"https:\/\/tiendaflex.ec\/en\/wp-json\/wp\/v2\/product"}],"about":[{"href":"https:\/\/tiendaflex.ec\/en\/wp-json\/wp\/v2\/types\/product"}],"replies":[{"embeddable":true,"href":"https:\/\/tiendaflex.ec\/en\/wp-json\/wp\/v2\/comments?post=22868"}],"version-history":[{"count":2,"href":"https:\/\/tiendaflex.ec\/en\/wp-json\/wp\/v2\/product\/22868\/revisions"}],"predecessor-version":[{"id":23218,"href":"https:\/\/tiendaflex.ec\/en\/wp-json\/wp\/v2\/product\/22868\/revisions\/23218"}],"wp:featuredmedia":[{"embeddable":true,"href":"https:\/\/tiendaflex.ec\/en\/wp-json\/wp\/v2\/media\/22832"}],"wp:attachment":[{"href":"https:\/\/tiendaflex.ec\/en\/wp-json\/wp\/v2\/media?parent=22868"}],"wp:term":[{"taxonomy":"product_brand","embeddable":true,"href":"https:\/\/tiendaflex.ec\/en\/wp-json\/wp\/v2\/product_brand?post=22868"},{"taxonomy":"product_cat","embeddable":true,"href":"https:\/\/tiendaflex.ec\/en\/wp-json\/wp\/v2\/product_cat?post=22868"},{"taxonomy":"product_tag","embeddable":true,"href":"https:\/\/tiendaflex.ec\/en\/wp-json\/wp\/v2\/product_tag?post=22868"}],"curies":[{"name":"wp","href":"https:\/\/api.w.org\/{rel}","templated":true}]}}