{"id":22866,"date":"2025-09-02T19:16:18","date_gmt":"2025-09-03T00:16:18","guid":{"rendered":"https:\/\/tiendaflex.ec\/?post_type=product&#038;p=22866"},"modified":"2025-09-08T14:23:43","modified_gmt":"2025-09-08T19:23:43","slug":"dcf900p2-llave-de-impacto-1-2-20v","status":"publish","type":"product","link":"https:\/\/tiendaflex.ec\/en\/product\/dcf900p2-llave-de-impacto-1-2-20v\/","title":{"rendered":"DCF900P2 &#8211; LLAVE DE IMPACTO 1\/2&#8243;\u00bb 20V"},"content":{"rendered":"","protected":false},"excerpt":{"rendered":"<p>Llave de impacto inal\u00e1mbrica DCF900P2 dise\u00f1ada para trabajos de alto torque con tecnolog\u00eda BUSHLESS y control Precision Wrench\u2122 para evitar apriete excesivo.<\/p>\n<ul>\n<li>Marca: DEWALT<\/li>\n<\/ul>\n<p>\u2714\ufe0f Encastre: 1\/2\u201d Cuadrado con Hog Ring Anvil<br \/>\n\u2714\ufe0f Velocidad sin carga:<\/p>\n<p>Velocidad 1: Avance 0-650 RPM \/ Reversa 0-2300 RPM<\/p>\n<p>Velocidad 2: Avance 0-1400 RPM \/ Reversa 0-2300 RPM<\/p>\n<p>Velocidad 3: Avance 0-2300 RPM \/ Reversa 0-2300 RPM<br \/>\n\u2714\ufe0f Torque m\u00e1ximo: 1030 ft-lb (apriete) \/ 1400 ft-lb (afloje)<br \/>\n\u2714\ufe0f Dimensiones: 8.8\u201d<br \/>\n\u2714\ufe0f LED: S\u00ed<br \/>\n\u2714\ufe0f Peso: 3.26 kg \/ 7.2 lb<br \/>\n\u2714\ufe0f Tipo de bater\u00eda: (2) 20V 5.0Ah Max XR Premium Lithium Ion<br \/>\n\u2714\ufe0f Incluye: Cargador r\u00e1pido y caja pl\u00e1stica<\/p>\n<p>\ud83d\udcde Cont\u00e1ctanos: +593984123231<\/p>","protected":false},"featured_media":22831,"comment_status":"open","ping_status":"closed","template":"","meta":{"_acf_changed":false},"product_brand":[],"product_cat":[544,595],"product_tag":[],"class_list":{"0":"post-22866","1":"product","2":"type-product","3":"status-publish","4":"has-post-thumbnail","6":"product_cat-agricultura-e-industria","7":"product_cat-atornilladores-y-destornilladores","9":"first","10":"instock","11":"sale","12":"taxable","13":"shipping-taxable","14":"purchasable","15":"product-type-simple"},"acf":[],"_links":{"self":[{"href":"https:\/\/tiendaflex.ec\/en\/wp-json\/wp\/v2\/product\/22866","targetHints":{"allow":["GET"]}}],"collection":[{"href":"https:\/\/tiendaflex.ec\/en\/wp-json\/wp\/v2\/product"}],"about":[{"href":"https:\/\/tiendaflex.ec\/en\/wp-json\/wp\/v2\/types\/product"}],"replies":[{"embeddable":true,"href":"https:\/\/tiendaflex.ec\/en\/wp-json\/wp\/v2\/comments?post=22866"}],"version-history":[{"count":2,"href":"https:\/\/tiendaflex.ec\/en\/wp-json\/wp\/v2\/product\/22866\/revisions"}],"predecessor-version":[{"id":23219,"href":"https:\/\/tiendaflex.ec\/en\/wp-json\/wp\/v2\/product\/22866\/revisions\/23219"}],"wp:featuredmedia":[{"embeddable":true,"href":"https:\/\/tiendaflex.ec\/en\/wp-json\/wp\/v2\/media\/22831"}],"wp:attachment":[{"href":"https:\/\/tiendaflex.ec\/en\/wp-json\/wp\/v2\/media?parent=22866"}],"wp:term":[{"taxonomy":"product_brand","embeddable":true,"href":"https:\/\/tiendaflex.ec\/en\/wp-json\/wp\/v2\/product_brand?post=22866"},{"taxonomy":"product_cat","embeddable":true,"href":"https:\/\/tiendaflex.ec\/en\/wp-json\/wp\/v2\/product_cat?post=22866"},{"taxonomy":"product_tag","embeddable":true,"href":"https:\/\/tiendaflex.ec\/en\/wp-json\/wp\/v2\/product_tag?post=22866"}],"curies":[{"name":"wp","href":"https:\/\/api.w.org\/{rel}","templated":true}]}}