{"id":22859,"date":"2025-09-02T19:06:05","date_gmt":"2025-09-03T00:06:05","guid":{"rendered":"https:\/\/tiendaflex.ec\/?post_type=product&#038;p=22859"},"modified":"2025-09-08T14:23:23","modified_gmt":"2025-09-08T19:23:23","slug":"dw255-atornillador-540w","status":"publish","type":"product","link":"https:\/\/tiendaflex.ec\/en\/product\/dw255-atornillador-540w\/","title":{"rendered":"DW255 &#8211; ATORNILLADOR 540W"},"content":{"rendered":"","protected":false},"excerpt":{"rendered":"<p>DEWALT DW255 \u2013 Atornillador profesional ideal para placas de yeso y maderas de baja dureza.<\/p>\n<ul>\n<li>Marca: DEWALT<\/li>\n<\/ul>\n<p>\u2714\ufe0f Alta velocidad: Hasta 5300 RPM<br \/>\n\u2714\ufe0f Potencia: 540 W<br \/>\n\u2714\ufe0f Sistema autom\u00e1tico de regulaci\u00f3n de profundidad: Mayor precisi\u00f3n<br \/>\n\u2714\ufe0f Empu\u00f1adura recubierta de goma: Comodidad y control<br \/>\n\u2714\ufe0f Dise\u00f1o ergon\u00f3mico: Interruptor de 2 dedos para uso continuo<br \/>\n\u2714\ufe0f Anclaje de cintur\u00f3n integrado: Facilita el transporte durante el trabajo<\/p>\n<p>Incluye:<br \/>\n\u2714\ufe0f (1) Punta Phillips\u00a0#2<br \/>\n\u2714\ufe0f (1) Sujetador de punta magn\u00e9tico<\/p>\n<p>\ud83d\udcb0 Precio en efectivo: $146,66<br \/>\n\ud83d\udccd Disponible en Tienda Flex<br \/>\n\ud83d\udcb3 Formas de pago: Efectivo, transferencia o tarjeta<br \/>\n\ud83d\udcde Cont\u00e1ctanos: +593984123231<\/p>","protected":false},"featured_media":22828,"comment_status":"open","ping_status":"closed","template":"","meta":{"_acf_changed":false},"product_brand":[],"product_cat":[544,595],"product_tag":[],"class_list":{"0":"post-22859","1":"product","2":"type-product","3":"status-publish","4":"has-post-thumbnail","6":"product_cat-agricultura-e-industria","7":"product_cat-atornilladores-y-destornilladores","9":"first","10":"instock","11":"sale","12":"taxable","13":"shipping-taxable","14":"purchasable","15":"product-type-simple"},"acf":[],"_links":{"self":[{"href":"https:\/\/tiendaflex.ec\/en\/wp-json\/wp\/v2\/product\/22859","targetHints":{"allow":["GET"]}}],"collection":[{"href":"https:\/\/tiendaflex.ec\/en\/wp-json\/wp\/v2\/product"}],"about":[{"href":"https:\/\/tiendaflex.ec\/en\/wp-json\/wp\/v2\/types\/product"}],"replies":[{"embeddable":true,"href":"https:\/\/tiendaflex.ec\/en\/wp-json\/wp\/v2\/comments?post=22859"}],"version-history":[{"count":2,"href":"https:\/\/tiendaflex.ec\/en\/wp-json\/wp\/v2\/product\/22859\/revisions"}],"predecessor-version":[{"id":23222,"href":"https:\/\/tiendaflex.ec\/en\/wp-json\/wp\/v2\/product\/22859\/revisions\/23222"}],"wp:featuredmedia":[{"embeddable":true,"href":"https:\/\/tiendaflex.ec\/en\/wp-json\/wp\/v2\/media\/22828"}],"wp:attachment":[{"href":"https:\/\/tiendaflex.ec\/en\/wp-json\/wp\/v2\/media?parent=22859"}],"wp:term":[{"taxonomy":"product_brand","embeddable":true,"href":"https:\/\/tiendaflex.ec\/en\/wp-json\/wp\/v2\/product_brand?post=22859"},{"taxonomy":"product_cat","embeddable":true,"href":"https:\/\/tiendaflex.ec\/en\/wp-json\/wp\/v2\/product_cat?post=22859"},{"taxonomy":"product_tag","embeddable":true,"href":"https:\/\/tiendaflex.ec\/en\/wp-json\/wp\/v2\/product_tag?post=22859"}],"curies":[{"name":"wp","href":"https:\/\/api.w.org\/{rel}","templated":true}]}}