{"id":22846,"date":"2025-09-02T18:48:49","date_gmt":"2025-09-02T23:48:49","guid":{"rendered":"https:\/\/tiendaflex.ec\/?post_type=product&#038;p=22846"},"modified":"2025-09-09T23:05:35","modified_gmt":"2025-09-10T04:05:35","slug":"d25733k-rotomartillo-max-13-3j-2%e2%80%b3","status":"publish","type":"product","link":"https:\/\/tiendaflex.ec\/en\/product\/d25733k-rotomartillo-max-13-3j-2%e2%80%b3\/","title":{"rendered":"D25733K &#8211; ROTOMARTILLO MAX 13.3J 2\u2033"},"content":{"rendered":"","protected":false},"excerpt":{"rendered":"<p>Potente rotomartillo SDS MAX de DeWalt, ideal para perforar y cincelar concreto de manera profesional. Dise\u00f1o ergon\u00f3mico con control de vibraci\u00f3n SHOCKS\u2122 y sistema de seguridad E-Clutch.<\/p>\n<ul>\n<li>Marca: DEWALT<\/li>\n<\/ul>\n<p>\u2714\ufe0f Energ\u00eda de impacto: 13.3 Joules<br \/>\n\u2714\ufe0f Potencia: 1600W<br \/>\n\u2714\ufe0f Amperaje: 15.0 A<br \/>\n\u2714\ufe0f Velocidad sin carga: 177-355 RPM<br \/>\n\u2714\ufe0f Golpes por minuto: 1.350 \u2013 2.705 GPM<br \/>\n\u2714\ufe0f Control de vibraci\u00f3n: S\u00ed (SHOCKS\u2122)<br \/>\n\u2714\ufe0f Sistema de seguridad: E-Clutch<br \/>\n\u2714\ufe0f Cincelado: S\u00ed<br \/>\n\u2714\ufe0f \u00d8 perforaci\u00f3n en concreto: 46.7 mm \/ 1-7\/8\u201d<br \/>\n\u2714\ufe0f Largo de la herramienta: 21.4\u201d<\/p>\n<p>\ud83d\udcde Cont\u00e1ctanos: +593984123231<\/p>","protected":false},"featured_media":22821,"comment_status":"open","ping_status":"closed","template":"","meta":{"_acf_changed":false},"product_brand":[],"product_cat":[544,558],"product_tag":[],"class_list":{"0":"post-22846","1":"product","2":"type-product","3":"status-publish","4":"has-post-thumbnail","6":"product_cat-agricultura-e-industria","7":"product_cat-taladro","9":"first","10":"instock","11":"sale","12":"taxable","13":"shipping-taxable","14":"purchasable","15":"product-type-simple"},"acf":[],"_links":{"self":[{"href":"https:\/\/tiendaflex.ec\/en\/wp-json\/wp\/v2\/product\/22846","targetHints":{"allow":["GET"]}}],"collection":[{"href":"https:\/\/tiendaflex.ec\/en\/wp-json\/wp\/v2\/product"}],"about":[{"href":"https:\/\/tiendaflex.ec\/en\/wp-json\/wp\/v2\/types\/product"}],"replies":[{"embeddable":true,"href":"https:\/\/tiendaflex.ec\/en\/wp-json\/wp\/v2\/comments?post=22846"}],"version-history":[{"count":2,"href":"https:\/\/tiendaflex.ec\/en\/wp-json\/wp\/v2\/product\/22846\/revisions"}],"predecessor-version":[{"id":23730,"href":"https:\/\/tiendaflex.ec\/en\/wp-json\/wp\/v2\/product\/22846\/revisions\/23730"}],"wp:featuredmedia":[{"embeddable":true,"href":"https:\/\/tiendaflex.ec\/en\/wp-json\/wp\/v2\/media\/22821"}],"wp:attachment":[{"href":"https:\/\/tiendaflex.ec\/en\/wp-json\/wp\/v2\/media?parent=22846"}],"wp:term":[{"taxonomy":"product_brand","embeddable":true,"href":"https:\/\/tiendaflex.ec\/en\/wp-json\/wp\/v2\/product_brand?post=22846"},{"taxonomy":"product_cat","embeddable":true,"href":"https:\/\/tiendaflex.ec\/en\/wp-json\/wp\/v2\/product_cat?post=22846"},{"taxonomy":"product_tag","embeddable":true,"href":"https:\/\/tiendaflex.ec\/en\/wp-json\/wp\/v2\/product_tag?post=22846"}],"curies":[{"name":"wp","href":"https:\/\/api.w.org\/{rel}","templated":true}]}}