{"id":22807,"date":"2025-09-01T20:25:21","date_gmt":"2025-09-02T01:25:21","guid":{"rendered":"https:\/\/tiendaflex.ec\/?post_type=product&#038;p=22807"},"modified":"2025-09-09T22:15:10","modified_gmt":"2025-09-10T03:15:10","slug":"dcps620m1-sierra-de-poste-20v-max-xr","status":"publish","type":"product","link":"https:\/\/tiendaflex.ec\/en\/product\/dcps620m1-sierra-de-poste-20v-max-xr\/","title":{"rendered":"DCPS620M1- Sierra de Poste 20V MAX* XR"},"content":{"rendered":"","protected":false},"excerpt":{"rendered":"<p>Potencia, precisi\u00f3n y alcance para el cuidado profesional de \u00e1rboles. La DCPS620M1 permite podar ramas de gran altura de manera segura y eficiente.<\/p>\n<ul>\n<li>Marca: DEWALT<\/li>\n<\/ul>\n<p>\u2714\ufe0f Motor sin escobillas para mayor durabilidad y hasta 96 cortes por carga en madera tratada 4&#215;4\u201d.<br \/>\n\u2714\ufe0f Barra y cadena de 8\u201d con bajo retroceso para seguridad y control.<br \/>\n\u2714\ufe0f Alcance de 4.5 m para trabajos en altura sin escalera.<br \/>\n\u2714\ufe0f Tira de refuerzo met\u00e1lica y gancho para \u00e1rboles para un agarre seguro y extracci\u00f3n f\u00e1cil de ramas podadas.<br \/>\n\u2714\ufe0f Dise\u00f1o ligero y ergon\u00f3mico, ideal para uso prolongado.<\/p>\n<p>\ud83d\udcde Cont\u00e1ctanos al +593984123231 y lleva tu jard\u00edn al siguiente nivel con DEWALT.<\/p>","protected":false},"featured_media":22757,"comment_status":"open","ping_status":"closed","template":"","meta":{"_acf_changed":false},"product_brand":[],"product_cat":[544,559],"product_tag":[],"class_list":{"0":"post-22807","1":"product","2":"type-product","3":"status-publish","4":"has-post-thumbnail","6":"product_cat-agricultura-e-industria","7":"product_cat-sierras","9":"first","10":"instock","11":"sale","12":"taxable","13":"shipping-taxable","14":"purchasable","15":"product-type-simple"},"acf":[],"_links":{"self":[{"href":"https:\/\/tiendaflex.ec\/en\/wp-json\/wp\/v2\/product\/22807","targetHints":{"allow":["GET"]}}],"collection":[{"href":"https:\/\/tiendaflex.ec\/en\/wp-json\/wp\/v2\/product"}],"about":[{"href":"https:\/\/tiendaflex.ec\/en\/wp-json\/wp\/v2\/types\/product"}],"replies":[{"embeddable":true,"href":"https:\/\/tiendaflex.ec\/en\/wp-json\/wp\/v2\/comments?post=22807"}],"version-history":[{"count":2,"href":"https:\/\/tiendaflex.ec\/en\/wp-json\/wp\/v2\/product\/22807\/revisions"}],"predecessor-version":[{"id":23682,"href":"https:\/\/tiendaflex.ec\/en\/wp-json\/wp\/v2\/product\/22807\/revisions\/23682"}],"wp:featuredmedia":[{"embeddable":true,"href":"https:\/\/tiendaflex.ec\/en\/wp-json\/wp\/v2\/media\/22757"}],"wp:attachment":[{"href":"https:\/\/tiendaflex.ec\/en\/wp-json\/wp\/v2\/media?parent=22807"}],"wp:term":[{"taxonomy":"product_brand","embeddable":true,"href":"https:\/\/tiendaflex.ec\/en\/wp-json\/wp\/v2\/product_brand?post=22807"},{"taxonomy":"product_cat","embeddable":true,"href":"https:\/\/tiendaflex.ec\/en\/wp-json\/wp\/v2\/product_cat?post=22807"},{"taxonomy":"product_tag","embeddable":true,"href":"https:\/\/tiendaflex.ec\/en\/wp-json\/wp\/v2\/product_tag?post=22807"}],"curies":[{"name":"wp","href":"https:\/\/api.w.org\/{rel}","templated":true}]}}