{"id":22789,"date":"2025-09-01T20:07:04","date_gmt":"2025-09-02T01:07:04","guid":{"rendered":"https:\/\/tiendaflex.ec\/?post_type=product&#038;p=22789"},"modified":"2025-09-19T12:51:23","modified_gmt":"2025-09-19T17:51:23","slug":"dcg412p2-esmeriladora-20v-max","status":"publish","type":"product","link":"https:\/\/tiendaflex.ec\/en\/product\/dcg412p2-esmeriladora-20v-max\/","title":{"rendered":"DCG412P2 &#8211; ESMERILADORA 20V MAX"},"content":{"rendered":"","protected":false},"excerpt":{"rendered":"<p>La combinaci\u00f3n perfecta de potencia, autonom\u00eda y ergonom\u00eda para trabajos exigentes.<\/p>\n<p>\u2714\ufe0f Marca: DeWalt<br \/>\n\u2714\ufe0f Modelo: DCG412P2<br \/>\n\u2714\ufe0f Motor: BRUSHLESS (sin escobillas, libre de mantenimiento)<br \/>\n\u2714\ufe0f Voltaje: 20V MAX ION-LI<br \/>\n\u2714\ufe0f Bater\u00edas: 2 de 5.0Ah (incluidas) \ud83d\udd0b\ud83d\udd0b<br \/>\n\u2714\ufe0f Velocidad: 8,000 RPM<br \/>\n\u2714\ufe0f Engranajes helicoidales met\u00e1licos de alta durabilidad<br \/>\n\u2714\ufe0f Caja tipo Jampot para mejor ergonom\u00eda<br \/>\n\u2714\ufe0f Guarda protectora de ajuste r\u00e1pido<br \/>\n\u2714\ufe0f Cambio de accesorios sin herramientas<\/p>\n<p>\ud83d\udce6 Incluye:<br \/>\n(1) Esmeriladora DCG412P2<br \/>\n(2) Bater\u00edas 20V 5.0Ah<br \/>\n(1) Cargador<br \/>\n(1) Llave de ajuste<br \/>\n(1) Empu\u00f1adura lateral<br \/>\n(1) Disco de desbaste<br \/>\nMalet\u00edn de transporte<\/p>\n<p>\ud83d\udcde Cont\u00e1ctanos: +593984123231<\/p>\n<p>\u2705 Potencia inal\u00e1mbrica + m\u00e1xima autonom\u00eda para profesionales.<\/p>","protected":false},"featured_media":22737,"comment_status":"open","ping_status":"closed","template":"","meta":{"_acf_changed":false},"product_brand":[],"product_cat":[544,702],"product_tag":[],"class_list":{"0":"post-22789","1":"product","2":"type-product","3":"status-publish","4":"has-post-thumbnail","6":"product_cat-agricultura-e-industria","7":"product_cat-esmeriladoras","9":"first","10":"instock","11":"sale","12":"taxable","13":"shipping-taxable","14":"purchasable","15":"product-type-simple"},"acf":[],"_links":{"self":[{"href":"https:\/\/tiendaflex.ec\/en\/wp-json\/wp\/v2\/product\/22789","targetHints":{"allow":["GET"]}}],"collection":[{"href":"https:\/\/tiendaflex.ec\/en\/wp-json\/wp\/v2\/product"}],"about":[{"href":"https:\/\/tiendaflex.ec\/en\/wp-json\/wp\/v2\/types\/product"}],"replies":[{"embeddable":true,"href":"https:\/\/tiendaflex.ec\/en\/wp-json\/wp\/v2\/comments?post=22789"}],"version-history":[{"count":1,"href":"https:\/\/tiendaflex.ec\/en\/wp-json\/wp\/v2\/product\/22789\/revisions"}],"predecessor-version":[{"id":22790,"href":"https:\/\/tiendaflex.ec\/en\/wp-json\/wp\/v2\/product\/22789\/revisions\/22790"}],"wp:featuredmedia":[{"embeddable":true,"href":"https:\/\/tiendaflex.ec\/en\/wp-json\/wp\/v2\/media\/22737"}],"wp:attachment":[{"href":"https:\/\/tiendaflex.ec\/en\/wp-json\/wp\/v2\/media?parent=22789"}],"wp:term":[{"taxonomy":"product_brand","embeddable":true,"href":"https:\/\/tiendaflex.ec\/en\/wp-json\/wp\/v2\/product_brand?post=22789"},{"taxonomy":"product_cat","embeddable":true,"href":"https:\/\/tiendaflex.ec\/en\/wp-json\/wp\/v2\/product_cat?post=22789"},{"taxonomy":"product_tag","embeddable":true,"href":"https:\/\/tiendaflex.ec\/en\/wp-json\/wp\/v2\/product_tag?post=22789"}],"curies":[{"name":"wp","href":"https:\/\/api.w.org\/{rel}","templated":true}]}}