{"id":22728,"date":"2025-08-29T18:00:33","date_gmt":"2025-08-29T23:00:33","guid":{"rendered":"https:\/\/tiendaflex.ec\/?post_type=product&#038;p=22728"},"modified":"2025-08-29T18:00:33","modified_gmt":"2025-08-29T23:00:33","slug":"dw317kp-sierra-caladora","status":"publish","type":"product","link":"https:\/\/tiendaflex.ec\/en\/product\/dw317kp-sierra-caladora\/","title":{"rendered":"DW317KP &#8211; SIERRA CALADORA"},"content":{"rendered":"","protected":false},"excerpt":{"rendered":"<p>Vers\u00e1til y potente, dise\u00f1ada para cortes precisos en madera con ajuste de \u00e1ngulo y control de velocidad.<\/p>\n<p>\u2714\ufe0f Marca: DeWalt<br \/>\n\u2714\ufe0f Modelo: DW317KP<br \/>\n\u2714\ufe0f Motor: 5.5 A<br \/>\n\u2714\ufe0f Velocidad: 0 a 3,100 RPM<br \/>\n\u2714\ufe0f Longitud de carrera: 1 pulgada<br \/>\n\u2714\ufe0f Corte: 0 a 45\u00b0<\/p>\n<p>\ud83d\udcde Cont\u00e1ctanos: +593984123231<\/p>\n<p>\u2705 Ideal para profesionales que buscan precisi\u00f3n y versatilidad en sus cortes.<\/p>","protected":false},"featured_media":22709,"comment_status":"open","ping_status":"closed","template":"","meta":{"_acf_changed":false},"product_brand":[],"product_cat":[544,559],"product_tag":[],"class_list":{"0":"post-22728","1":"product","2":"type-product","3":"status-publish","4":"has-post-thumbnail","6":"product_cat-agricultura-e-industria","7":"product_cat-sierras","9":"first","10":"instock","11":"sale","12":"taxable","13":"shipping-taxable","14":"purchasable","15":"product-type-simple"},"acf":[],"_links":{"self":[{"href":"https:\/\/tiendaflex.ec\/en\/wp-json\/wp\/v2\/product\/22728","targetHints":{"allow":["GET"]}}],"collection":[{"href":"https:\/\/tiendaflex.ec\/en\/wp-json\/wp\/v2\/product"}],"about":[{"href":"https:\/\/tiendaflex.ec\/en\/wp-json\/wp\/v2\/types\/product"}],"replies":[{"embeddable":true,"href":"https:\/\/tiendaflex.ec\/en\/wp-json\/wp\/v2\/comments?post=22728"}],"version-history":[{"count":1,"href":"https:\/\/tiendaflex.ec\/en\/wp-json\/wp\/v2\/product\/22728\/revisions"}],"predecessor-version":[{"id":22729,"href":"https:\/\/tiendaflex.ec\/en\/wp-json\/wp\/v2\/product\/22728\/revisions\/22729"}],"wp:featuredmedia":[{"embeddable":true,"href":"https:\/\/tiendaflex.ec\/en\/wp-json\/wp\/v2\/media\/22709"}],"wp:attachment":[{"href":"https:\/\/tiendaflex.ec\/en\/wp-json\/wp\/v2\/media?parent=22728"}],"wp:term":[{"taxonomy":"product_brand","embeddable":true,"href":"https:\/\/tiendaflex.ec\/en\/wp-json\/wp\/v2\/product_brand?post=22728"},{"taxonomy":"product_cat","embeddable":true,"href":"https:\/\/tiendaflex.ec\/en\/wp-json\/wp\/v2\/product_cat?post=22728"},{"taxonomy":"product_tag","embeddable":true,"href":"https:\/\/tiendaflex.ec\/en\/wp-json\/wp\/v2\/product_tag?post=22728"}],"curies":[{"name":"wp","href":"https:\/\/api.w.org\/{rel}","templated":true}]}}