{"id":22726,"date":"2025-08-29T17:58:36","date_gmt":"2025-08-29T22:58:36","guid":{"rendered":"https:\/\/tiendaflex.ec\/?post_type=product&#038;p=22726"},"modified":"2025-08-29T17:58:36","modified_gmt":"2025-08-29T22:58:36","slug":"dw331k-sierra-caladora","status":"publish","type":"product","link":"https:\/\/tiendaflex.ec\/en\/product\/dw331k-sierra-caladora\/","title":{"rendered":"DW331K &#8211; SIERRA CALADORA"},"content":{"rendered":"","protected":false},"excerpt":{"rendered":"<p>Vers\u00e1til y precisa, ideal para cortes en madera con acci\u00f3n pendular para un desempe\u00f1o m\u00e1s eficiente.<\/p>\n<p>\u2714\ufe0f Marca: DeWalt<br \/>\n\u2714\ufe0f Modelo: DW331K<br \/>\n\u2714\ufe0f Potencia de salida: 445 W<br \/>\n\u2714\ufe0f Potencia nominal: 700 W<br \/>\n\u2714\ufe0f Longitud del trazo: 26 mm<br \/>\n\u2714\ufe0f Capacidad m\u00e1xima de corte en madera: 130 mm<br \/>\n\u2714\ufe0f Peso: 3 kg<br \/>\n\u2714\ufe0f Dimensiones: 250 mm (longitud) x 210 mm (altura)<br \/>\n\u2714\ufe0f Acci\u00f3n pendular<\/p>\n<p>Incluye:<br \/>\n\ud83d\udd39 (1) Llave de ajuste Allen<br \/>\n\ud83d\udd39 (2) Hojas<br \/>\n\ud83d\udd39 (1) Base antiastillas<\/p>\n<p>\ud83d\udcde Cont\u00e1ctanos: +593984123231<\/p>\n<p>\u2705 La opci\u00f3n perfecta para cortes precisos y trabajos profesionales en madera.<\/p>","protected":false},"featured_media":22708,"comment_status":"open","ping_status":"closed","template":"","meta":{"_acf_changed":false},"product_brand":[],"product_cat":[544,559],"product_tag":[],"class_list":{"0":"post-22726","1":"product","2":"type-product","3":"status-publish","4":"has-post-thumbnail","6":"product_cat-agricultura-e-industria","7":"product_cat-sierras","9":"first","10":"instock","11":"sale","12":"taxable","13":"shipping-taxable","14":"purchasable","15":"product-type-simple"},"acf":[],"_links":{"self":[{"href":"https:\/\/tiendaflex.ec\/en\/wp-json\/wp\/v2\/product\/22726","targetHints":{"allow":["GET"]}}],"collection":[{"href":"https:\/\/tiendaflex.ec\/en\/wp-json\/wp\/v2\/product"}],"about":[{"href":"https:\/\/tiendaflex.ec\/en\/wp-json\/wp\/v2\/types\/product"}],"replies":[{"embeddable":true,"href":"https:\/\/tiendaflex.ec\/en\/wp-json\/wp\/v2\/comments?post=22726"}],"version-history":[{"count":1,"href":"https:\/\/tiendaflex.ec\/en\/wp-json\/wp\/v2\/product\/22726\/revisions"}],"predecessor-version":[{"id":22727,"href":"https:\/\/tiendaflex.ec\/en\/wp-json\/wp\/v2\/product\/22726\/revisions\/22727"}],"wp:featuredmedia":[{"embeddable":true,"href":"https:\/\/tiendaflex.ec\/en\/wp-json\/wp\/v2\/media\/22708"}],"wp:attachment":[{"href":"https:\/\/tiendaflex.ec\/en\/wp-json\/wp\/v2\/media?parent=22726"}],"wp:term":[{"taxonomy":"product_brand","embeddable":true,"href":"https:\/\/tiendaflex.ec\/en\/wp-json\/wp\/v2\/product_brand?post=22726"},{"taxonomy":"product_cat","embeddable":true,"href":"https:\/\/tiendaflex.ec\/en\/wp-json\/wp\/v2\/product_cat?post=22726"},{"taxonomy":"product_tag","embeddable":true,"href":"https:\/\/tiendaflex.ec\/en\/wp-json\/wp\/v2\/product_tag?post=22726"}],"curies":[{"name":"wp","href":"https:\/\/api.w.org\/{rel}","templated":true}]}}