{"id":22716,"date":"2025-08-29T17:43:24","date_gmt":"2025-08-29T22:43:24","guid":{"rendered":"https:\/\/tiendaflex.ec\/?post_type=product&#038;p=22716"},"modified":"2025-09-16T14:44:07","modified_gmt":"2025-09-16T19:44:07","slug":"dwe4577-amoladora-7","status":"publish","type":"product","link":"https:\/\/tiendaflex.ec\/en\/product\/dwe4577-amoladora-7\/","title":{"rendered":"DWE4577 &#8211; AMOLADORA 7\u201d"},"content":{"rendered":"","protected":false},"excerpt":{"rendered":"<p>Potente y confiable para trabajos exigentes de corte y esmerilado, dise\u00f1ada para brindar seguridad y durabilidad.<\/p>\n<p>\u2714\ufe0f Marca: DeWalt<br \/>\n\u2714\ufe0f Modelo: DWE4577<br \/>\n\u2714\ufe0f Potencia: 2,700 W \/ 4.7 HP<br \/>\n\u2714\ufe0f Velocidad sin carga: 8,500 RPM<br \/>\n\u2714\ufe0f Eje: 5\/8\u201d<br \/>\n\u2714\ufe0f Capacidad de disco: 7\u201d<br \/>\n\u2714\ufe0f Carbones de auto-desconexi\u00f3n: S\u00ed<br \/>\n\u2714\ufe0f Protecci\u00f3n de abrasi\u00f3n: Sistema de extracci\u00f3n de polvo<br \/>\n\u2714\ufe0f Gatillo Lock Off: S\u00ed<br \/>\n\u2714\ufe0f Embrague electr\u00f3nico: No<br \/>\n\u2714\ufe0f Embrague mec\u00e1nico: No<br \/>\n\u2714\ufe0f Peso: 5.6 kg \/ 12.34 lb<\/p>\n<p>\ud83d\udcde Cont\u00e1ctanos: +593984123231<\/p>\n<p>\u2705 Ideal para profesionales que buscan potencia, control y seguridad en cada corte.<\/p>","protected":false},"featured_media":22713,"comment_status":"open","ping_status":"closed","template":"","meta":{"_acf_changed":false},"product_brand":[],"product_cat":[544,616],"product_tag":[],"class_list":{"0":"post-22716","1":"product","2":"type-product","3":"status-publish","4":"has-post-thumbnail","6":"product_cat-agricultura-e-industria","7":"product_cat-amoladoras","9":"first","10":"instock","11":"sale","12":"taxable","13":"shipping-taxable","14":"purchasable","15":"product-type-simple"},"acf":[],"_links":{"self":[{"href":"https:\/\/tiendaflex.ec\/en\/wp-json\/wp\/v2\/product\/22716","targetHints":{"allow":["GET"]}}],"collection":[{"href":"https:\/\/tiendaflex.ec\/en\/wp-json\/wp\/v2\/product"}],"about":[{"href":"https:\/\/tiendaflex.ec\/en\/wp-json\/wp\/v2\/types\/product"}],"replies":[{"embeddable":true,"href":"https:\/\/tiendaflex.ec\/en\/wp-json\/wp\/v2\/comments?post=22716"}],"version-history":[{"count":1,"href":"https:\/\/tiendaflex.ec\/en\/wp-json\/wp\/v2\/product\/22716\/revisions"}],"predecessor-version":[{"id":22717,"href":"https:\/\/tiendaflex.ec\/en\/wp-json\/wp\/v2\/product\/22716\/revisions\/22717"}],"wp:featuredmedia":[{"embeddable":true,"href":"https:\/\/tiendaflex.ec\/en\/wp-json\/wp\/v2\/media\/22713"}],"wp:attachment":[{"href":"https:\/\/tiendaflex.ec\/en\/wp-json\/wp\/v2\/media?parent=22716"}],"wp:term":[{"taxonomy":"product_brand","embeddable":true,"href":"https:\/\/tiendaflex.ec\/en\/wp-json\/wp\/v2\/product_brand?post=22716"},{"taxonomy":"product_cat","embeddable":true,"href":"https:\/\/tiendaflex.ec\/en\/wp-json\/wp\/v2\/product_cat?post=22716"},{"taxonomy":"product_tag","embeddable":true,"href":"https:\/\/tiendaflex.ec\/en\/wp-json\/wp\/v2\/product_tag?post=22716"}],"curies":[{"name":"wp","href":"https:\/\/api.w.org\/{rel}","templated":true}]}}