{"id":22698,"date":"2025-08-28T21:40:55","date_gmt":"2025-08-29T02:40:55","guid":{"rendered":"https:\/\/tiendaflex.ec\/?post_type=product&#038;p=22698"},"modified":"2025-08-28T21:40:55","modified_gmt":"2025-08-29T02:40:55","slug":"dwe4579-esmeriladora-9","status":"publish","type":"product","link":"https:\/\/tiendaflex.ec\/en\/product\/dwe4579-esmeriladora-9\/","title":{"rendered":"DWE4579 &#8211; ESMERILADORA 9\u201d"},"content":{"rendered":"","protected":false},"excerpt":{"rendered":"<p>M\u00e1xima potencia y seguridad en cada corte. Dise\u00f1ada para trabajos pesados e industriales, con la calidad inconfundible de DeWalt.<\/p>\n<p>\u2714\ufe0f Marca: DeWalt<br \/>\n\u2714\ufe0f Modelo: DWE4579<br \/>\n\u2714\ufe0f Potencia: 2700W<br \/>\n\u2714\ufe0f Velocidad sin carga: 6,500 rpm<br \/>\n\u2714\ufe0f Capacidad de disco: 9\u201d (230 mm)<br \/>\n\u2714\ufe0f Stock disponible: 46 unidades<br \/>\n\u2714\ufe0f SKU: 6HD0623-UN<\/p>\n<p>\ud83d\udd38 Caracter\u00edsticas destacadas:<\/p>\n<p>Carbones con auto-desconexi\u00f3n para mayor durabilidad<\/p>\n<p>Gatillo Lock-Off para evitar arranques accidentales<\/p>\n<p>Embrague el\u00e9ctrico y mec\u00e1nico para mayor protecci\u00f3n y control<\/p>\n<p>Guarda sin llave para cambios r\u00e1pidos y seguros<\/p>\n<p>Indicador LED de sobrecarga, que protege el motor y prolonga la vida \u00fatil<\/p>\n<p>\ud83d\udcde Cont\u00e1ctanos: +593984123231<\/p>\n<p>\u2705 Seguridad, potencia y resistencia para profesionales que exigen lo mejor.<\/p>","protected":false},"featured_media":22644,"comment_status":"open","ping_status":"closed","template":"","meta":{"_acf_changed":false},"product_brand":[],"product_cat":[544,702],"product_tag":[],"class_list":{"0":"post-22698","1":"product","2":"type-product","3":"status-publish","4":"has-post-thumbnail","6":"product_cat-agricultura-e-industria","7":"product_cat-esmeriladoras","9":"first","10":"instock","11":"sale","12":"taxable","13":"shipping-taxable","14":"purchasable","15":"product-type-simple"},"acf":[],"_links":{"self":[{"href":"https:\/\/tiendaflex.ec\/en\/wp-json\/wp\/v2\/product\/22698","targetHints":{"allow":["GET"]}}],"collection":[{"href":"https:\/\/tiendaflex.ec\/en\/wp-json\/wp\/v2\/product"}],"about":[{"href":"https:\/\/tiendaflex.ec\/en\/wp-json\/wp\/v2\/types\/product"}],"replies":[{"embeddable":true,"href":"https:\/\/tiendaflex.ec\/en\/wp-json\/wp\/v2\/comments?post=22698"}],"version-history":[{"count":2,"href":"https:\/\/tiendaflex.ec\/en\/wp-json\/wp\/v2\/product\/22698\/revisions"}],"predecessor-version":[{"id":24357,"href":"https:\/\/tiendaflex.ec\/en\/wp-json\/wp\/v2\/product\/22698\/revisions\/24357"}],"wp:featuredmedia":[{"embeddable":true,"href":"https:\/\/tiendaflex.ec\/en\/wp-json\/wp\/v2\/media\/22644"}],"wp:attachment":[{"href":"https:\/\/tiendaflex.ec\/en\/wp-json\/wp\/v2\/media?parent=22698"}],"wp:term":[{"taxonomy":"product_brand","embeddable":true,"href":"https:\/\/tiendaflex.ec\/en\/wp-json\/wp\/v2\/product_brand?post=22698"},{"taxonomy":"product_cat","embeddable":true,"href":"https:\/\/tiendaflex.ec\/en\/wp-json\/wp\/v2\/product_cat?post=22698"},{"taxonomy":"product_tag","embeddable":true,"href":"https:\/\/tiendaflex.ec\/en\/wp-json\/wp\/v2\/product_tag?post=22698"}],"curies":[{"name":"wp","href":"https:\/\/api.w.org\/{rel}","templated":true}]}}