{"id":22682,"date":"2025-08-28T21:23:12","date_gmt":"2025-08-29T02:23:12","guid":{"rendered":"https:\/\/tiendaflex.ec\/?post_type=product&#038;p=22682"},"modified":"2025-08-28T21:23:12","modified_gmt":"2025-08-29T02:23:12","slug":"dwe5615-b3-sierra-7-1-4","status":"publish","type":"product","link":"https:\/\/tiendaflex.ec\/en\/product\/dwe5615-b3-sierra-7-1-4\/","title":{"rendered":"DWE5615-B3 &#8211; SIERRA 7 1\/4&#8243;"},"content":{"rendered":"","protected":false},"excerpt":{"rendered":"<p>Sierra circular potente y compacta, ideal para cortes transversales, biselados y uso general en madera. Ligera, f\u00e1cil de manejar y dise\u00f1ada para profesionales que buscan precisi\u00f3n y durabilidad.<\/p>\n<p>\u2714\ufe0f Marca: DeWalt<br \/>\n\u2714\ufe0f Modelo: DWE5615-B3<br \/>\n\u2714\ufe0f Potencia: 1500 W<br \/>\n\u2714\ufe0f Di\u00e1metro de disco: 7 1\/4&#8243;\u00bb (185 mm)<br \/>\n\u2714\ufe0f Profundidad de corte m\u00e1xima: 68 mm<br \/>\n\u2714\ufe0f Caracter\u00edsticas adicionales:<br \/>\n\u2022 Motor de alta potencia para mayor rendimiento<br \/>\n\u2022 Soplador de polvo integrado<br \/>\n\u2022 Compatible con sistema DEWALT AirLock<br \/>\n\u2022 Mango adicional para trabajo seguro con ambas manos<br \/>\n\u2714\ufe0f Incluye:<br \/>\n\u2022 1 Sierra circular el\u00e9ctrica 1500W<br \/>\n\u2022 1 Hoja de sierra 24DT<br \/>\n\u2022 1 Cerca de corte<br \/>\n\u2022 1 Llave hex<br \/>\n\u2022 1 Boca de extracci\u00f3n de polvo<\/p>\n<p>\ud83d\udcde Contacto: +593984123231<\/p>\n<p>\u00a1Potencia y precisi\u00f3n en cada corte!<\/p>","protected":false},"featured_media":22627,"comment_status":"open","ping_status":"closed","template":"","meta":{"_acf_changed":false},"product_brand":[],"product_cat":[544,559],"product_tag":[],"class_list":{"0":"post-22682","1":"product","2":"type-product","3":"status-publish","4":"has-post-thumbnail","6":"product_cat-agricultura-e-industria","7":"product_cat-sierras","9":"first","10":"instock","11":"sale","12":"taxable","13":"shipping-taxable","14":"purchasable","15":"product-type-simple"},"acf":[],"_links":{"self":[{"href":"https:\/\/tiendaflex.ec\/en\/wp-json\/wp\/v2\/product\/22682","targetHints":{"allow":["GET"]}}],"collection":[{"href":"https:\/\/tiendaflex.ec\/en\/wp-json\/wp\/v2\/product"}],"about":[{"href":"https:\/\/tiendaflex.ec\/en\/wp-json\/wp\/v2\/types\/product"}],"replies":[{"embeddable":true,"href":"https:\/\/tiendaflex.ec\/en\/wp-json\/wp\/v2\/comments?post=22682"}],"version-history":[{"count":1,"href":"https:\/\/tiendaflex.ec\/en\/wp-json\/wp\/v2\/product\/22682\/revisions"}],"predecessor-version":[{"id":22683,"href":"https:\/\/tiendaflex.ec\/en\/wp-json\/wp\/v2\/product\/22682\/revisions\/22683"}],"wp:featuredmedia":[{"embeddable":true,"href":"https:\/\/tiendaflex.ec\/en\/wp-json\/wp\/v2\/media\/22627"}],"wp:attachment":[{"href":"https:\/\/tiendaflex.ec\/en\/wp-json\/wp\/v2\/media?parent=22682"}],"wp:term":[{"taxonomy":"product_brand","embeddable":true,"href":"https:\/\/tiendaflex.ec\/en\/wp-json\/wp\/v2\/product_brand?post=22682"},{"taxonomy":"product_cat","embeddable":true,"href":"https:\/\/tiendaflex.ec\/en\/wp-json\/wp\/v2\/product_cat?post=22682"},{"taxonomy":"product_tag","embeddable":true,"href":"https:\/\/tiendaflex.ec\/en\/wp-json\/wp\/v2\/product_tag?post=22682"}],"curies":[{"name":"wp","href":"https:\/\/api.w.org\/{rel}","templated":true}]}}