{"id":22680,"date":"2025-08-28T21:20:55","date_gmt":"2025-08-29T02:20:55","guid":{"rendered":"https:\/\/tiendaflex.ec\/?post_type=product&#038;p=22680"},"modified":"2025-08-28T21:20:55","modified_gmt":"2025-08-29T02:20:55","slug":"dws780-sierra-ingleteadora-12","status":"publish","type":"product","link":"https:\/\/tiendaflex.ec\/en\/product\/dws780-sierra-ingleteadora-12\/","title":{"rendered":"DWS780 &#8211; SIERRA INGLETEADORA 12&#8243;"},"content":{"rendered":"","protected":false},"excerpt":{"rendered":"<p>Sierra ingleteadora telesc\u00f3pica profesional con gu\u00eda XPS para cortes precisos en madera dimensional. Ideal para carpinter\u00eda y proyectos exigentes, con capacidad de inglete ampliada y robusta estructura.<\/p>\n<p>\u2714\ufe0f Marca: DeWalt<br \/>\n\u2714\ufe0f Modelo: DWS780<br \/>\n\u2714\ufe0f Potencia: 1675 W<br \/>\n\u2714\ufe0f Velocidad de la hoja: 3800 RPM<br \/>\n\u2714\ufe0f Di\u00e1metro del disco: 12&#8243;\u00bb (305 mm)<br \/>\n\u2714\ufe0f Capacidad de corte 90\u00b0\/90\u00b0: 303 x 110 mm<br \/>\n\u2714\ufe0f Capacidad de corte 45\u00b0\/45\u00b0: 211 x 63 mm<br \/>\n\u2714\ufe0f Profundidad m\u00e1xima de corte: 170 mm<br \/>\n\u2714\ufe0f Accesorios incluidos:<br \/>\n\u2022 Llave de ajuste<br \/>\n\u2022 Disco 12&#8243;\u00bb<br \/>\n\u2022 Bolsa recolectora<br \/>\n\u2022 Prensa de ajuste vertical<br \/>\n\u2714\ufe0f Recolecci\u00f3n de polvo: S\u00ed<br \/>\n\u2714\ufe0f Peso: 25.5 Kg<br \/>\n\u2714\ufe0f Altura: 396 mm<br \/>\n\u2714\ufe0f Longitud: 770 mm<br \/>\n\u2714\ufe0f Garant\u00eda: 3 a\u00f1os limitada + 1 a\u00f1o mantenimiento gratis + 90 d\u00edas satisfacci\u00f3n garantizada<\/p>\n<p>\ud83d\udcde Contacto: +593984123231<\/p>\n<p>\u00a1Precisi\u00f3n y potencia para los cortes m\u00e1s exigentes!<\/p>","protected":false},"featured_media":22626,"comment_status":"open","ping_status":"closed","template":"","meta":{"_acf_changed":false},"product_brand":[],"product_cat":[544,559],"product_tag":[],"class_list":{"0":"post-22680","1":"product","2":"type-product","3":"status-publish","4":"has-post-thumbnail","6":"product_cat-agricultura-e-industria","7":"product_cat-sierras","9":"first","10":"instock","11":"sale","12":"taxable","13":"shipping-taxable","14":"purchasable","15":"product-type-simple"},"acf":[],"_links":{"self":[{"href":"https:\/\/tiendaflex.ec\/en\/wp-json\/wp\/v2\/product\/22680","targetHints":{"allow":["GET"]}}],"collection":[{"href":"https:\/\/tiendaflex.ec\/en\/wp-json\/wp\/v2\/product"}],"about":[{"href":"https:\/\/tiendaflex.ec\/en\/wp-json\/wp\/v2\/types\/product"}],"replies":[{"embeddable":true,"href":"https:\/\/tiendaflex.ec\/en\/wp-json\/wp\/v2\/comments?post=22680"}],"version-history":[{"count":1,"href":"https:\/\/tiendaflex.ec\/en\/wp-json\/wp\/v2\/product\/22680\/revisions"}],"predecessor-version":[{"id":22681,"href":"https:\/\/tiendaflex.ec\/en\/wp-json\/wp\/v2\/product\/22680\/revisions\/22681"}],"wp:featuredmedia":[{"embeddable":true,"href":"https:\/\/tiendaflex.ec\/en\/wp-json\/wp\/v2\/media\/22626"}],"wp:attachment":[{"href":"https:\/\/tiendaflex.ec\/en\/wp-json\/wp\/v2\/media?parent=22680"}],"wp:term":[{"taxonomy":"product_brand","embeddable":true,"href":"https:\/\/tiendaflex.ec\/en\/wp-json\/wp\/v2\/product_brand?post=22680"},{"taxonomy":"product_cat","embeddable":true,"href":"https:\/\/tiendaflex.ec\/en\/wp-json\/wp\/v2\/product_cat?post=22680"},{"taxonomy":"product_tag","embeddable":true,"href":"https:\/\/tiendaflex.ec\/en\/wp-json\/wp\/v2\/product_tag?post=22680"}],"curies":[{"name":"wp","href":"https:\/\/api.w.org\/{rel}","templated":true}]}}