{"id":22678,"date":"2025-08-28T21:19:11","date_gmt":"2025-08-29T02:19:11","guid":{"rendered":"https:\/\/tiendaflex.ec\/?post_type=product&#038;p=22678"},"modified":"2025-08-28T21:19:11","modified_gmt":"2025-08-29T02:19:11","slug":"dws715-sierra-12","status":"publish","type":"product","link":"https:\/\/tiendaflex.ec\/en\/product\/dws715-sierra-12\/","title":{"rendered":"DWS715 &#8211; SIERRA 12&#8243;"},"content":{"rendered":"","protected":false},"excerpt":{"rendered":"<p>Sierra ingleteadora profesional ideal para cortes precisos en madera dimensional, molduras y proyectos de carpinter\u00eda exigentes. Dise\u00f1o robusto con valla deslizante alta para mayor precisi\u00f3n.<\/p>\n<p>\u2714\ufe0f Marca: DeWalt<br \/>\n\u2714\ufe0f Modelo: DWS715<br \/>\n\u2714\ufe0f Potencia: 1600 W<br \/>\n\u2714\ufe0f Velocidad: 4000 RPM<br \/>\n\u2714\ufe0f Di\u00e1metro del disco: 12&#8243;\u00bb<br \/>\n\u2714\ufe0f Di\u00e1metro del eje: 5\/8&#8243;\u00bb o 1&#8243;\u00bb<br \/>\n\u2714\ufe0f Capacidad de corte transversal: 2&#8243;\u00bbx8&#8243;\u00bb a 90\u00b0 \/ 2&#8243;\u00bbx6&#8243;\u00bb a 45\u00b0<br \/>\n\u2714\ufe0f Biseles: 0\u00b0\u201348\u00b0 izquierda \/ 0\u00b0\u20133\u00b0 derecha<br \/>\n\u2714\ufe0f Peso: 16.3 Kg (36 lbs)<br \/>\n\u2714\ufe0f Incluye:<br \/>\n\u2022 Hoja con punta de carburo 12&#8243;\u00bb<br \/>\n\u2022 Llave<br \/>\n\u2022 Bolsa de polvo<br \/>\n\u2022 Abrazadera vertical<\/p>\n<p>\ud83d\udcde Contacto: +593984123231<\/p>\n<p>\u00a1Cortes precisos y eficientes para tus proyectos m\u00e1s exigentes!<\/p>","protected":false},"featured_media":22625,"comment_status":"open","ping_status":"closed","template":"","meta":{"_acf_changed":false},"product_brand":[],"product_cat":[544,559],"product_tag":[],"class_list":{"0":"post-22678","1":"product","2":"type-product","3":"status-publish","4":"has-post-thumbnail","6":"product_cat-agricultura-e-industria","7":"product_cat-sierras","9":"first","10":"instock","11":"sale","12":"taxable","13":"shipping-taxable","14":"purchasable","15":"product-type-simple"},"acf":[],"_links":{"self":[{"href":"https:\/\/tiendaflex.ec\/en\/wp-json\/wp\/v2\/product\/22678","targetHints":{"allow":["GET"]}}],"collection":[{"href":"https:\/\/tiendaflex.ec\/en\/wp-json\/wp\/v2\/product"}],"about":[{"href":"https:\/\/tiendaflex.ec\/en\/wp-json\/wp\/v2\/types\/product"}],"replies":[{"embeddable":true,"href":"https:\/\/tiendaflex.ec\/en\/wp-json\/wp\/v2\/comments?post=22678"}],"version-history":[{"count":1,"href":"https:\/\/tiendaflex.ec\/en\/wp-json\/wp\/v2\/product\/22678\/revisions"}],"predecessor-version":[{"id":22679,"href":"https:\/\/tiendaflex.ec\/en\/wp-json\/wp\/v2\/product\/22678\/revisions\/22679"}],"wp:featuredmedia":[{"embeddable":true,"href":"https:\/\/tiendaflex.ec\/en\/wp-json\/wp\/v2\/media\/22625"}],"wp:attachment":[{"href":"https:\/\/tiendaflex.ec\/en\/wp-json\/wp\/v2\/media?parent=22678"}],"wp:term":[{"taxonomy":"product_brand","embeddable":true,"href":"https:\/\/tiendaflex.ec\/en\/wp-json\/wp\/v2\/product_brand?post=22678"},{"taxonomy":"product_cat","embeddable":true,"href":"https:\/\/tiendaflex.ec\/en\/wp-json\/wp\/v2\/product_cat?post=22678"},{"taxonomy":"product_tag","embeddable":true,"href":"https:\/\/tiendaflex.ec\/en\/wp-json\/wp\/v2\/product_tag?post=22678"}],"curies":[{"name":"wp","href":"https:\/\/api.w.org\/{rel}","templated":true}]}}