{"id":22676,"date":"2025-08-28T21:17:45","date_gmt":"2025-08-29T02:17:45","guid":{"rendered":"https:\/\/tiendaflex.ec\/?post_type=product&#038;p=22676"},"modified":"2025-08-28T21:17:45","modified_gmt":"2025-08-29T02:17:45","slug":"dw713-ingleteadora-10","status":"publish","type":"product","link":"https:\/\/tiendaflex.ec\/en\/product\/dw713-ingleteadora-10\/","title":{"rendered":"DW713 &#8211; INGLETEADORA 10&#8243;"},"content":{"rendered":"","protected":false},"excerpt":{"rendered":"<p>Potente ingleteadora el\u00e9ctrica ideal para cortes precisos en molduras, rodapi\u00e9s y madera en general. Perfecta para carpinter\u00eda profesional y proyectos exigentes.<\/p>\n<p>\u2714\ufe0f Marca: DeWalt<br \/>\n\u2714\ufe0f Modelo: DW713<br \/>\n\u2714\ufe0f Potencia: 1600W \/ 15A<br \/>\n\u2714\ufe0f Velocidad sin carga: 5000 RPM<br \/>\n\u2714\ufe0f Di\u00e1metro del disco: 10&#8243;\u00bb<br \/>\n\u2714\ufe0f Biselado: 45\u00b0 (2&#215;6&#8243;\u00bb)<br \/>\n\u2714\ufe0f Transversal: 90\u00b0 (2&#215;4&#8243;\u00bb)<br \/>\n\u2714\ufe0f Capacidad rodapies\/molduras: 3-1\/2&#8243;\u00bb a 5-1\/4&#8243;\u00bb<br \/>\n\u2714\ufe0f Tipo de disco: Carburo 40D<br \/>\n\u2714\ufe0f Incluye: Bolsa recolectora y llave<\/p>\n<p>\ud83d\udcde Contacto: +593984123231<\/p>\n<p>\u00a1Logra cortes precisos y profesionales en cada proyecto!<\/p>","protected":false},"featured_media":22624,"comment_status":"open","ping_status":"closed","template":"","meta":{"_acf_changed":false},"product_brand":[],"product_cat":[544,559],"product_tag":[],"class_list":{"0":"post-22676","1":"product","2":"type-product","3":"status-publish","4":"has-post-thumbnail","6":"product_cat-agricultura-e-industria","7":"product_cat-sierras","9":"first","10":"instock","11":"sale","12":"taxable","13":"shipping-taxable","14":"purchasable","15":"product-type-simple"},"acf":[],"_links":{"self":[{"href":"https:\/\/tiendaflex.ec\/en\/wp-json\/wp\/v2\/product\/22676","targetHints":{"allow":["GET"]}}],"collection":[{"href":"https:\/\/tiendaflex.ec\/en\/wp-json\/wp\/v2\/product"}],"about":[{"href":"https:\/\/tiendaflex.ec\/en\/wp-json\/wp\/v2\/types\/product"}],"replies":[{"embeddable":true,"href":"https:\/\/tiendaflex.ec\/en\/wp-json\/wp\/v2\/comments?post=22676"}],"version-history":[{"count":1,"href":"https:\/\/tiendaflex.ec\/en\/wp-json\/wp\/v2\/product\/22676\/revisions"}],"predecessor-version":[{"id":22677,"href":"https:\/\/tiendaflex.ec\/en\/wp-json\/wp\/v2\/product\/22676\/revisions\/22677"}],"wp:featuredmedia":[{"embeddable":true,"href":"https:\/\/tiendaflex.ec\/en\/wp-json\/wp\/v2\/media\/22624"}],"wp:attachment":[{"href":"https:\/\/tiendaflex.ec\/en\/wp-json\/wp\/v2\/media?parent=22676"}],"wp:term":[{"taxonomy":"product_brand","embeddable":true,"href":"https:\/\/tiendaflex.ec\/en\/wp-json\/wp\/v2\/product_brand?post=22676"},{"taxonomy":"product_cat","embeddable":true,"href":"https:\/\/tiendaflex.ec\/en\/wp-json\/wp\/v2\/product_cat?post=22676"},{"taxonomy":"product_tag","embeddable":true,"href":"https:\/\/tiendaflex.ec\/en\/wp-json\/wp\/v2\/product_tag?post=22676"}],"curies":[{"name":"wp","href":"https:\/\/api.w.org\/{rel}","templated":true}]}}