{"id":22668,"date":"2025-08-28T21:07:34","date_gmt":"2025-08-29T02:07:34","guid":{"rendered":"https:\/\/tiendaflex.ec\/?post_type=product&#038;p=22668"},"modified":"2025-08-28T21:08:17","modified_gmt":"2025-08-29T02:08:17","slug":"dwe625-rebajadora-3hp","status":"publish","type":"product","link":"https:\/\/tiendaflex.ec\/en\/product\/dwe625-rebajadora-3hp\/","title":{"rendered":"DWE625 &#8211; REBAJADORA 3HP"},"content":{"rendered":"","protected":false},"excerpt":{"rendered":"<p>Potencia y precisi\u00f3n con velocidad variable, ajustes de profundidad y cambios de accesorios con una sola llave. Ideal para trabajos de carpinter\u00eda con m\u00e1xima eficiencia.<\/p>\n<p>\u2714\ufe0f Marca: DeWalt<br \/>\n\u2714\ufe0f Modelo: DWE625<br \/>\n\u2714\ufe0f Motor: 3 HP<br \/>\n\u2714\ufe0f Velocidad variable: 9,000 \u2013 22,000 RPM<br \/>\n\u2714\ufe0f Peso: 6 Kg<br \/>\n\u2714\ufe0f Empu\u00f1aduras: Ergon\u00f3micas para mayor comodidad<br \/>\n\u2714\ufe0f Garant\u00eda: 3 a\u00f1os limitada, 1 a\u00f1o de mantenimiento gratis, 90 d\u00edas de satisfacci\u00f3n garantizada<\/p>\n<p>\ud83d\udcde Contacto: +593984123231<\/p>\n<p>\u00a1Mayor precisi\u00f3n y control para tus proyectos m\u00e1s exigentes!<\/p>","protected":false},"featured_media":22640,"comment_status":"open","ping_status":"closed","template":"","meta":{"_acf_changed":false},"product_brand":[],"product_cat":[544,709],"product_tag":[],"class_list":{"0":"post-22668","1":"product","2":"type-product","3":"status-publish","4":"has-post-thumbnail","6":"product_cat-agricultura-e-industria","7":"product_cat-routers-y-rebajadoras","9":"first","10":"instock","11":"sale","12":"taxable","13":"shipping-taxable","14":"purchasable","15":"product-type-simple"},"acf":[],"_links":{"self":[{"href":"https:\/\/tiendaflex.ec\/en\/wp-json\/wp\/v2\/product\/22668","targetHints":{"allow":["GET"]}}],"collection":[{"href":"https:\/\/tiendaflex.ec\/en\/wp-json\/wp\/v2\/product"}],"about":[{"href":"https:\/\/tiendaflex.ec\/en\/wp-json\/wp\/v2\/types\/product"}],"replies":[{"embeddable":true,"href":"https:\/\/tiendaflex.ec\/en\/wp-json\/wp\/v2\/comments?post=22668"}],"version-history":[{"count":1,"href":"https:\/\/tiendaflex.ec\/en\/wp-json\/wp\/v2\/product\/22668\/revisions"}],"predecessor-version":[{"id":22669,"href":"https:\/\/tiendaflex.ec\/en\/wp-json\/wp\/v2\/product\/22668\/revisions\/22669"}],"wp:featuredmedia":[{"embeddable":true,"href":"https:\/\/tiendaflex.ec\/en\/wp-json\/wp\/v2\/media\/22640"}],"wp:attachment":[{"href":"https:\/\/tiendaflex.ec\/en\/wp-json\/wp\/v2\/media?parent=22668"}],"wp:term":[{"taxonomy":"product_brand","embeddable":true,"href":"https:\/\/tiendaflex.ec\/en\/wp-json\/wp\/v2\/product_brand?post=22668"},{"taxonomy":"product_cat","embeddable":true,"href":"https:\/\/tiendaflex.ec\/en\/wp-json\/wp\/v2\/product_cat?post=22668"},{"taxonomy":"product_tag","embeddable":true,"href":"https:\/\/tiendaflex.ec\/en\/wp-json\/wp\/v2\/product_tag?post=22668"}],"curies":[{"name":"wp","href":"https:\/\/api.w.org\/{rel}","templated":true}]}}